{"id":56407,"date":"2023-03-31T20:57:11","date_gmt":"2023-03-31T18:57:11","guid":{"rendered":"https:\/\/coruna.redeacampa.org\/?page_id=56407"},"modified":"2024-02-21T21:57:28","modified_gmt":"2024-02-21T20:57:28","slug":"escola","status":"publish","type":"page","link":"https:\/\/coruna.redeacampa.org\/gl\/escola\/","title":{"rendered":"Escola Acampa"},"content":{"rendered":"<p>[et_pb_section fb_built=&#8221;1&#8243; fullwidth=&#8221;on&#8221; custom_padding_last_edited=&#8221;on|desktop&#8221; admin_label=&#8221;section&#8221; _builder_version=&#8221;4.16&#8243; background_color=&#8221;#cd1619&#8243; custom_padding_tablet=&#8221;50px|0|50px|0&#8243; custom_padding_phone=&#8221;&#8221; transparent_background=&#8221;off&#8221; padding_mobile=&#8221;off&#8221; collapsed=&#8221;on&#8221; global_colors_info=&#8221;{}&#8221;][et_pb_fullwidth_header title=&#8221;Escola Acampa&#8221; subhead=&#8221;Pola paz e o dereito a refuxio&#8221; admin_label=&#8221;T\u00edtulo de anchura completa&#8221; _builder_version=&#8221;4.20.2&#8243; title_font=&#8221;|on|||&#8221; subhead_font=&#8221;||on||&#8221; background_color=&#8221;rgba(255, 255, 255, 0)&#8221; button_one_letter_spacing_hover=&#8221;0&#8243; button_two_letter_spacing_hover=&#8221;0&#8243; global_colors_info=&#8221;{}&#8221; button_one_text_size__hover_enabled=&#8221;off&#8221; button_two_text_size__hover_enabled=&#8221;off&#8221; button_one_text_color__hover_enabled=&#8221;off&#8221; button_two_text_color__hover_enabled=&#8221;off&#8221; button_one_border_width__hover_enabled=&#8221;off&#8221; button_two_border_width__hover_enabled=&#8221;off&#8221; button_one_border_color__hover_enabled=&#8221;off&#8221; button_two_border_color__hover_enabled=&#8221;off&#8221; button_one_border_radius__hover_enabled=&#8221;off&#8221; button_two_border_radius__hover_enabled=&#8221;off&#8221; button_one_letter_spacing__hover_enabled=&#8221;on&#8221; button_one_letter_spacing__hover=&#8221;0&#8243; button_two_letter_spacing__hover_enabled=&#8221;on&#8221; button_two_letter_spacing__hover=&#8221;0&#8243; button_one_bg_color__hover_enabled=&#8221;off&#8221; button_two_bg_color__hover_enabled=&#8221;off&#8221;][\/et_pb_fullwidth_header][\/et_pb_section][et_pb_section fb_built=&#8221;1&#8243; custom_padding_last_edited=&#8221;on|desktop&#8221; disabled_on=&#8221;off|off|off&#8221; admin_label=&#8221;section&#8221; _builder_version=&#8221;4.16&#8243; custom_padding_tablet=&#8221;50px|0|50px|0&#8243; custom_padding_phone=&#8221;&#8221; transparent_background=&#8221;off&#8221; padding_mobile=&#8221;off&#8221; collapsed=&#8221;off&#8221; global_colors_info=&#8221;{}&#8221;][et_pb_row _builder_version=&#8221;4.20.2&#8243; _module_preset=&#8221;default&#8221; global_colors_info=&#8221;{}&#8221;][et_pb_column type=&#8221;4_4&#8243; _builder_version=&#8221;4.20.2&#8243; _module_preset=&#8221;default&#8221; global_colors_info=&#8221;{}&#8221;][et_pb_text _builder_version=&#8221;4.20.2&#8243; _module_preset=&#8221;default&#8221; global_colors_info=&#8221;{}&#8221;]<\/p>\n<h1 style=\"text-align: center;\"><strong>ESCOLA ACAMPA DE DEREITOS HUMANOS<\/strong><\/h1>\n<p>[\/et_pb_text][et_pb_text _builder_version=&#8221;4.20.4&#8243; _module_preset=&#8221;default&#8221; global_colors_info=&#8221;{}&#8221;]<\/p>\n<p>Formaci\u00f3n continua ao f\u00edo da realidade e dos retos aos que temos que facer fronte coma sociedade. Ese foi o eixe ao redor do que nace a <span style=\"color: #cd1619;\"><strong>Escola Acampa de Dereitos Humanos<\/strong><\/span>.<\/p>\n<p>De n\u00f3s, para n\u00f3s. Para afondar no co\u00f1ecemento dos Dereitos Humanos e dos escenarios e as circunstancias nas que estos son vulnerados.<\/p>\n<p>A tem\u00e1tica ser\u00e1 ampla e o programa multidisciplinar. Tr\u00e1tase de que os membros da rede, de cada unha das asociaci\u00f3ns e colectivos que a integran, poidan especializarse, co\u00f1ecer a fondo a poli\u00e9drica realidade na que os DDHH te\u00f1en que facerse prevalecer.<\/p>\n<p>Falaremos de dereitos, pero tam\u00e9n de ameazas, de xenofobia, dos discursos de odio e a s\u00faa permeabilizaci\u00f3n social, da linguaxe que perpet\u00faa o racismo, da econom\u00eda e do capitalismo que esquilma bens e pisa dignidades\u2026 e far\u00e9molo da man de especialistas na materia convidados para que nos aprendan a manexar as ferramentas, os protocolos, os c\u00f3digos.<\/p>\n<p>[\/et_pb_text][\/et_pb_column][\/et_pb_row][\/et_pb_section][et_pb_section fb_built=&#8221;1&#8243; custom_padding_last_edited=&#8221;on|desktop&#8221; disabled_on=&#8221;off|off|off&#8221; admin_label=&#8221;section&#8221; _builder_version=&#8221;4.20.2&#8243; background_color=&#8221;#D6D6D6&#8243; custom_padding_tablet=&#8221;50px|0|50px|0&#8243; custom_padding_phone=&#8221;&#8221; transparent_background=&#8221;off&#8221; padding_mobile=&#8221;off&#8221; collapsed=&#8221;off&#8221; global_colors_info=&#8221;{}&#8221;][et_pb_row _builder_version=&#8221;4.20.2&#8243; _module_preset=&#8221;default&#8221; global_colors_info=&#8221;{}&#8221;][et_pb_column type=&#8221;4_4&#8243; _builder_version=&#8221;4.20.2&#8243; _module_preset=&#8221;default&#8221; global_colors_info=&#8221;{}&#8221;][et_pb_text _builder_version=&#8221;4.20.2&#8243; _module_preset=&#8221;default&#8221; global_colors_info=&#8221;{}&#8221;]<\/p>\n<h2 style=\"text-align: center;\"><strong>Primer Obradoiro<br \/><\/strong><\/h2>\n<p>&nbsp;<\/p>\n<h2 style=\"text-align: center;\"><strong>Identificar discursos de odio na comunicaci\u00f3n<\/strong><\/h2>\n<h4 style=\"text-align: right;\"><span style=\"color: #333333;\">14 y 21 de Abril de 2023<\/span><\/h4>\n<h4 style=\"text-align: right;\"><span style=\"color: #333333;\">Imparte: <strong>Natalia Monge<\/strong><\/span><\/h4>\n<p style=\"text-align: right;\"><span style=\"color: #333333;\">(Ecos do sur)<strong><br \/><\/strong><\/span><\/p>\n<p>[\/et_pb_text][et_pb_text admin_label=&#8221;Texto&#8221; _builder_version=&#8221;4.20.2&#8243; background_size=&#8221;initial&#8221; background_position=&#8221;top_left&#8221; background_repeat=&#8221;repeat&#8221; use_border_color=&#8221;off&#8221; border_color=&#8221;#ffffff&#8221; border_style=&#8221;solid&#8221; global_colors_info=&#8221;{}&#8221;]<\/p>\n<h2>Inscrici\u00f3n en:\u00a0 <i class=\"fa fa-envelope \" ><\/i> <a href=\"mailto:escola@redeacampa.org\">escola@redeacampa.org<\/a><\/h2>\n<p>[\/et_pb_text][\/et_pb_column][\/et_pb_row][\/et_pb_section][et_pb_section fb_built=&#8221;1&#8243; custom_padding_last_edited=&#8221;on|desktop&#8221; disabled_on=&#8221;off|off|off&#8221; admin_label=&#8221;section&#8221; _builder_version=&#8221;4.16&#8243; custom_padding_tablet=&#8221;50px|0|50px|0&#8243; custom_padding_phone=&#8221;&#8221; transparent_background=&#8221;off&#8221; padding_mobile=&#8221;off&#8221; collapsed=&#8221;off&#8221; global_colors_info=&#8221;{}&#8221;][et_pb_row column_structure=&#8221;2_5,3_5&#8243; padding_mobile=&#8221;off&#8221; column_padding_mobile=&#8221;on&#8221; admin_label=&#8221;row&#8221; _builder_version=&#8221;4.16&#8243; background_size=&#8221;initial&#8221; background_position=&#8221;top_left&#8221; background_repeat=&#8221;repeat&#8221; global_colors_info=&#8221;{}&#8221;][et_pb_column type=&#8221;2_5&#8243; _builder_version=&#8221;4.16&#8243; custom_padding=&#8221;|||&#8221; global_colors_info=&#8221;{}&#8221; custom_padding__hover=&#8221;|||&#8221;][et_pb_image alt=&#8221;Escola2 Natalia Monje&#8221; title_text=&#8221;Escola2 Natalia Monje&#8221; show_in_lightbox=&#8221;on&#8221; align_tablet=&#8221;center&#8221; align_phone=&#8221;&#8221; align_last_edited=&#8221;on|desktop&#8221; admin_label=&#8221;Imagen&#8221; _builder_version=&#8221;4.23.1&#8243; animation_style=&#8221;slide&#8221; animation_direction=&#8221;right&#8221; animation_duration=&#8221;500ms&#8221; animation_intensity_slide=&#8221;10%&#8221; hover_enabled=&#8221;0&#8243; use_border_color=&#8221;off&#8221; border_color=&#8221;#ffffff&#8221; border_style=&#8221;solid&#8221; animation=&#8221;right&#8221; sticky=&#8221;off&#8221; global_colors_info=&#8221;{}&#8221; src=&#8221;https:\/\/coruna.redeacampa.org\/wp-content\/uploads\/Escola2-Natalia-Monje.jpg&#8221; sticky_enabled=&#8221;0&#8243;][\/et_pb_image][\/et_pb_column][et_pb_column type=&#8221;3_5&#8243; _builder_version=&#8221;4.16&#8243; custom_padding=&#8221;|||&#8221; global_colors_info=&#8221;{}&#8221; custom_padding__hover=&#8221;|||&#8221;][et_pb_text disabled_on=&#8221;on|on|on&#8221; admin_label=&#8221;Text&#8221; _builder_version=&#8221;4.20.2&#8243; background_size=&#8221;initial&#8221; background_position=&#8221;top_left&#8221; background_repeat=&#8221;repeat&#8221; use_border_color=&#8221;off&#8221; border_color=&#8221;#ffffff&#8221; border_style=&#8221;solid&#8221; disabled=&#8221;on&#8221; global_colors_info=&#8221;{}&#8221;]<\/p>\n<h3>Mais Informaci\u00f3n<\/h3>\n<p>Tam\u00e9n podes po\u00f1erche en contacto connosco a trav\u00e9s do seguinte correo electr\u00f3nico.<\/p>\n<p><i class=\"fa fa-envelope \" ><\/i> <a href=\"mailto:escola@redeacampa.org\">escola@redeacampa.org<\/a><\/p>\n<p>[\/et_pb_text][et_pb_image src=&#8221;https:\/\/coruna.redeacampa.org\/wp-content\/uploads\/Escola1-Natalia-Monje.jpg&#8221; alt=&#8221;Escola1 Natalia Monje&#8221; title_text=&#8221;Escola1 Natalia Monje&#8221; show_in_lightbox=&#8221;on&#8221; _builder_version=&#8221;4.23.1&#8243; _module_preset=&#8221;default&#8221; hover_enabled=&#8221;0&#8243; global_colors_info=&#8221;{}&#8221; sticky_enabled=&#8221;0&#8243;][\/et_pb_image][et_pb_code disabled_on=&#8221;on|on|on&#8221; admin_label=&#8221;Inscricion_gl&#8221; module_class=&#8221;formContacto&#8221; _builder_version=&#8221;4.20.2&#8243; disabled=&#8221;on&#8221; global_colors_info=&#8221;{}&#8221;]\n<div class=\"wpcf7 no-js\" id=\"wpcf7-f56469-o1\" lang=\"es-ES\" dir=\"ltr\" data-wpcf7-id=\"56469\">\n<div class=\"screen-reader-response\"><p role=\"status\" aria-live=\"polite\" aria-atomic=\"true\"><\/p> <ul><\/ul><\/div>\n<form action=\"\/gl\/wp-json\/wp\/v2\/pages\/56407#wpcf7-f56469-o1\" method=\"post\" class=\"wpcf7-form init\" aria-label=\"Formulario de contacto\" novalidate=\"novalidate\" data-status=\"init\">\n<fieldset class=\"hidden-fields-container\"><input type=\"hidden\" name=\"_wpcf7\" value=\"56469\" \/><input type=\"hidden\" name=\"_wpcf7_version\" value=\"6.1.5\" \/><input type=\"hidden\" name=\"_wpcf7_locale\" value=\"es_ES\" \/><input type=\"hidden\" name=\"_wpcf7_unit_tag\" value=\"wpcf7-f56469-o1\" \/><input type=\"hidden\" name=\"_wpcf7_container_post\" value=\"0\" \/><input type=\"hidden\" name=\"_wpcf7_posted_data_hash\" value=\"\" \/><input type=\"hidden\" name=\"_wpcf7cf_hidden_group_fields\" value=\"[]\" \/><input type=\"hidden\" name=\"_wpcf7cf_hidden_groups\" value=\"[]\" \/><input type=\"hidden\" name=\"_wpcf7cf_visible_groups\" value=\"[]\" \/><input type=\"hidden\" name=\"_wpcf7cf_repeaters\" value=\"[]\" \/><input type=\"hidden\" name=\"_wpcf7cf_steps\" value=\"{}\" \/><input type=\"hidden\" name=\"_wpcf7cf_options\" value=\"{&quot;form_id&quot;:56469,&quot;conditions&quot;:[],&quot;settings&quot;:{&quot;animation&quot;:&quot;yes&quot;,&quot;animation_intime&quot;:&quot;200&quot;,&quot;animation_outtime&quot;:&quot;200&quot;,&quot;conditions_ui&quot;:&quot;normal&quot;,&quot;notice_dismissed&quot;:&quot;&quot;,&quot;wpcf7cf_settings_saved&quot;:&quot;1&quot;,&quot;notice_dismissed_rollback-cf7-5.3.2&quot;:true,&quot;notice_dismissed_rollback-cf7-5.5.6&quot;:true,&quot;notice_dismissed_rollback-cf7-5.7.1&quot;:true,&quot;notice_dismissed_rollback-cf7-5.7.5.1&quot;:true,&quot;notice_dismissed_rollback-cf7-5.8.3&quot;:true,&quot;notice_dismissed_rollback-cf7-5.8.4&quot;:true,&quot;notice_dismissed_update-cf7-6.0&quot;:true}}\" \/><input type=\"hidden\" name=\"_wpcf7_recaptcha_response\" value=\"\" \/>\n<\/fieldset>\n<div class=\"wpcf7-response-output\" aria-hidden=\"true\"><\/div>\n<p><span class=\"wpcf7-form-control-wrap\" data-name=\"your-name\"><input size=\"40\" maxlength=\"400\" class=\"wpcf7-form-control wpcf7-text wpcf7-validates-as-required\" aria-required=\"true\" aria-invalid=\"false\" placeholder=\"Teu nom:e *\" value=\"\" type=\"text\" name=\"your-name\" \/><\/span>\n<\/p>\n<p><span class=\"wpcf7-form-control-wrap\" data-name=\"your-email\"><input size=\"40\" maxlength=\"400\" class=\"wpcf7-form-control wpcf7-email wpcf7-validates-as-required wpcf7-text wpcf7-validates-as-email\" aria-required=\"true\" aria-invalid=\"false\" placeholder=\"Correo electr\u00f3nico: *\" value=\"\" type=\"email\" name=\"your-email\" \/><\/span>\n<\/p>\n<p><span class=\"wpcf7-form-control-wrap\" data-name=\"your-subject\"><input size=\"40\" maxlength=\"400\" class=\"wpcf7-form-control wpcf7-text\" aria-invalid=\"false\" placeholder=\"Asunto:\" value=\"\" type=\"text\" name=\"your-subject\" \/><\/span>\n<\/p>\n<p><span class=\"wpcf7-form-control-wrap\" data-name=\"your-message\"><textarea cols=\"40\" rows=\"10\" maxlength=\"2000\" class=\"wpcf7-form-control wpcf7-textarea wpcf7-validates-as-required\" aria-required=\"true\" aria-invalid=\"false\" placeholder=\"Mensaxe: *\" name=\"your-message\"><\/textarea><\/span>\n<\/p>\n<p>Os campos con \"*\" son obrigatorios.\n<\/p>\n\n<p><input class=\"wpcf7-form-control wpcf7-submit has-spinner\" type=\"submit\" value=\"Enviar\" \/>\n<\/p><input type='hidden' class='wpcf7-pum' value='{\"closepopup\":false,\"closedelay\":0,\"openpopup\":false,\"openpopup_id\":0}' \/>\n<\/form>\n<\/div>\n[\/et_pb_code][\/et_pb_column][\/et_pb_row][\/et_pb_section]<\/p>\n","protected":false},"excerpt":{"rendered":"<p>ESCOLA ACAMPA DE DEREITOS HUMANOSFormaci\u00f3n continua ao f\u00edo da realidade e dos retos aos que temos que facer fronte coma sociedade. Ese foi o eixe ao redor do que nace a Escola Acampa de Dereitos Humanos. De n\u00f3s, para n\u00f3s. Para afondar no co\u00f1ecemento dos Dereitos Humanos e dos escenarios e as circunstancias nas que [&hellip;]<\/p>\n","protected":false},"author":1,"featured_media":0,"parent":0,"menu_order":54,"comment_status":"closed","ping_status":"closed","template":"","meta":{"_et_pb_use_builder":"on","_et_pb_old_content":"","_et_gb_content_width":"","inline_featured_image":false,"footnotes":""},"class_list":["post-56407","page","type-page","status-publish","hentry"],"yoast_head":"<!-- This site is optimized with the Yoast SEO plugin v26.4 - https:\/\/yoast.com\/wordpress\/plugins\/seo\/ -->\n<title>Escola Acampa - Acampa - Pola paz e o dereito a refuxio<\/title>\n<meta name=\"robots\" content=\"index, follow, max-snippet:-1, max-image-preview:large, max-video-preview:-1\" \/>\n<link rel=\"canonical\" href=\"https:\/\/coruna.redeacampa.org\/gl\/escola\/\" \/>\n<meta property=\"og:locale\" content=\"gl_ES\" \/>\n<meta property=\"og:type\" content=\"article\" \/>\n<meta property=\"og:title\" content=\"Escola Acampa - Acampa - Pola paz e o dereito a refuxio\" \/>\n<meta property=\"og:description\" content=\"ESCOLA ACAMPA DE DEREITOS HUMANOSFormaci\u00f3n continua ao f\u00edo da realidade e dos retos aos que temos que facer fronte coma sociedade. Ese foi o eixe ao redor do que nace a Escola Acampa de Dereitos Humanos. De n\u00f3s, para n\u00f3s. Para afondar no co\u00f1ecemento dos Dereitos Humanos e dos escenarios e as circunstancias nas que [&hellip;]\" \/>\n<meta property=\"og:url\" content=\"https:\/\/coruna.redeacampa.org\/gl\/escola\/\" \/>\n<meta property=\"og:site_name\" content=\"Acampa - Pola paz e o dereito a refuxio\" \/>\n<meta property=\"article:publisher\" content=\"https:\/\/www.facebook.com\/acampapolapazeodereitoarefuxio\" \/>\n<meta property=\"article:modified_time\" content=\"2024-02-21T20:57:28+00:00\" \/>\n<meta name=\"twitter:card\" content=\"summary_large_image\" \/>\n<meta name=\"twitter:site\" content=\"@Acampa_polapaz\" \/>\n<meta name=\"twitter:label1\" content=\"Tempo de lectura\" \/>\n\t<meta name=\"twitter:data1\" content=\"2 minutos\" \/>\n<script type=\"application\/ld+json\" class=\"yoast-schema-graph\">{\"@context\":\"https:\/\/schema.org\",\"@graph\":[{\"@type\":\"WebPage\",\"@id\":\"https:\/\/coruna.redeacampa.org\/gl\/escola\/\",\"url\":\"https:\/\/coruna.redeacampa.org\/gl\/escola\/\",\"name\":\"Escola Acampa - Acampa - Pola paz e o dereito a refuxio\",\"isPartOf\":{\"@id\":\"https:\/\/coruna.redeacampa.org\/gl\/#website\"},\"datePublished\":\"2023-03-31T18:57:11+00:00\",\"dateModified\":\"2024-02-21T20:57:28+00:00\",\"breadcrumb\":{\"@id\":\"https:\/\/coruna.redeacampa.org\/gl\/escola\/#breadcrumb\"},\"inLanguage\":\"gl-ES\",\"potentialAction\":[{\"@type\":\"ReadAction\",\"target\":[\"https:\/\/coruna.redeacampa.org\/gl\/escola\/\"]}]},{\"@type\":\"BreadcrumbList\",\"@id\":\"https:\/\/coruna.redeacampa.org\/gl\/escola\/#breadcrumb\",\"itemListElement\":[{\"@type\":\"ListItem\",\"position\":1,\"name\":\"Portada\",\"item\":\"https:\/\/coruna.redeacampa.org\/gl\/\"},{\"@type\":\"ListItem\",\"position\":2,\"name\":\"Escola Acampa\"}]},{\"@type\":\"WebSite\",\"@id\":\"https:\/\/coruna.redeacampa.org\/gl\/#website\",\"url\":\"https:\/\/coruna.redeacampa.org\/gl\/\",\"name\":\"Acampa - Pola paz e o dereito a refuxio\",\"description\":\"Unha iniciativa cidad\u00e1 sen fins de lucro integrada por colectivos sociais, culturais, educativos, veci\u00f1ais, pol\u00edticos, sindicais, art\u00edsticos, de persoas solidarias, de instituci\u00f3ns e empresas con responsabilidade social que te\u00f1en como obxectivo a defensa dos dereitos humanos, o Dereito Internacional Humanitario e o Dereito a Refuxio.\",\"potentialAction\":[{\"@type\":\"SearchAction\",\"target\":{\"@type\":\"EntryPoint\",\"urlTemplate\":\"https:\/\/coruna.redeacampa.org\/gl\/?s={search_term_string}\"},\"query-input\":{\"@type\":\"PropertyValueSpecification\",\"valueRequired\":true,\"valueName\":\"search_term_string\"}}],\"inLanguage\":\"gl-ES\"}]}<\/script>\n<!-- \/ Yoast SEO plugin. -->","yoast_head_json":{"title":"Escola Acampa - Acampa - Pola paz e o dereito a refuxio","robots":{"index":"index","follow":"follow","max-snippet":"max-snippet:-1","max-image-preview":"max-image-preview:large","max-video-preview":"max-video-preview:-1"},"canonical":"https:\/\/coruna.redeacampa.org\/gl\/escola\/","og_locale":"gl_ES","og_type":"article","og_title":"Escola Acampa - Acampa - Pola paz e o dereito a refuxio","og_description":"ESCOLA ACAMPA DE DEREITOS HUMANOSFormaci\u00f3n continua ao f\u00edo da realidade e dos retos aos que temos que facer fronte coma sociedade. Ese foi o eixe ao redor do que nace a Escola Acampa de Dereitos Humanos. De n\u00f3s, para n\u00f3s. Para afondar no co\u00f1ecemento dos Dereitos Humanos e dos escenarios e as circunstancias nas que [&hellip;]","og_url":"https:\/\/coruna.redeacampa.org\/gl\/escola\/","og_site_name":"Acampa - Pola paz e o dereito a refuxio","article_publisher":"https:\/\/www.facebook.com\/acampapolapazeodereitoarefuxio","article_modified_time":"2024-02-21T20:57:28+00:00","twitter_card":"summary_large_image","twitter_site":"@Acampa_polapaz","twitter_misc":{"Tempo de lectura":"2 minutos"},"schema":{"@context":"https:\/\/schema.org","@graph":[{"@type":"WebPage","@id":"https:\/\/coruna.redeacampa.org\/gl\/escola\/","url":"https:\/\/coruna.redeacampa.org\/gl\/escola\/","name":"Escola Acampa - Acampa - Pola paz e o dereito a refuxio","isPartOf":{"@id":"https:\/\/coruna.redeacampa.org\/gl\/#website"},"datePublished":"2023-03-31T18:57:11+00:00","dateModified":"2024-02-21T20:57:28+00:00","breadcrumb":{"@id":"https:\/\/coruna.redeacampa.org\/gl\/escola\/#breadcrumb"},"inLanguage":"gl-ES","potentialAction":[{"@type":"ReadAction","target":["https:\/\/coruna.redeacampa.org\/gl\/escola\/"]}]},{"@type":"BreadcrumbList","@id":"https:\/\/coruna.redeacampa.org\/gl\/escola\/#breadcrumb","itemListElement":[{"@type":"ListItem","position":1,"name":"Portada","item":"https:\/\/coruna.redeacampa.org\/gl\/"},{"@type":"ListItem","position":2,"name":"Escola Acampa"}]},{"@type":"WebSite","@id":"https:\/\/coruna.redeacampa.org\/gl\/#website","url":"https:\/\/coruna.redeacampa.org\/gl\/","name":"Acampa - Pola paz e o dereito a refuxio","description":"Unha iniciativa cidad\u00e1 sen fins de lucro integrada por colectivos sociais, culturais, educativos, veci\u00f1ais, pol\u00edticos, sindicais, art\u00edsticos, de persoas solidarias, de instituci\u00f3ns e empresas con responsabilidade social que te\u00f1en como obxectivo a defensa dos dereitos humanos, o Dereito Internacional Humanitario e o Dereito a Refuxio.","potentialAction":[{"@type":"SearchAction","target":{"@type":"EntryPoint","urlTemplate":"https:\/\/coruna.redeacampa.org\/gl\/?s={search_term_string}"},"query-input":{"@type":"PropertyValueSpecification","valueRequired":true,"valueName":"search_term_string"}}],"inLanguage":"gl-ES"}]}},"_links":{"self":[{"href":"https:\/\/coruna.redeacampa.org\/gl\/wp-json\/wp\/v2\/pages\/56407","targetHints":{"allow":["GET"]}}],"collection":[{"href":"https:\/\/coruna.redeacampa.org\/gl\/wp-json\/wp\/v2\/pages"}],"about":[{"href":"https:\/\/coruna.redeacampa.org\/gl\/wp-json\/wp\/v2\/types\/page"}],"author":[{"embeddable":true,"href":"https:\/\/coruna.redeacampa.org\/gl\/wp-json\/wp\/v2\/users\/1"}],"replies":[{"embeddable":true,"href":"https:\/\/coruna.redeacampa.org\/gl\/wp-json\/wp\/v2\/comments?post=56407"}],"version-history":[{"count":11,"href":"https:\/\/coruna.redeacampa.org\/gl\/wp-json\/wp\/v2\/pages\/56407\/revisions"}],"predecessor-version":[{"id":59381,"href":"https:\/\/coruna.redeacampa.org\/gl\/wp-json\/wp\/v2\/pages\/56407\/revisions\/59381"}],"wp:attachment":[{"href":"https:\/\/coruna.redeacampa.org\/gl\/wp-json\/wp\/v2\/media?parent=56407"}],"curies":[{"name":"wp","href":"https:\/\/api.w.org\/{rel}","templated":true}]}}