{"id":53838,"date":"2022-05-22T14:33:44","date_gmt":"2022-05-22T12:33:44","guid":{"rendered":"https:\/\/coruna.redeacampa.org\/?page_id=53838"},"modified":"2022-06-03T13:59:31","modified_gmt":"2022-06-03T11:59:31","slug":"expo-virtual-2022-zaim","status":"publish","type":"page","link":"https:\/\/coruna.redeacampa.org\/gl\/expo-virtual-2022-zaim\/","title":{"rendered":"Exposici\u00f3n Virtual 2022 Zaim"},"content":{"rendered":"<p>[et_pb_section fb_built=&#8221;1&#8243; fullwidth=&#8221;on&#8221; custom_padding_last_edited=&#8221;on|desktop&#8221; admin_label=&#8221;section&#8221; _builder_version=&#8221;4.16&#8243; background_color=&#8221;#cd1619&#8243; custom_padding_tablet=&#8221;50px|0|50px|0&#8243; custom_padding_phone=&#8221;&#8221; transparent_background=&#8221;off&#8221; padding_mobile=&#8221;off&#8221; collapsed=&#8221;on&#8221; global_colors_info=&#8221;{}&#8221;][et_pb_fullwidth_header title=&#8221;Exposici\u00f3n Virtual 2022&#8243; subhead=&#8221;Pola paz e o dereito a refuxio&#8221; admin_label=&#8221;T\u00edtulo de anchura completa&#8221; _builder_version=&#8221;4.17.4&#8243; title_font=&#8221;|on|||&#8221; subhead_font=&#8221;||on||&#8221; background_color=&#8221;rgba(255, 255, 255, 0)&#8221; button_one_letter_spacing_hover=&#8221;0&#8243; button_two_letter_spacing_hover=&#8221;0&#8243; global_colors_info=&#8221;{}&#8221; button_one_text_size__hover_enabled=&#8221;off&#8221; button_two_text_size__hover_enabled=&#8221;off&#8221; button_one_text_color__hover_enabled=&#8221;off&#8221; button_two_text_color__hover_enabled=&#8221;off&#8221; button_one_border_width__hover_enabled=&#8221;off&#8221; button_two_border_width__hover_enabled=&#8221;off&#8221; button_one_border_color__hover_enabled=&#8221;off&#8221; button_two_border_color__hover_enabled=&#8221;off&#8221; button_one_border_radius__hover_enabled=&#8221;off&#8221; button_two_border_radius__hover_enabled=&#8221;off&#8221; button_one_letter_spacing__hover_enabled=&#8221;on&#8221; button_one_letter_spacing__hover=&#8221;0&#8243; button_two_letter_spacing__hover_enabled=&#8221;on&#8221; button_two_letter_spacing__hover=&#8221;0&#8243; button_one_bg_color__hover_enabled=&#8221;off&#8221; button_two_bg_color__hover_enabled=&#8221;off&#8221;][\/et_pb_fullwidth_header][\/et_pb_section][et_pb_section fb_built=&#8221;1&#8243; fullwidth=&#8221;on&#8221; disabled_on=&#8221;off|off|off&#8221; _builder_version=&#8221;4.16&#8243; _module_preset=&#8221;default&#8221; global_colors_info=&#8221;{}&#8221;][et_pb_fullwidth_code disabled_on=&#8221;off|off|off&#8221; admin_label=&#8221;C\u00f3digo de anchura completa&#8221; _builder_version=&#8221;4.17.4&#8243; _module_preset=&#8221;default&#8221; global_colors_info=&#8221;{}&#8221;]<iframe data-src=\"https:\/\/peopleartfactory.com\/r\/brasil-pais-da-fame\" width=\"100%\" height=\"800px\" frameborder=\"0\" allowfullscreen=\"allowfullscreen\" src=\"data:image\/svg+xml;base64,PHN2ZyB3aWR0aD0iMSIgaGVpZ2h0PSIxIiB4bWxucz0iaHR0cDovL3d3dy53My5vcmcvMjAwMC9zdmciPjwvc3ZnPg==\" class=\"lazyload\" data-load-mode=\"1\"><\/iframe>[\/et_pb_fullwidth_code][\/et_pb_section][et_pb_section fb_built=&#8221;1&#8243; disabled_on=&#8221;off|off|off&#8221; admin_label=&#8221;Titulo Exposiciones Virtuales 2022&#8243; _builder_version=&#8221;4.16&#8243; _module_preset=&#8221;default&#8221; background_color=&#8221;#b6aea3&#8243; saved_tabs=&#8221;all&#8221; locked=&#8221;off&#8221; collapsed=&#8221;on&#8221; global_colors_info=&#8221;{}&#8221;][et_pb_row use_custom_gutter=&#8221;on&#8221; gutter_width=&#8221;2&#8243; make_equal=&#8221;on&#8221; _builder_version=&#8221;4.16&#8243; _module_preset=&#8221;default&#8221; width=&#8221;100%&#8221; module_alignment=&#8221;center&#8221; custom_css_main_element=&#8221;.h2 { font-size: 26px !important ;}&#8221; collapsed=&#8221;off&#8221; global_colors_info=&#8221;{}&#8221;][et_pb_column type=&#8221;4_4&#8243; _builder_version=&#8221;4.16&#8243; _module_preset=&#8221;default&#8221; global_colors_info=&#8221;{}&#8221;][et_pb_text _builder_version=&#8221;4.17.4&#8243; _module_preset=&#8221;default&#8221; header_text_align=&#8221;center&#8221; header_2_font_size=&#8221;30px&#8221; text_orientation=&#8221;center&#8221; global_colors_info=&#8221;{}&#8221;]<\/p>\n<h1><span style=\"color: #000000;\"><strong>Exposici\u00f3ns Virtuais<\/strong><\/span><\/h1>\n<h1><strong>Acampa 2022 &#8211; &#8220;Fame e Refuxio&#8221;.<\/strong><\/h1>\n<p>[\/et_pb_text][\/et_pb_column][\/et_pb_row][\/et_pb_section][et_pb_section fb_built=&#8221;1&#8243; disabled_on=&#8221;off|off|off&#8221; admin_label=&#8221;Exposiciones Virtuales 2022&#8243; _builder_version=&#8221;4.16&#8243; _module_preset=&#8221;default&#8221; background_color=&#8221;#e8e8e8&#8243; saved_tabs=&#8221;all&#8221; locked=&#8221;off&#8221; collapsed=&#8221;on&#8221; global_colors_info=&#8221;{}&#8221;][et_pb_row column_structure=&#8221;1_4,1_4,1_4,1_4&#8243; use_custom_gutter=&#8221;on&#8221; gutter_width=&#8221;2&#8243; make_equal=&#8221;on&#8221; _builder_version=&#8221;4.16&#8243; _module_preset=&#8221;default&#8221; width=&#8221;100%&#8221; module_alignment=&#8221;center&#8221; custom_css_main_element=&#8221;.h2 { font-size: 26px !important ;}&#8221; collapsed=&#8221;off&#8221; global_colors_info=&#8221;{}&#8221;][et_pb_column type=&#8221;1_4&#8243; _builder_version=&#8221;4.16&#8243; _module_preset=&#8221;default&#8221; global_colors_info=&#8221;{}&#8221;][et_pb_blurb title=&#8221;Guerra y hambre&#8221; url_new_window=&#8221;on&#8221; alt=&#8221;Ricard Garc\u00eda Vilanova&#8221; admin_label=&#8221;Ricard&#8221; module_class=&#8221;anoedicion2&#8243; _builder_version=&#8221;4.17.4&#8243; header_level=&#8221;h2&#8243; header_text_align=&#8221;center&#8221; header_font_size=&#8221;36px&#8221; header_line_height=&#8221;1.5em&#8221; body_font_size=&#8221;18px&#8221; background_image=&#8221;https:\/\/coruna.redeacampa.org\/wp-content\/uploads\/Ricard_G_Vilanova.jpg&#8221; background_size=&#8221;contain&#8221; background_blend=&#8221;overlay&#8221; text_orientation=&#8221;center&#8221; background_layout=&#8221;dark&#8221; height=&#8221;195px&#8221; custom_padding=&#8221;30px|30px||30px|false|true&#8221; animation_style=&#8221;zoom&#8221; animation_duration=&#8221;500ms&#8221; link_option_url=&#8221;https:\/\/coruna.redeacampa.org\/gl\/expo-virtual-2022-ricard\/&#8221; custom_css_main_element=&#8221;max-width: 600px;||margin: 0 auto;&#8221; locked=&#8221;off&#8221; global_colors_info=&#8221;{}&#8221; header_text_color__hover_enabled=&#8221;on&#8221; body_text_color__hover_enabled=&#8221;on&#8221; background__hover_enabled=&#8221;on&#8221;]Ricard Garc\u00eda Vilanova[\/et_pb_blurb][et_pb_blurb title=&#8221;Sen refuxio para a fame&#8221; url_new_window=&#8221;on&#8221; alt=&#8221;Pablo Tosco (Oxfan Interm\u00f3n)&#8221; admin_label=&#8221;P. Tosco&#8221; module_class=&#8221;anoedicion2&#8243; _builder_version=&#8221;4.17.4&#8243; header_level=&#8221;h2&#8243; header_text_align=&#8221;center&#8221; header_font_size=&#8221;36px&#8221; header_line_height=&#8221;1.5em&#8221; body_font_size=&#8221;18px&#8221; background_image=&#8221;https:\/\/coruna.redeacampa.org\/wp-content\/uploads\/05-Pablo_Tosco.jpg&#8221; background_size=&#8221;contain&#8221; background_blend=&#8221;overlay&#8221; text_orientation=&#8221;center&#8221; background_layout=&#8221;dark&#8221; height=&#8221;195px&#8221; custom_padding=&#8221;30px|30px||30px|false|true&#8221; animation_style=&#8221;zoom&#8221; animation_duration=&#8221;500ms&#8221; link_option_url=&#8221;https:\/\/coruna.redeacampa.org\/gl\/expo-virtual-2022-tosco\/&#8221; custom_css_main_element=&#8221;max-width: 600px;||margin: 0 auto;&#8221; locked=&#8221;off&#8221; global_colors_info=&#8221;{}&#8221; header_text_color__hover_enabled=&#8221;on&#8221; body_text_color__hover_enabled=&#8221;on&#8221; background__hover_enabled=&#8221;on&#8221;]Pablo Tosco<br \/>\n(Oxfan Interm\u00f3n)[\/et_pb_blurb][\/et_pb_column][et_pb_column type=&#8221;1_4&#8243; _builder_version=&#8221;4.16&#8243; _module_preset=&#8221;default&#8221; global_colors_info=&#8221;{}&#8221;][et_pb_blurb title=&#8221;Ata que o millo volva crecer&#8221; url_new_window=&#8221;on&#8221; alt=&#8221;Lys Arango&#8221; admin_label=&#8221;Lys Arango&#8221; module_class=&#8221;anoedicion2&#8243; _builder_version=&#8221;4.17.4&#8243; header_level=&#8221;h2&#8243; header_text_align=&#8221;center&#8221; header_font_size=&#8221;36px&#8221; header_line_height=&#8221;1.5em&#8221; body_font_size=&#8221;18px&#8221; background_image=&#8221;https:\/\/coruna.redeacampa.org\/wp-content\/uploads\/Lys_Arango.jpg&#8221; background_size=&#8221;contain&#8221; background_blend=&#8221;overlay&#8221; text_orientation=&#8221;center&#8221; background_layout=&#8221;dark&#8221; height=&#8221;195px&#8221; custom_margin_tablet=&#8221;||30px||false|false&#8221; custom_margin_phone=&#8221;&#8221; custom_margin_last_edited=&#8221;on|tablet&#8221; custom_padding=&#8221;20px|30px||30px|false|true&#8221; animation_style=&#8221;zoom&#8221; animation_duration=&#8221;500ms&#8221; link_option_url=&#8221;https:\/\/coruna.redeacampa.org\/gl\/expo-virtual-2022-lys\/&#8221; custom_css_main_element=&#8221;max-width: 600px;||margin: 0 auto;&#8221; locked=&#8221;off&#8221; global_colors_info=&#8221;{}&#8221; header_text_color__hover_enabled=&#8221;on&#8221; body_text_color__hover_enabled=&#8221;on&#8221; background__hover_enabled=&#8221;on&#8221;]Lys Arango[\/et_pb_blurb][et_pb_blurb title=&#8221;Brasil, pa\u00eds da fame&#8221; url_new_window=&#8221;on&#8221; alt=&#8221;Rodrigo Zaim&#8221; admin_label=&#8221;R. Zaim&#8221; module_class=&#8221;anoedicion2&#8243; _builder_version=&#8221;4.17.4&#8243; header_level=&#8221;h2&#8243; header_text_align=&#8221;center&#8221; header_font_size=&#8221;36px&#8221; header_line_height=&#8221;1.5em&#8221; body_font_size=&#8221;18px&#8221; background_image=&#8221;https:\/\/coruna.redeacampa.org\/wp-content\/uploads\/07-Rodrigo_Zaim.jpg&#8221; background_size=&#8221;contain&#8221; background_blend=&#8221;overlay&#8221; text_orientation=&#8221;center&#8221; background_layout=&#8221;dark&#8221; height=&#8221;195px&#8221; custom_margin_tablet=&#8221;&#8221; custom_margin_phone=&#8221;&#8221; custom_margin_last_edited=&#8221;on|tablet&#8221; custom_padding=&#8221;25px|30px||30px|false|true&#8221; animation_style=&#8221;zoom&#8221; animation_duration=&#8221;500ms&#8221; link_option_url=&#8221;https:\/\/coruna.redeacampa.org\/gl\/expo-virtual-2022-zaim\/&#8221; custom_css_main_element=&#8221;max-width: 600px;||margin: 0 auto;&#8221; locked=&#8221;off&#8221; global_colors_info=&#8221;{}&#8221; header_text_color__hover_enabled=&#8221;on&#8221; body_text_color__hover_enabled=&#8221;on&#8221; background__hover_enabled=&#8221;on&#8221;]Rodrigo Zaim[\/et_pb_blurb][\/et_pb_column][et_pb_column type=&#8221;1_4&#8243; _builder_version=&#8221;4.16&#8243; _module_preset=&#8221;default&#8221; global_colors_info=&#8221;{}&#8221;][et_pb_blurb title=&#8221;A terra seca&#8221; url_new_window=&#8221;on&#8221; alt=&#8221;Javier Teniente&#8221; admin_label=&#8221;J. Teniente&#8221; module_class=&#8221;anoedicion2&#8243; _builder_version=&#8221;4.17.4&#8243; header_level=&#8221;h2&#8243; header_text_align=&#8221;center&#8221; header_font_size=&#8221;36px&#8221; header_line_height=&#8221;1.5em&#8221; body_font_size=&#8221;18px&#8221; background_image=&#8221;https:\/\/coruna.redeacampa.org\/wp-content\/uploads\/03-Javier_Teniente.jpg&#8221; background_size=&#8221;contain&#8221; background_blend=&#8221;overlay&#8221; text_orientation=&#8221;center&#8221; background_layout=&#8221;dark&#8221; height=&#8221;195px&#8221; custom_margin_tablet=&#8221;||30px||false|false&#8221; custom_margin_phone=&#8221;&#8221; custom_margin_last_edited=&#8221;on|tablet&#8221; custom_padding=&#8221;60px|30px||30px|false|true&#8221; animation_style=&#8221;zoom&#8221; animation_duration=&#8221;500ms&#8221; link_option_url=&#8221;https:\/\/coruna.redeacampa.org\/gl\/expo-virtual-2022-teniente\/&#8221; custom_css_main_element=&#8221;max-width: 600px;||margin: 0 auto;&#8221; locked=&#8221;off&#8221; global_colors_info=&#8221;{}&#8221; header_text_color__hover_enabled=&#8221;on&#8221; body_text_color__hover_enabled=&#8221;on&#8221; background__hover_enabled=&#8221;on&#8221;]Javier Teniente[\/et_pb_blurb][et_pb_blurb title=&#8221;Globesity&#8221; url_new_window=&#8221;on&#8221; alt=&#8221;Silvia Landi&#8221; admin_label=&#8221;Silvia Landi&#8221; module_class=&#8221;anoedicion2&#8243; _builder_version=&#8221;4.17.4&#8243; header_level=&#8221;h2&#8243; header_text_align=&#8221;center&#8221; header_font_size=&#8221;36px&#8221; header_line_height=&#8221;1.5em&#8221; body_font_size=&#8221;18px&#8221; background_image=&#8221;https:\/\/coruna.redeacampa.org\/wp-content\/uploads\/08-Silvia_Landi.jpg&#8221; background_size=&#8221;contain&#8221; background_blend=&#8221;overlay&#8221; text_orientation=&#8221;center&#8221; background_layout=&#8221;dark&#8221; height=&#8221;195px&#8221; custom_padding=&#8221;30px|30px||30px|false|true&#8221; animation_style=&#8221;zoom&#8221; animation_duration=&#8221;500ms&#8221; link_option_url=&#8221;https:\/\/coruna.redeacampa.org\/gl\/expo-virtual-2022-landi\/&#8221; custom_css_main_element=&#8221;max-width: 600px;||margin: 0 auto;&#8221; locked=&#8221;off&#8221; global_colors_info=&#8221;{}&#8221; header_text_color__hover_enabled=&#8221;on&#8221; body_text_color__hover_enabled=&#8221;on&#8221; background__hover_enabled=&#8221;on&#8221;]Silvia Landi[\/et_pb_blurb][\/et_pb_column][et_pb_column type=&#8221;1_4&#8243; _builder_version=&#8221;4.16&#8243; _module_preset=&#8221;default&#8221; global_colors_info=&#8221;{}&#8221;][et_pb_blurb title=&#8221;A memoria do esquecemento&#8221; url_new_window=&#8221;on&#8221; alt=&#8221;Juan Carlos Tomasi&#8221; admin_label=&#8221;J. C. Tomasi&#8221; module_class=&#8221;anoedicion2&#8243; _builder_version=&#8221;4.17.4&#8243; header_level=&#8221;h2&#8243; header_text_align=&#8221;center&#8221; header_font_size=&#8221;36px&#8221; header_line_height=&#8221;1.5em&#8221; body_font_size=&#8221;18px&#8221; background_image=&#8221;https:\/\/coruna.redeacampa.org\/wp-content\/uploads\/04-Juan_C_Tomasi.jpg&#8221; background_size=&#8221;contain&#8221; background_blend=&#8221;overlay&#8221; text_orientation=&#8221;center&#8221; background_layout=&#8221;dark&#8221; height=&#8221;195px&#8221; custom_margin_tablet=&#8221;||30px||false|false&#8221; custom_margin_phone=&#8221;&#8221; custom_margin_last_edited=&#8221;on|tablet&#8221; custom_padding=&#8221;25px|30px||30px|false|true&#8221; animation_style=&#8221;zoom&#8221; animation_duration=&#8221;500ms&#8221; link_option_url=&#8221;https:\/\/coruna.redeacampa.org\/gl\/expo-virtual-2022-tomasi\/&#8221; custom_css_main_element=&#8221;max-width: 600px;||margin: 0 auto;&#8221; locked=&#8221;off&#8221; global_colors_info=&#8221;{}&#8221; header_text_color__hover_enabled=&#8221;on&#8221; body_text_color__hover_enabled=&#8221;on&#8221; background__hover_enabled=&#8221;on&#8221;]Juan Carlos Tomasi<br \/>\n(M\u00e9dicos Sin Fronteras)[\/et_pb_blurb][\/et_pb_column][\/et_pb_row][\/et_pb_section]<\/p>\n","protected":false},"excerpt":{"rendered":"<p>Exposici\u00f3ns Virtuais Acampa 2022 &#8211; &#8220;Fame e Refuxio&#8221;.Ricard Garc\u00eda VilanovaPablo Tosco (Oxfan Interm\u00f3n)Lys ArangoRodrigo ZaimJavier TenienteSilvia LandiJuan Carlos Tomasi (M\u00e9dicos Sin Fronteras)<\/p>\n","protected":false},"author":1,"featured_media":0,"parent":0,"menu_order":54,"comment_status":"closed","ping_status":"closed","template":"","meta":{"_et_pb_use_builder":"on","_et_pb_old_content":"","_et_gb_content_width":"","inline_featured_image":false,"footnotes":""},"categories":[433],"tags":[],"class_list":["post-53838","page","type-page","status-publish","hentry","category-acampa-2022-gl"],"yoast_head":"<!-- This site is optimized with the Yoast SEO plugin v26.4 - https:\/\/yoast.com\/wordpress\/plugins\/seo\/ -->\n<title>Exposici\u00f3n Virtual 2022 Zaim - Acampa - Pola paz e o dereito a refuxio<\/title>\n<meta name=\"robots\" content=\"index, follow, max-snippet:-1, max-image-preview:large, max-video-preview:-1\" \/>\n<link rel=\"canonical\" href=\"https:\/\/coruna.redeacampa.org\/gl\/expo-virtual-2022-zaim\/\" \/>\n<meta property=\"og:locale\" content=\"gl_ES\" \/>\n<meta property=\"og:type\" content=\"article\" \/>\n<meta property=\"og:title\" content=\"Exposici\u00f3n Virtual 2022 Zaim - Acampa - Pola paz e o dereito a refuxio\" \/>\n<meta property=\"og:description\" content=\"Exposici\u00f3ns Virtuais Acampa 2022 - &quot;Fame e Refuxio&quot;.Ricard Garc\u00eda VilanovaPablo Tosco (Oxfan Interm\u00f3n)Lys ArangoRodrigo ZaimJavier TenienteSilvia LandiJuan Carlos Tomasi (M\u00e9dicos Sin Fronteras)\" \/>\n<meta property=\"og:url\" content=\"https:\/\/coruna.redeacampa.org\/gl\/expo-virtual-2022-zaim\/\" \/>\n<meta property=\"og:site_name\" content=\"Acampa - Pola paz e o dereito a refuxio\" \/>\n<meta property=\"article:publisher\" content=\"https:\/\/www.facebook.com\/acampapolapazeodereitoarefuxio\" \/>\n<meta property=\"article:modified_time\" content=\"2022-06-03T11:59:31+00:00\" \/>\n<meta name=\"twitter:card\" content=\"summary_large_image\" \/>\n<meta name=\"twitter:site\" content=\"@Acampa_polapaz\" \/>\n<meta name=\"twitter:label1\" content=\"Tempo de lectura\" \/>\n\t<meta name=\"twitter:data1\" content=\"7 minutos\" \/>\n<script type=\"application\/ld+json\" class=\"yoast-schema-graph\">{\"@context\":\"https:\/\/schema.org\",\"@graph\":[{\"@type\":\"WebPage\",\"@id\":\"https:\/\/coruna.redeacampa.org\/gl\/expo-virtual-2022-zaim\/\",\"url\":\"https:\/\/coruna.redeacampa.org\/gl\/expo-virtual-2022-zaim\/\",\"name\":\"Exposici\u00f3n Virtual 2022 Zaim - Acampa - Pola paz e o dereito a refuxio\",\"isPartOf\":{\"@id\":\"https:\/\/coruna.redeacampa.org\/gl\/#website\"},\"datePublished\":\"2022-05-22T12:33:44+00:00\",\"dateModified\":\"2022-06-03T11:59:31+00:00\",\"breadcrumb\":{\"@id\":\"https:\/\/coruna.redeacampa.org\/gl\/expo-virtual-2022-zaim\/#breadcrumb\"},\"inLanguage\":\"gl-ES\",\"potentialAction\":[{\"@type\":\"ReadAction\",\"target\":[\"https:\/\/coruna.redeacampa.org\/gl\/expo-virtual-2022-zaim\/\"]}]},{\"@type\":\"BreadcrumbList\",\"@id\":\"https:\/\/coruna.redeacampa.org\/gl\/expo-virtual-2022-zaim\/#breadcrumb\",\"itemListElement\":[{\"@type\":\"ListItem\",\"position\":1,\"name\":\"Portada\",\"item\":\"https:\/\/coruna.redeacampa.org\/gl\/\"},{\"@type\":\"ListItem\",\"position\":2,\"name\":\"Exposici\u00f3n Virtual 2022 Zaim\"}]},{\"@type\":\"WebSite\",\"@id\":\"https:\/\/coruna.redeacampa.org\/gl\/#website\",\"url\":\"https:\/\/coruna.redeacampa.org\/gl\/\",\"name\":\"Acampa - Pola paz e o dereito a refuxio\",\"description\":\"Unha iniciativa cidad\u00e1 sen fins de lucro integrada por colectivos sociais, culturais, educativos, veci\u00f1ais, pol\u00edticos, sindicais, art\u00edsticos, de persoas solidarias, de instituci\u00f3ns e empresas con responsabilidade social que te\u00f1en como obxectivo a defensa dos dereitos humanos, o Dereito Internacional Humanitario e o Dereito a Refuxio.\",\"potentialAction\":[{\"@type\":\"SearchAction\",\"target\":{\"@type\":\"EntryPoint\",\"urlTemplate\":\"https:\/\/coruna.redeacampa.org\/gl\/?s={search_term_string}\"},\"query-input\":{\"@type\":\"PropertyValueSpecification\",\"valueRequired\":true,\"valueName\":\"search_term_string\"}}],\"inLanguage\":\"gl-ES\"}]}<\/script>\n<!-- \/ Yoast SEO plugin. -->","yoast_head_json":{"title":"Exposici\u00f3n Virtual 2022 Zaim - Acampa - Pola paz e o dereito a refuxio","robots":{"index":"index","follow":"follow","max-snippet":"max-snippet:-1","max-image-preview":"max-image-preview:large","max-video-preview":"max-video-preview:-1"},"canonical":"https:\/\/coruna.redeacampa.org\/gl\/expo-virtual-2022-zaim\/","og_locale":"gl_ES","og_type":"article","og_title":"Exposici\u00f3n Virtual 2022 Zaim - Acampa - Pola paz e o dereito a refuxio","og_description":"Exposici\u00f3ns Virtuais Acampa 2022 - \"Fame e Refuxio\".Ricard Garc\u00eda VilanovaPablo Tosco (Oxfan Interm\u00f3n)Lys ArangoRodrigo ZaimJavier TenienteSilvia LandiJuan Carlos Tomasi (M\u00e9dicos Sin Fronteras)","og_url":"https:\/\/coruna.redeacampa.org\/gl\/expo-virtual-2022-zaim\/","og_site_name":"Acampa - Pola paz e o dereito a refuxio","article_publisher":"https:\/\/www.facebook.com\/acampapolapazeodereitoarefuxio","article_modified_time":"2022-06-03T11:59:31+00:00","twitter_card":"summary_large_image","twitter_site":"@Acampa_polapaz","twitter_misc":{"Tempo de lectura":"7 minutos"},"schema":{"@context":"https:\/\/schema.org","@graph":[{"@type":"WebPage","@id":"https:\/\/coruna.redeacampa.org\/gl\/expo-virtual-2022-zaim\/","url":"https:\/\/coruna.redeacampa.org\/gl\/expo-virtual-2022-zaim\/","name":"Exposici\u00f3n Virtual 2022 Zaim - Acampa - Pola paz e o dereito a refuxio","isPartOf":{"@id":"https:\/\/coruna.redeacampa.org\/gl\/#website"},"datePublished":"2022-05-22T12:33:44+00:00","dateModified":"2022-06-03T11:59:31+00:00","breadcrumb":{"@id":"https:\/\/coruna.redeacampa.org\/gl\/expo-virtual-2022-zaim\/#breadcrumb"},"inLanguage":"gl-ES","potentialAction":[{"@type":"ReadAction","target":["https:\/\/coruna.redeacampa.org\/gl\/expo-virtual-2022-zaim\/"]}]},{"@type":"BreadcrumbList","@id":"https:\/\/coruna.redeacampa.org\/gl\/expo-virtual-2022-zaim\/#breadcrumb","itemListElement":[{"@type":"ListItem","position":1,"name":"Portada","item":"https:\/\/coruna.redeacampa.org\/gl\/"},{"@type":"ListItem","position":2,"name":"Exposici\u00f3n Virtual 2022 Zaim"}]},{"@type":"WebSite","@id":"https:\/\/coruna.redeacampa.org\/gl\/#website","url":"https:\/\/coruna.redeacampa.org\/gl\/","name":"Acampa - Pola paz e o dereito a refuxio","description":"Unha iniciativa cidad\u00e1 sen fins de lucro integrada por colectivos sociais, culturais, educativos, veci\u00f1ais, pol\u00edticos, sindicais, art\u00edsticos, de persoas solidarias, de instituci\u00f3ns e empresas con responsabilidade social que te\u00f1en como obxectivo a defensa dos dereitos humanos, o Dereito Internacional Humanitario e o Dereito a Refuxio.","potentialAction":[{"@type":"SearchAction","target":{"@type":"EntryPoint","urlTemplate":"https:\/\/coruna.redeacampa.org\/gl\/?s={search_term_string}"},"query-input":{"@type":"PropertyValueSpecification","valueRequired":true,"valueName":"search_term_string"}}],"inLanguage":"gl-ES"}]}},"_links":{"self":[{"href":"https:\/\/coruna.redeacampa.org\/gl\/wp-json\/wp\/v2\/pages\/53838","targetHints":{"allow":["GET"]}}],"collection":[{"href":"https:\/\/coruna.redeacampa.org\/gl\/wp-json\/wp\/v2\/pages"}],"about":[{"href":"https:\/\/coruna.redeacampa.org\/gl\/wp-json\/wp\/v2\/types\/page"}],"author":[{"embeddable":true,"href":"https:\/\/coruna.redeacampa.org\/gl\/wp-json\/wp\/v2\/users\/1"}],"replies":[{"embeddable":true,"href":"https:\/\/coruna.redeacampa.org\/gl\/wp-json\/wp\/v2\/comments?post=53838"}],"version-history":[{"count":0,"href":"https:\/\/coruna.redeacampa.org\/gl\/wp-json\/wp\/v2\/pages\/53838\/revisions"}],"wp:attachment":[{"href":"https:\/\/coruna.redeacampa.org\/gl\/wp-json\/wp\/v2\/media?parent=53838"}],"wp:term":[{"taxonomy":"category","embeddable":true,"href":"https:\/\/coruna.redeacampa.org\/gl\/wp-json\/wp\/v2\/categories?post=53838"},{"taxonomy":"post_tag","embeddable":true,"href":"https:\/\/coruna.redeacampa.org\/gl\/wp-json\/wp\/v2\/tags?post=53838"}],"curies":[{"name":"wp","href":"https:\/\/api.w.org\/{rel}","templated":true}]}}