{"id":53727,"date":"2022-05-21T21:37:24","date_gmt":"2022-05-21T19:37:24","guid":{"rendered":"https:\/\/coruna.redeacampa.org\/?page_id=53727"},"modified":"2022-06-03T14:07:26","modified_gmt":"2022-06-03T12:07:26","slug":"expo-virtual-2022-lys","status":"publish","type":"page","link":"https:\/\/coruna.redeacampa.org\/es\/expo-virtual-2022-lys\/","title":{"rendered":"Exposici\u00f3n Virtual 2022 Lys"},"content":{"rendered":"<p>[et_pb_section fb_built=\u00bb1&#8243; fullwidth=\u00bbon\u00bb custom_padding_last_edited=\u00bbon|desktop\u00bb admin_label=\u00bbsection\u00bb _builder_version=\u00bb4.16&#8243; background_color=\u00bb#cd1619&#8243; custom_padding_tablet=\u00bb50px|0|50px|0&#8243; custom_padding_phone=\u00bb\u00bb transparent_background=\u00bboff\u00bb padding_mobile=\u00bboff\u00bb collapsed=\u00bbon\u00bb global_colors_info=\u00bb{}\u00bb][et_pb_fullwidth_header title=\u00bbExposici\u00f3n Virtual 2022&#8243; subhead=\u00bbPor la paz y el derecho a refugio\u00bb admin_label=\u00bbT\u00edtulo de anchura completa\u00bb _builder_version=\u00bb4.17.4&#8243; title_font=\u00bb|on|||\u00bb subhead_font=\u00bb||on||\u00bb background_color=\u00bbrgba(255, 255, 255, 0)\u00bb button_one_letter_spacing_hover=\u00bb0&#8243; button_two_letter_spacing_hover=\u00bb0&#8243; global_colors_info=\u00bb{}\u00bb button_one_text_size__hover_enabled=\u00bboff\u00bb button_two_text_size__hover_enabled=\u00bboff\u00bb button_one_text_color__hover_enabled=\u00bboff\u00bb button_two_text_color__hover_enabled=\u00bboff\u00bb button_one_border_width__hover_enabled=\u00bboff\u00bb button_two_border_width__hover_enabled=\u00bboff\u00bb button_one_border_color__hover_enabled=\u00bboff\u00bb button_two_border_color__hover_enabled=\u00bboff\u00bb button_one_border_radius__hover_enabled=\u00bboff\u00bb button_two_border_radius__hover_enabled=\u00bboff\u00bb button_one_letter_spacing__hover_enabled=\u00bbon\u00bb button_one_letter_spacing__hover=\u00bb0&#8243; button_two_letter_spacing__hover_enabled=\u00bbon\u00bb button_two_letter_spacing__hover=\u00bb0&#8243; button_one_bg_color__hover_enabled=\u00bboff\u00bb button_two_bg_color__hover_enabled=\u00bboff\u00bb][\/et_pb_fullwidth_header][\/et_pb_section][et_pb_section fb_built=\u00bb1&#8243; fullwidth=\u00bbon\u00bb disabled_on=\u00bboff|off|off\u00bb _builder_version=\u00bb4.16&#8243; _module_preset=\u00bbdefault\u00bb collapsed=\u00bboff\u00bb global_colors_info=\u00bb{}\u00bb][et_pb_fullwidth_code disabled_on=\u00bboff|off|off\u00bb admin_label=\u00bbC\u00f3digo de anchura completa\u00bb _builder_version=\u00bb4.17.4&#8243; _module_preset=\u00bbdefault\u00bb global_colors_info=\u00bb{}\u00bb]<iframe width='100%' height='800px' data-src='https:\/\/peopleartfactory.com\/r\/ata-que-o-millo-volva-crecer' frameborder='0' allowfullscreen webkitallowfullscreen mozallowfullscreen src='data:image\/svg+xml;base64,PHN2ZyB3aWR0aD0iMSIgaGVpZ2h0PSIxIiB4bWxucz0iaHR0cDovL3d3dy53My5vcmcvMjAwMC9zdmciPjwvc3ZnPg==' class='lazyload' data-load-mode='1' \/><\/iframe>[\/et_pb_fullwidth_code][\/et_pb_section][et_pb_section fb_built=\u00bb1&#8243; disabled_on=\u00bboff|off|off\u00bb admin_label=\u00bbTitulo Exposiciones Virtuales 2022&#8243; _builder_version=\u00bb4.16&#8243; _module_preset=\u00bbdefault\u00bb background_color=\u00bb#b6aea3&#8243; saved_tabs=\u00bball\u00bb collapsed=\u00bbon\u00bb global_colors_info=\u00bb{}\u00bb][et_pb_row use_custom_gutter=\u00bbon\u00bb gutter_width=\u00bb2&#8243; make_equal=\u00bbon\u00bb _builder_version=\u00bb4.16&#8243; _module_preset=\u00bbdefault\u00bb width=\u00bb100%\u00bb module_alignment=\u00bbcenter\u00bb custom_css_main_element=\u00bb.h2 { font-size: 26px !important ;}\u00bb collapsed=\u00bboff\u00bb global_colors_info=\u00bb{}\u00bb][et_pb_column type=\u00bb4_4&#8243; _builder_version=\u00bb4.16&#8243; _module_preset=\u00bbdefault\u00bb global_colors_info=\u00bb{}\u00bb][et_pb_text _builder_version=\u00bb4.17.4&#8243; _module_preset=\u00bbdefault\u00bb header_text_align=\u00bbcenter\u00bb header_2_font_size=\u00bb30px\u00bb text_orientation=\u00bbcenter\u00bb global_colors_info=\u00bb{}\u00bb]<\/p>\n<h1><span style=\"color: #000000;\"><strong>Exposiciones Virtuales<br \/><\/strong><\/span><\/h1>\n<h1><strong>Acampa 2022 &#8211; \u00abHambre y Refugio\u00bb.<\/strong><\/h1>\n<p>[\/et_pb_text][\/et_pb_column][\/et_pb_row][\/et_pb_section][et_pb_section fb_built=\u00bb1&#8243; disabled_on=\u00bboff|off|off\u00bb admin_label=\u00bbExposiciones Virtuales 2022&#8243; _builder_version=\u00bb4.16&#8243; _module_preset=\u00bbdefault\u00bb background_color=\u00bb#e8e8e8&#8243; saved_tabs=\u00bball\u00bb collapsed=\u00bbon\u00bb global_colors_info=\u00bb{}\u00bb][et_pb_row column_structure=\u00bb1_4,1_4,1_4,1_4&#8243; use_custom_gutter=\u00bbon\u00bb gutter_width=\u00bb2&#8243; make_equal=\u00bbon\u00bb _builder_version=\u00bb4.16&#8243; _module_preset=\u00bbdefault\u00bb width=\u00bb100%\u00bb module_alignment=\u00bbcenter\u00bb custom_css_main_element=\u00bb.h2 { font-size: 26px !important ;}\u00bb collapsed=\u00bboff\u00bb global_colors_info=\u00bb{}\u00bb][et_pb_column type=\u00bb1_4&#8243; _builder_version=\u00bb4.16&#8243; _module_preset=\u00bbdefault\u00bb global_colors_info=\u00bb{}\u00bb][et_pb_blurb title=\u00bbGuerra y hambre\u00bb url_new_window=\u00bbon\u00bb alt=\u00bbRivard Garc\u00eda Vilanova\u00bb admin_label=\u00bbRicard\u00bb module_class=\u00bbanoedicion2&#8243; _builder_version=\u00bb4.17.4&#8243; header_level=\u00bbh2&#8243; header_text_align=\u00bbcenter\u00bb header_font_size=\u00bb36px\u00bb header_line_height=\u00bb1.5em\u00bb body_font_size=\u00bb18px\u00bb background_image=\u00bbhttps:\/\/coruna.redeacampa.org\/wp-content\/uploads\/Ricard_G_Vilanova.jpg\u00bb background_size=\u00bbcontain\u00bb background_blend=\u00bboverlay\u00bb text_orientation=\u00bbcenter\u00bb background_layout=\u00bbdark\u00bb height=\u00bb195px\u00bb custom_padding=\u00bb30px|30px||30px|false|true\u00bb animation_style=\u00bbzoom\u00bb animation_duration=\u00bb500ms\u00bb link_option_url=\u00bbhttps:\/\/coruna.redeacampa.org\/es\/expo-virtual-2022-ricard\/\u00bb hover_enabled=\u00bb0&#8243; custom_css_main_element=\u00bbmax-width: 600px;||margin: 0 auto;\u00bb locked=\u00bboff\u00bb global_colors_info=\u00bb{}\u00bb header_text_color__hover_enabled=\u00bbon\u00bb body_text_color__hover_enabled=\u00bbon\u00bb background__hover_enabled=\u00bbon\u00bb sticky_enabled=\u00bb0&#8243;]<\/p>\n<p>Ricard Garc\u00eda Vilanova<\/p>\n<p>[\/et_pb_blurb][et_pb_blurb title=\u00bbSin refugio para el hambre\u00bb url_new_window=\u00bbon\u00bb alt=\u00bbPablo Tosco (Oxfan Interm\u00f3n)\u00bb admin_label=\u00bbP. Tosco\u00bb module_class=\u00bbanoedicion2&#8243; _builder_version=\u00bb4.17.4&#8243; header_level=\u00bbh2&#8243; header_text_align=\u00bbcenter\u00bb header_font_size=\u00bb36px\u00bb header_line_height=\u00bb1.5em\u00bb body_font_size=\u00bb18px\u00bb background_image=\u00bbhttps:\/\/coruna.redeacampa.org\/wp-content\/uploads\/05-Pablo_Tosco.jpg\u00bb background_size=\u00bbcontain\u00bb background_blend=\u00bboverlay\u00bb text_orientation=\u00bbcenter\u00bb background_layout=\u00bbdark\u00bb height=\u00bb195px\u00bb custom_padding=\u00bb30px|30px||30px|false|true\u00bb animation_style=\u00bbzoom\u00bb animation_duration=\u00bb500ms\u00bb link_option_url=\u00bbhttps:\/\/coruna.redeacampa.org\/es\/expo-virtual-2022-tosco\/\u00bb custom_css_main_element=\u00bbmax-width: 600px;||margin: 0 auto;\u00bb locked=\u00bboff\u00bb global_colors_info=\u00bb{}\u00bb header_text_color__hover_enabled=\u00bbon\u00bb body_text_color__hover_enabled=\u00bbon\u00bb background__hover_enabled=\u00bbon\u00bb]Pablo Tosco<br \/>\n(Oxfan Interm\u00f3n)[\/et_pb_blurb][\/et_pb_column][et_pb_column type=\u00bb1_4&#8243; _builder_version=\u00bb4.16&#8243; _module_preset=\u00bbdefault\u00bb global_colors_info=\u00bb{}\u00bb][et_pb_blurb title=\u00bbHasta que el ma\u00edz vuelva a crecer\u00bb url_new_window=\u00bbon\u00bb alt=\u00bbLys Arango\u00bb admin_label=\u00bbLys Arango\u00bb module_class=\u00bbanoedicion2&#8243; _builder_version=\u00bb4.17.4&#8243; header_level=\u00bbh2&#8243; header_text_align=\u00bbcenter\u00bb header_font_size=\u00bb36px\u00bb header_line_height=\u00bb1.5em\u00bb body_font_size=\u00bb18px\u00bb background_image=\u00bbhttps:\/\/coruna.redeacampa.org\/wp-content\/uploads\/Lys_Arango.jpg\u00bb background_size=\u00bbcontain\u00bb background_blend=\u00bboverlay\u00bb text_orientation=\u00bbcenter\u00bb background_layout=\u00bbdark\u00bb height=\u00bb195px\u00bb custom_margin_tablet=\u00bb||30px||false|false\u00bb custom_margin_phone=\u00bb\u00bb custom_margin_last_edited=\u00bbon|tablet\u00bb custom_padding=\u00bb20px|30px||30px|false|true\u00bb animation_style=\u00bbzoom\u00bb animation_duration=\u00bb500ms\u00bb link_option_url=\u00bbhttps:\/\/coruna.redeacampa.org\/es\/expo-virtual-2022-lys\/\u00bb custom_css_main_element=\u00bbmax-width: 600px;||margin: 0 auto;\u00bb locked=\u00bboff\u00bb global_colors_info=\u00bb{}\u00bb header_text_color__hover_enabled=\u00bbon\u00bb body_text_color__hover_enabled=\u00bbon\u00bb background__hover_enabled=\u00bbon\u00bb]<\/p>\n<p>Lys Arango<\/p>\n<p>[\/et_pb_blurb][et_pb_blurb title=\u00bbBrasil, pa\u00eds del hambre\u00bb url_new_window=\u00bbon\u00bb alt=\u00bbRodrigo Zaim\u00bb admin_label=\u00bbR. Zaim\u00bb module_class=\u00bbanoedicion2&#8243; _builder_version=\u00bb4.17.4&#8243; header_level=\u00bbh2&#8243; header_text_align=\u00bbcenter\u00bb header_font_size=\u00bb36px\u00bb header_line_height=\u00bb1.5em\u00bb body_font_size=\u00bb18px\u00bb background_image=\u00bbhttps:\/\/coruna.redeacampa.org\/wp-content\/uploads\/07-Rodrigo_Zaim.jpg\u00bb background_size=\u00bbcontain\u00bb background_blend=\u00bboverlay\u00bb text_orientation=\u00bbcenter\u00bb background_layout=\u00bbdark\u00bb height=\u00bb195px\u00bb custom_margin_tablet=\u00bb\u00bb custom_margin_phone=\u00bb\u00bb custom_margin_last_edited=\u00bbon|tablet\u00bb custom_padding=\u00bb25px|30px||30px|false|true\u00bb animation_style=\u00bbzoom\u00bb animation_duration=\u00bb500ms\u00bb link_option_url=\u00bbhttps:\/\/coruna.redeacampa.org\/es\/expo-virtual-2022-zaim\/\u00bb hover_enabled=\u00bb0&#8243; custom_css_main_element=\u00bbmax-width: 600px;||margin: 0 auto;\u00bb locked=\u00bboff\u00bb global_colors_info=\u00bb{}\u00bb header_text_color__hover_enabled=\u00bbon\u00bb body_text_color__hover_enabled=\u00bbon\u00bb background__hover_enabled=\u00bbon\u00bb sticky_enabled=\u00bb0&#8243;]<\/p>\n<p>Rodrigo Zaim<\/p>\n<p>[\/et_pb_blurb][\/et_pb_column][et_pb_column type=\u00bb1_4&#8243; _builder_version=\u00bb4.16&#8243; _module_preset=\u00bbdefault\u00bb global_colors_info=\u00bb{}\u00bb][et_pb_blurb title=\u00bbLa Tierra Seca\u00bb url_new_window=\u00bbon\u00bb alt=\u00bbJavier Teniente\u00bb admin_label=\u00bbJ. Teniente\u00bb module_class=\u00bbanoedicion2&#8243; _builder_version=\u00bb4.17.4&#8243; header_level=\u00bbh2&#8243; header_text_align=\u00bbcenter\u00bb header_font_size=\u00bb36px\u00bb header_line_height=\u00bb1.5em\u00bb body_font_size=\u00bb18px\u00bb background_image=\u00bbhttps:\/\/coruna.redeacampa.org\/wp-content\/uploads\/03-Javier_Teniente.jpg\u00bb background_size=\u00bbcontain\u00bb background_blend=\u00bboverlay\u00bb text_orientation=\u00bbcenter\u00bb background_layout=\u00bbdark\u00bb height=\u00bb195px\u00bb custom_margin_tablet=\u00bb||30px||false|false\u00bb custom_margin_phone=\u00bb\u00bb custom_margin_last_edited=\u00bbon|tablet\u00bb custom_padding=\u00bb60px|30px||30px|false|true\u00bb animation_style=\u00bbzoom\u00bb animation_duration=\u00bb500ms\u00bb link_option_url=\u00bbhttps:\/\/coruna.redeacampa.org\/es\/expo-virtual-2022-teniente\/\u00bb custom_css_main_element=\u00bbmax-width: 600px;||margin: 0 auto;\u00bb locked=\u00bboff\u00bb global_colors_info=\u00bb{}\u00bb header_text_color__hover_enabled=\u00bbon\u00bb body_text_color__hover_enabled=\u00bbon\u00bb background__hover_enabled=\u00bbon\u00bb]<\/p>\n<p>Javier Teniente<\/p>\n<p>[\/et_pb_blurb][et_pb_blurb title=\u00bbGlobesity\u00bb url_new_window=\u00bbon\u00bb alt=\u00bbGlobesity &#8211; Silvia Landi\u00bb admin_label=\u00bbSilvia Landi\u00bb module_class=\u00bbanoedicion2&#8243; _builder_version=\u00bb4.17.4&#8243; header_level=\u00bbh2&#8243; header_text_align=\u00bbcenter\u00bb header_font_size=\u00bb36px\u00bb header_line_height=\u00bb1.5em\u00bb body_font_size=\u00bb18px\u00bb background_image=\u00bbhttps:\/\/coruna.redeacampa.org\/wp-content\/uploads\/08-Silvia_Landi.jpg\u00bb background_size=\u00bbcontain\u00bb background_blend=\u00bboverlay\u00bb text_orientation=\u00bbcenter\u00bb background_layout=\u00bbdark\u00bb height=\u00bb195px\u00bb custom_padding=\u00bb30px|30px||30px|false|true\u00bb animation_style=\u00bbzoom\u00bb animation_duration=\u00bb500ms\u00bb link_option_url=\u00bbhttps:\/\/coruna.redeacampa.org\/es\/expo-virtual-2022-landi\/\u00bb custom_css_main_element=\u00bbmax-width: 600px;||margin: 0 auto;\u00bb locked=\u00bboff\u00bb global_colors_info=\u00bb{}\u00bb header_text_color__hover_enabled=\u00bbon\u00bb body_text_color__hover_enabled=\u00bbon\u00bb background__hover_enabled=\u00bbon\u00bb]Silvia Landi[\/et_pb_blurb][\/et_pb_column][et_pb_column type=\u00bb1_4&#8243; _builder_version=\u00bb4.16&#8243; _module_preset=\u00bbdefault\u00bb global_colors_info=\u00bb{}\u00bb][et_pb_blurb title=\u00bbLa memoria del olvido\u00bb url_new_window=\u00bbon\u00bb alt=\u00bbJuan Carlos Tomasi\u00bb admin_label=\u00bbJ. C. Tomasi\u00bb module_class=\u00bbanoedicion2&#8243; _builder_version=\u00bb4.17.4&#8243; header_level=\u00bbh2&#8243; header_text_align=\u00bbcenter\u00bb header_font_size=\u00bb36px\u00bb header_line_height=\u00bb1.5em\u00bb body_font_size=\u00bb18px\u00bb background_image=\u00bbhttps:\/\/coruna.redeacampa.org\/wp-content\/uploads\/04-Juan_C_Tomasi.jpg\u00bb background_size=\u00bbcontain\u00bb background_blend=\u00bboverlay\u00bb text_orientation=\u00bbcenter\u00bb background_layout=\u00bbdark\u00bb height=\u00bb195px\u00bb custom_margin_tablet=\u00bb||30px||false|false\u00bb custom_margin_phone=\u00bb\u00bb custom_margin_last_edited=\u00bbon|tablet\u00bb custom_padding=\u00bb25px|30px||30px|false|true\u00bb animation_style=\u00bbzoom\u00bb animation_duration=\u00bb500ms\u00bb link_option_url=\u00bbhttps:\/\/coruna.redeacampa.org\/es\/expo-virtual-2022-tomasi\/\u00bb custom_css_main_element=\u00bbmax-width: 600px;||margin: 0 auto;\u00bb locked=\u00bboff\u00bb global_colors_info=\u00bb{}\u00bb header_text_color__hover_enabled=\u00bbon\u00bb body_text_color__hover_enabled=\u00bbon\u00bb background__hover_enabled=\u00bbon\u00bb]Juan Carlos Tomasi<br \/>\n(M\u00e9dicos Sin Fronteras)[\/et_pb_blurb][\/et_pb_column][\/et_pb_row][\/et_pb_section]<\/p>\n","protected":false},"excerpt":{"rendered":"<p>Exposiciones Virtuales Acampa 2022 &#8211; \u00abHambre y Refugio\u00bb.Ricard Garc\u00eda VilanovaPablo Tosco (Oxfan Interm\u00f3n)Lys ArangoRodrigo ZaimJavier TenienteSilvia LandiJuan Carlos Tomasi (M\u00e9dicos Sin Fronteras)<\/p>\n","protected":false},"author":1,"featured_media":0,"parent":0,"menu_order":54,"comment_status":"closed","ping_status":"closed","template":"","meta":{"_et_pb_use_builder":"on","_et_pb_old_content":"","_et_gb_content_width":"","inline_featured_image":false,"footnotes":""},"categories":[432],"tags":[],"class_list":["post-53727","page","type-page","status-publish","hentry","category-acampa-2022-es"],"yoast_head":"<!-- This site is optimized with the Yoast SEO plugin v26.4 - https:\/\/yoast.com\/wordpress\/plugins\/seo\/ -->\n<title>Exposici\u00f3n Virtual 2022 Lys - Acampa - Pola paz e o dereito a refuxio<\/title>\n<meta name=\"robots\" content=\"index, follow, max-snippet:-1, max-image-preview:large, max-video-preview:-1\" \/>\n<link rel=\"canonical\" href=\"https:\/\/coruna.redeacampa.org\/es\/expo-virtual-2022-lys\/\" \/>\n<meta property=\"og:locale\" content=\"es_ES\" \/>\n<meta property=\"og:type\" content=\"article\" \/>\n<meta property=\"og:title\" content=\"Exposici\u00f3n Virtual 2022 Lys - Acampa - Pola paz e o dereito a refuxio\" \/>\n<meta property=\"og:description\" content=\"Exposiciones Virtuales Acampa 2022 - &quot;Hambre y Refugio&quot;.Ricard Garc\u00eda VilanovaPablo Tosco (Oxfan Interm\u00f3n)Lys ArangoRodrigo ZaimJavier TenienteSilvia LandiJuan Carlos Tomasi (M\u00e9dicos Sin Fronteras)\" \/>\n<meta property=\"og:url\" content=\"https:\/\/coruna.redeacampa.org\/es\/expo-virtual-2022-lys\/\" \/>\n<meta property=\"og:site_name\" content=\"Acampa - Pola paz e o dereito a refuxio\" \/>\n<meta property=\"article:publisher\" content=\"https:\/\/www.facebook.com\/acampapolapazeodereitoarefuxio\" \/>\n<meta property=\"article:modified_time\" content=\"2022-06-03T12:07:26+00:00\" \/>\n<meta name=\"twitter:card\" content=\"summary_large_image\" \/>\n<meta name=\"twitter:site\" content=\"@Acampa_polapaz\" \/>\n<meta name=\"twitter:label1\" content=\"Tiempo de lectura\" \/>\n\t<meta name=\"twitter:data1\" content=\"7 minutos\" \/>\n<script type=\"application\/ld+json\" class=\"yoast-schema-graph\">{\"@context\":\"https:\/\/schema.org\",\"@graph\":[{\"@type\":\"WebPage\",\"@id\":\"https:\/\/coruna.redeacampa.org\/es\/expo-virtual-2022-lys\/\",\"url\":\"https:\/\/coruna.redeacampa.org\/es\/expo-virtual-2022-lys\/\",\"name\":\"Exposici\u00f3n Virtual 2022 Lys - Acampa - Pola paz e o dereito a refuxio\",\"isPartOf\":{\"@id\":\"https:\/\/coruna.redeacampa.org\/es\/#website\"},\"datePublished\":\"2022-05-21T19:37:24+00:00\",\"dateModified\":\"2022-06-03T12:07:26+00:00\",\"breadcrumb\":{\"@id\":\"https:\/\/coruna.redeacampa.org\/es\/expo-virtual-2022-lys\/#breadcrumb\"},\"inLanguage\":\"es\",\"potentialAction\":[{\"@type\":\"ReadAction\",\"target\":[\"https:\/\/coruna.redeacampa.org\/es\/expo-virtual-2022-lys\/\"]}]},{\"@type\":\"BreadcrumbList\",\"@id\":\"https:\/\/coruna.redeacampa.org\/es\/expo-virtual-2022-lys\/#breadcrumb\",\"itemListElement\":[{\"@type\":\"ListItem\",\"position\":1,\"name\":\"Portada\",\"item\":\"https:\/\/coruna.redeacampa.org\/es\/\"},{\"@type\":\"ListItem\",\"position\":2,\"name\":\"Exposici\u00f3n Virtual 2022 Lys\"}]},{\"@type\":\"WebSite\",\"@id\":\"https:\/\/coruna.redeacampa.org\/es\/#website\",\"url\":\"https:\/\/coruna.redeacampa.org\/es\/\",\"name\":\"Acampa - Pola paz e o dereito a refuxio\",\"description\":\"Unha iniciativa cidad\u00e1 sen fins de lucro integrada por colectivos sociais, culturais, educativos, veci\u00f1ais, pol\u00edticos, sindicais, art\u00edsticos, de persoas solidarias, de instituci\u00f3ns e empresas con responsabilidade social que te\u00f1en como obxectivo a defensa dos dereitos humanos, o Dereito Internacional Humanitario e o Dereito a Refuxio.\",\"potentialAction\":[{\"@type\":\"SearchAction\",\"target\":{\"@type\":\"EntryPoint\",\"urlTemplate\":\"https:\/\/coruna.redeacampa.org\/es\/?s={search_term_string}\"},\"query-input\":{\"@type\":\"PropertyValueSpecification\",\"valueRequired\":true,\"valueName\":\"search_term_string\"}}],\"inLanguage\":\"es\"}]}<\/script>\n<!-- \/ Yoast SEO plugin. -->","yoast_head_json":{"title":"Exposici\u00f3n Virtual 2022 Lys - Acampa - Pola paz e o dereito a refuxio","robots":{"index":"index","follow":"follow","max-snippet":"max-snippet:-1","max-image-preview":"max-image-preview:large","max-video-preview":"max-video-preview:-1"},"canonical":"https:\/\/coruna.redeacampa.org\/es\/expo-virtual-2022-lys\/","og_locale":"es_ES","og_type":"article","og_title":"Exposici\u00f3n Virtual 2022 Lys - Acampa - Pola paz e o dereito a refuxio","og_description":"Exposiciones Virtuales Acampa 2022 - \"Hambre y Refugio\".Ricard Garc\u00eda VilanovaPablo Tosco (Oxfan Interm\u00f3n)Lys ArangoRodrigo ZaimJavier TenienteSilvia LandiJuan Carlos Tomasi (M\u00e9dicos Sin Fronteras)","og_url":"https:\/\/coruna.redeacampa.org\/es\/expo-virtual-2022-lys\/","og_site_name":"Acampa - Pola paz e o dereito a refuxio","article_publisher":"https:\/\/www.facebook.com\/acampapolapazeodereitoarefuxio","article_modified_time":"2022-06-03T12:07:26+00:00","twitter_card":"summary_large_image","twitter_site":"@Acampa_polapaz","twitter_misc":{"Tiempo de lectura":"7 minutos"},"schema":{"@context":"https:\/\/schema.org","@graph":[{"@type":"WebPage","@id":"https:\/\/coruna.redeacampa.org\/es\/expo-virtual-2022-lys\/","url":"https:\/\/coruna.redeacampa.org\/es\/expo-virtual-2022-lys\/","name":"Exposici\u00f3n Virtual 2022 Lys - Acampa - Pola paz e o dereito a refuxio","isPartOf":{"@id":"https:\/\/coruna.redeacampa.org\/es\/#website"},"datePublished":"2022-05-21T19:37:24+00:00","dateModified":"2022-06-03T12:07:26+00:00","breadcrumb":{"@id":"https:\/\/coruna.redeacampa.org\/es\/expo-virtual-2022-lys\/#breadcrumb"},"inLanguage":"es","potentialAction":[{"@type":"ReadAction","target":["https:\/\/coruna.redeacampa.org\/es\/expo-virtual-2022-lys\/"]}]},{"@type":"BreadcrumbList","@id":"https:\/\/coruna.redeacampa.org\/es\/expo-virtual-2022-lys\/#breadcrumb","itemListElement":[{"@type":"ListItem","position":1,"name":"Portada","item":"https:\/\/coruna.redeacampa.org\/es\/"},{"@type":"ListItem","position":2,"name":"Exposici\u00f3n Virtual 2022 Lys"}]},{"@type":"WebSite","@id":"https:\/\/coruna.redeacampa.org\/es\/#website","url":"https:\/\/coruna.redeacampa.org\/es\/","name":"Acampa - Pola paz e o dereito a refuxio","description":"Unha iniciativa cidad\u00e1 sen fins de lucro integrada por colectivos sociais, culturais, educativos, veci\u00f1ais, pol\u00edticos, sindicais, art\u00edsticos, de persoas solidarias, de instituci\u00f3ns e empresas con responsabilidade social que te\u00f1en como obxectivo a defensa dos dereitos humanos, o Dereito Internacional Humanitario e o Dereito a Refuxio.","potentialAction":[{"@type":"SearchAction","target":{"@type":"EntryPoint","urlTemplate":"https:\/\/coruna.redeacampa.org\/es\/?s={search_term_string}"},"query-input":{"@type":"PropertyValueSpecification","valueRequired":true,"valueName":"search_term_string"}}],"inLanguage":"es"}]}},"_links":{"self":[{"href":"https:\/\/coruna.redeacampa.org\/es\/wp-json\/wp\/v2\/pages\/53727","targetHints":{"allow":["GET"]}}],"collection":[{"href":"https:\/\/coruna.redeacampa.org\/es\/wp-json\/wp\/v2\/pages"}],"about":[{"href":"https:\/\/coruna.redeacampa.org\/es\/wp-json\/wp\/v2\/types\/page"}],"author":[{"embeddable":true,"href":"https:\/\/coruna.redeacampa.org\/es\/wp-json\/wp\/v2\/users\/1"}],"replies":[{"embeddable":true,"href":"https:\/\/coruna.redeacampa.org\/es\/wp-json\/wp\/v2\/comments?post=53727"}],"version-history":[{"count":0,"href":"https:\/\/coruna.redeacampa.org\/es\/wp-json\/wp\/v2\/pages\/53727\/revisions"}],"wp:attachment":[{"href":"https:\/\/coruna.redeacampa.org\/es\/wp-json\/wp\/v2\/media?parent=53727"}],"wp:term":[{"taxonomy":"category","embeddable":true,"href":"https:\/\/coruna.redeacampa.org\/es\/wp-json\/wp\/v2\/categories?post=53727"},{"taxonomy":"post_tag","embeddable":true,"href":"https:\/\/coruna.redeacampa.org\/es\/wp-json\/wp\/v2\/tags?post=53727"}],"curies":[{"name":"wp","href":"https:\/\/api.w.org\/{rel}","templated":true}]}}