{"id":49237,"date":"2021-08-25T19:22:42","date_gmt":"2021-08-25T17:22:42","guid":{"rendered":"https:\/\/coruna.redeacampa.org\/?page_id=49237"},"modified":"2021-09-20T20:31:41","modified_gmt":"2021-09-20T18:31:41","slug":"expo-virtual-2021-akintunde","status":"publish","type":"page","link":"https:\/\/coruna.redeacampa.org\/es\/expo-virtual-2021-akintunde\/","title":{"rendered":"Exposici\u00f3n Virtual 2021 Akitunde"},"content":{"rendered":"<p>[et_pb_section fb_built=\u00bb1&#8243; fullwidth=\u00bbon\u00bb custom_padding_last_edited=\u00bbon|desktop\u00bb admin_label=\u00bbsection\u00bb _builder_version=\u00bb3.22.3&#8243; background_color=\u00bb#cd1619&#8243; custom_padding_tablet=\u00bb50px|0|50px|0&#8243; custom_padding_phone=\u00bb\u00bb transparent_background=\u00bboff\u00bb padding_mobile=\u00bboff\u00bb global_colors_info=\u00bb{}\u00bb][et_pb_fullwidth_header title=\u00bbExposici\u00f3n Virtual 2021&#8243; subhead=\u00bbPor la paz y el derecho a refugio\u00bb admin_label=\u00bbT\u00edtulo de anchura completa\u00bb _builder_version=\u00bb4.10.4&#8243; title_font=\u00bb|on|||\u00bb subhead_font=\u00bb||on||\u00bb background_color=\u00bbrgba(255, 255, 255, 0)\u00bb button_one_letter_spacing_hover=\u00bb0&#8243; button_two_letter_spacing_hover=\u00bb0&#8243; global_colors_info=\u00bb{}\u00bb button_one_text_size__hover_enabled=\u00bboff\u00bb button_two_text_size__hover_enabled=\u00bboff\u00bb button_one_text_color__hover_enabled=\u00bboff\u00bb button_two_text_color__hover_enabled=\u00bboff\u00bb button_one_border_width__hover_enabled=\u00bboff\u00bb button_two_border_width__hover_enabled=\u00bboff\u00bb button_one_border_color__hover_enabled=\u00bboff\u00bb button_two_border_color__hover_enabled=\u00bboff\u00bb button_one_border_radius__hover_enabled=\u00bboff\u00bb button_two_border_radius__hover_enabled=\u00bboff\u00bb button_one_letter_spacing__hover_enabled=\u00bbon\u00bb button_one_letter_spacing__hover=\u00bb0&#8243; button_two_letter_spacing__hover_enabled=\u00bbon\u00bb button_two_letter_spacing__hover=\u00bb0&#8243; button_one_bg_color__hover_enabled=\u00bboff\u00bb button_two_bg_color__hover_enabled=\u00bboff\u00bb][\/et_pb_fullwidth_header][\/et_pb_section][et_pb_section fb_built=\u00bb1&#8243; fullwidth=\u00bbon\u00bb disabled_on=\u00bboff|off|off\u00bb _builder_version=\u00bb4.6.6&#8243; _module_preset=\u00bbdefault\u00bb global_colors_info=\u00bb{}\u00bb][et_pb_fullwidth_code disabled_on=\u00bboff|off|off\u00bb _builder_version=\u00bb4.10.4&#8243; _module_preset=\u00bbdefault\u00bb global_colors_info=\u00bb{}\u00bb]<iframe width='100%' height='800px' data-src='https:\/\/peopleartfactory.com\/r\/Refinerias_Do_Delta_Bush'  frameborder='0' allowfullscreen webkitallowfullscreen mozallowfullscreen src='data:image\/svg+xml;base64,PHN2ZyB3aWR0aD0iMSIgaGVpZ2h0PSIxIiB4bWxucz0iaHR0cDovL3d3dy53My5vcmcvMjAwMC9zdmciPjwvc3ZnPg==' class='lazyload' data-load-mode='1' \/><\/iframe>[\/et_pb_fullwidth_code][\/et_pb_section][et_pb_section fb_built=\u00bb1&#8243; disabled_on=\u00bboff|off|off\u00bb admin_label=\u00bbTitulo Exposiciones Virtuales 2021&#8243; _builder_version=\u00bb4.10.4&#8243; _module_preset=\u00bbdefault\u00bb background_color=\u00bb#b6aea3&#8243; saved_tabs=\u00bball\u00bb collapsed=\u00bboff\u00bb global_colors_info=\u00bb{}\u00bb global_module=\u00bb51091&#8243;][et_pb_row use_custom_gutter=\u00bbon\u00bb gutter_width=\u00bb2&#8243; make_equal=\u00bbon\u00bb _builder_version=\u00bb4.10.4&#8243; _module_preset=\u00bbdefault\u00bb width=\u00bb100%\u00bb module_alignment=\u00bbcenter\u00bb custom_css_main_element=\u00bb.h2 { font-size: 26px !important ;}\u00bb collapsed=\u00bboff\u00bb global_colors_info=\u00bb{}\u00bb][et_pb_column type=\u00bb4_4&#8243; _builder_version=\u00bb4.10.4&#8243; _module_preset=\u00bbdefault\u00bb global_colors_info=\u00bb{}\u00bb][et_pb_text _builder_version=\u00bb4.10.7&#8243; _module_preset=\u00bbdefault\u00bb header_text_align=\u00bbcenter\u00bb header_2_font_size=\u00bb30px\u00bb text_orientation=\u00bbcenter\u00bb global_colors_info=\u00bb{}\u00bb]<\/p>\n<h2>Exposiciones Virtuales, Acampa 2021 &#8211; \u00abLa Vida Negada\u00bb<\/h2>\n<p>[\/et_pb_text][\/et_pb_column][\/et_pb_row][\/et_pb_section][et_pb_section fb_built=\u00bb1&#8243; disabled_on=\u00bboff|off|off\u00bb admin_label=\u00bbExposiciones Virtuales 2021&#8243; _builder_version=\u00bb4.10.4&#8243; _module_preset=\u00bbdefault\u00bb background_color=\u00bb#b6aea3&#8243; global_module=\u00bb49718&#8243; saved_tabs=\u00bball\u00bb collapsed=\u00bboff\u00bb global_colors_info=\u00bb{}\u00bb][et_pb_row column_structure=\u00bb1_4,1_4,1_4,1_4&#8243; use_custom_gutter=\u00bbon\u00bb gutter_width=\u00bb2&#8243; make_equal=\u00bbon\u00bb _builder_version=\u00bb4.10.4&#8243; _module_preset=\u00bbdefault\u00bb width=\u00bb100%\u00bb module_alignment=\u00bbcenter\u00bb custom_css_main_element=\u00bb.h2 { font-size: 26px !important ;}\u00bb collapsed=\u00bboff\u00bb global_colors_info=\u00bb{}\u00bb][et_pb_column type=\u00bb1_4&#8243; _builder_version=\u00bb4.10.4&#8243; _module_preset=\u00bbdefault\u00bb global_colors_info=\u00bb{}\u00bb][et_pb_blurb title=\u00bbRefinerias del Delta Bush\u00bb url_new_window=\u00bbon\u00bb alt=\u00bbDelta Bush Refineries &#8211; Akintunde Akinleye\u00bb admin_label=\u00bbAkintunde\u00bb module_class=\u00bbanoedicion2&#8243; _builder_version=\u00bb4.10.7&#8243; header_level=\u00bbh2&#8243; header_text_align=\u00bbcenter\u00bb header_font_size=\u00bb36px\u00bb header_line_height=\u00bb1.5em\u00bb body_font_size=\u00bb18px\u00bb background_image=\u00bbhttps:\/\/coruna.redeacampa.org\/wp-content\/uploads\/Web_2021_08.jpg\u00bb background_size=\u00bbcontain\u00bb background_blend=\u00bboverlay\u00bb text_orientation=\u00bbcenter\u00bb background_layout=\u00bbdark\u00bb height=\u00bb195px\u00bb custom_margin_tablet=\u00bb||30px||false|false\u00bb custom_margin_phone=\u00bb\u00bb custom_margin_last_edited=\u00bbon|tablet\u00bb custom_padding=\u00bb30px|30px||30px|false|true\u00bb animation_style=\u00bbzoom\u00bb animation_duration=\u00bb500ms\u00bb link_option_url=\u00bbhttps:\/\/coruna.redeacampa.org\/es\/expo-virtual-2021-akintunde\/\u00bb custom_css_main_element=\u00bbmax-width: 600px;||margin: 0 auto;\u00bb locked=\u00bboff\u00bb global_colors_info=\u00bb{}\u00bb header_text_color__hover_enabled=\u00bbon\u00bb body_text_color__hover_enabled=\u00bbon\u00bb background__hover_enabled=\u00bbon\u00bb]<\/p>\n<p>Akintunde Akinleye<\/p>\n<p>[\/et_pb_blurb][et_pb_blurb title=\u00bbLos dos lados del muro\u00bb url_new_window=\u00bbon\u00bb alt=\u00bbThe Two Sides of the Wall &#8211; Luis de Vega\u00bb admin_label=\u00bbVega\u00bb module_class=\u00bbanoedicion2&#8243; _builder_version=\u00bb4.10.7&#8243; header_level=\u00bbh2&#8243; header_text_align=\u00bbcenter\u00bb header_font_size=\u00bb36px\u00bb header_line_height=\u00bb1.5em\u00bb body_font_size=\u00bb18px\u00bb background_image=\u00bbhttps:\/\/coruna.redeacampa.org\/wp-content\/uploads\/Web_2021_09.jpg\u00bb background_size=\u00bbcontain\u00bb background_blend=\u00bboverlay\u00bb text_orientation=\u00bbcenter\u00bb background_layout=\u00bbdark\u00bb height=\u00bb195px\u00bb custom_padding=\u00bb3px|30px||30px|false|true\u00bb animation_style=\u00bbzoom\u00bb animation_duration=\u00bb500ms\u00bb link_option_url=\u00bbhttps:\/\/coruna.redeacampa.org\/es\/expo-virtual-2021-vega\/\u00bb custom_css_main_element=\u00bbmax-width: 600px;||margin: 0 auto;\u00bb locked=\u00bboff\u00bb global_colors_info=\u00bb{}\u00bb header_text_color__hover_enabled=\u00bbon\u00bb body_text_color__hover_enabled=\u00bbon\u00bb background__hover_enabled=\u00bbon\u00bb]<\/p>\n<p>Luis de Vega<\/p>\n<p>[\/et_pb_blurb][\/et_pb_column][et_pb_column type=\u00bb1_4&#8243; _builder_version=\u00bb4.10.4&#8243; _module_preset=\u00bbdefault\u00bb global_colors_info=\u00bb{}\u00bb][et_pb_blurb title=\u00bbTierra Verde\u00bb url_new_window=\u00bbon\u00bb alt=\u00bbGreen Earth &#8211; Javier Corso\u00bb admin_label=\u00bbCorso\u00bb module_class=\u00bbanoedicion2&#8243; _builder_version=\u00bb4.10.7&#8243; header_level=\u00bbh2&#8243; header_text_align=\u00bbcenter\u00bb header_font_size=\u00bb36px\u00bb header_line_height=\u00bb1.5em\u00bb body_font_size=\u00bb18px\u00bb background_image=\u00bbhttps:\/\/coruna.redeacampa.org\/wp-content\/uploads\/Web_2021_03.jpg\u00bb background_size=\u00bbcontain\u00bb background_blend=\u00bboverlay\u00bb text_orientation=\u00bbcenter\u00bb background_layout=\u00bbdark\u00bb height=\u00bb195px\u00bb custom_margin_tablet=\u00bb||30px||false|false\u00bb custom_margin_phone=\u00bb\u00bb custom_margin_last_edited=\u00bbon|tablet\u00bb custom_padding=\u00bb60px|30px||30px|false|true\u00bb animation_style=\u00bbzoom\u00bb animation_duration=\u00bb500ms\u00bb link_option_url=\u00bbhttps:\/\/coruna.redeacampa.org\/es\/expo-virtual-2021-corso\/\u00bb custom_css_main_element=\u00bbmax-width: 600px;||margin: 0 auto;\u00bb locked=\u00bboff\u00bb global_colors_info=\u00bb{}\u00bb header_text_color__hover_enabled=\u00bbon\u00bb body_text_color__hover_enabled=\u00bbon\u00bb background__hover_enabled=\u00bbon\u00bb]<\/p>\n<p>Javier Corso<\/p>\n<p>[\/et_pb_blurb][et_pb_blurb title=\u00bbEl coste Humano de los Agrot\u00f3xicos\u00bb url_new_window=\u00bbon\u00bb alt=\u00bbThe Human Cost of Agrotoxins &#8211; Pablo Ernesto Piovano\u00bb admin_label=\u00bbPiovano\u00bb module_class=\u00bbanoedicion2&#8243; _builder_version=\u00bb4.10.7&#8243; header_level=\u00bbh2&#8243; header_text_align=\u00bbcenter\u00bb header_font_size=\u00bb36px\u00bb header_line_height=\u00bb1.5em\u00bb body_font_size=\u00bb18px\u00bb background_image=\u00bbhttps:\/\/coruna.redeacampa.org\/wp-content\/uploads\/Portada_21_04.jpg\u00bb background_size=\u00bbcontain\u00bb background_blend=\u00bboverlay\u00bb text_orientation=\u00bbcenter\u00bb background_layout=\u00bbdark\u00bb height=\u00bb195px\u00bb custom_margin_tablet=\u00bb\u00bb custom_margin_phone=\u00bb\u00bb custom_margin_last_edited=\u00bbon|tablet\u00bb custom_padding=\u00bb25px|30px||30px|false|true\u00bb animation_style=\u00bbzoom\u00bb animation_duration=\u00bb500ms\u00bb link_option_url=\u00bbhttps:\/\/coruna.redeacampa.org\/es\/expo-virtual-2021-piovano\/\u00bb custom_css_main_element=\u00bbmax-width: 600px;||margin: 0 auto;\u00bb locked=\u00bboff\u00bb global_colors_info=\u00bb{}\u00bb header_text_color__hover_enabled=\u00bbon\u00bb body_text_color__hover_enabled=\u00bbon\u00bb background__hover_enabled=\u00bbon\u00bb]<\/p>\n<p>Pablo Piovano<\/p>\n<p>[\/et_pb_blurb][\/et_pb_column][et_pb_column type=\u00bb1_4&#8243; _builder_version=\u00bb4.10.4&#8243; _module_preset=\u00bbdefault\u00bb global_colors_info=\u00bb{}\u00bb][et_pb_blurb title=\u00bbMatria\u00bb url_new_window=\u00bbon\u00bb alt=\u00bbMatria &#8211; Judith Prat\u00bb admin_label=\u00bbJudith\u00bb module_class=\u00bbanoedicion2&#8243; _builder_version=\u00bb4.10.7&#8243; header_level=\u00bbh2&#8243; header_text_align=\u00bbcenter\u00bb header_font_size=\u00bb36px\u00bb header_line_height=\u00bb1.5em\u00bb body_font_size=\u00bb18px\u00bb background_image=\u00bbhttps:\/\/coruna.redeacampa.org\/wp-content\/uploads\/Web_2021_11.jpg\u00bb background_size=\u00bbcontain\u00bb background_blend=\u00bboverlay\u00bb text_orientation=\u00bbcenter\u00bb background_layout=\u00bbdark\u00bb height=\u00bb195px\u00bb custom_margin_tablet=\u00bb||30px||false|false\u00bb custom_margin_phone=\u00bb\u00bb custom_margin_last_edited=\u00bbon|tablet\u00bb custom_padding=\u00bb60px|30px||30px|false|true\u00bb animation_style=\u00bbzoom\u00bb animation_duration=\u00bb500ms\u00bb link_option_url=\u00bbhttps:\/\/coruna.redeacampa.org\/es\/expo-virtual-2021-judith\/\u00bb custom_css_main_element=\u00bbmax-width: 600px;||margin: 0 auto;\u00bb locked=\u00bboff\u00bb global_colors_info=\u00bb{}\u00bb header_text_color__hover_enabled=\u00bbon\u00bb body_text_color__hover_enabled=\u00bbon\u00bb background__hover_enabled=\u00bbon\u00bb]<\/p>\n<p>Judith Prat<\/p>\n<p>[\/et_pb_blurb][et_pb_blurb title=\u00bbDeforestaci\u00f3n Amazonica\u00bb url_new_window=\u00bbon\u00bb alt=\u00bbAmazon deforestation &#8211; Victor Moriyama\u00bb admin_label=\u00bbMoriyama\u00bb module_class=\u00bbanoedicion2&#8243; _builder_version=\u00bb4.10.7&#8243; header_level=\u00bbh2&#8243; header_text_align=\u00bbcenter\u00bb header_font_size=\u00bb36px\u00bb header_line_height=\u00bb1.5em\u00bb body_font_size=\u00bb18px\u00bb background_image=\u00bbhttps:\/\/coruna.redeacampa.org\/wp-content\/uploads\/Web_2021_05.jpg\u00bb background_size=\u00bbcontain\u00bb background_blend=\u00bboverlay\u00bb text_orientation=\u00bbcenter\u00bb background_layout=\u00bbdark\u00bb height=\u00bb195px\u00bb custom_padding=\u00bb30px|30px||30px|false|true\u00bb animation_style=\u00bbzoom\u00bb animation_duration=\u00bb500ms\u00bb link_option_url=\u00bbhttps:\/\/coruna.redeacampa.org\/es\/expo-virtual-2021-moriyama\/\u00bb custom_css_main_element=\u00bbmax-width: 600px;||margin: 0 auto;\u00bb locked=\u00bboff\u00bb global_colors_info=\u00bb{}\u00bb header_text_color__hover_enabled=\u00bbon\u00bb body_text_color__hover_enabled=\u00bbon\u00bb background__hover_enabled=\u00bbon\u00bb]<\/p>\n<p>V\u00edctor Moriyama<\/p>\n<p>[\/et_pb_blurb][\/et_pb_column][et_pb_column type=\u00bb1_4&#8243; _builder_version=\u00bb4.10.4&#8243; _module_preset=\u00bbdefault\u00bb global_colors_info=\u00bb{}\u00bb][et_pb_blurb title=\u00bbMST: Tierra, Justicia y Derechos\u00bb url_new_window=\u00bbon\u00bb alt=\u00bbMST &#8211; Xos\u00e9 Abad\u00bb admin_label=\u00bbAbad\u00bb module_class=\u00bbanoedicion2&#8243; _builder_version=\u00bb4.10.7&#8243; header_level=\u00bbh2&#8243; header_text_align=\u00bbcenter\u00bb header_font_size=\u00bb36px\u00bb header_line_height=\u00bb1.5em\u00bb body_font_size=\u00bb18px\u00bb background_image=\u00bbhttps:\/\/coruna.redeacampa.org\/wp-content\/uploads\/Web_2021_02.jpg\u00bb background_size=\u00bbcontain\u00bb background_blend=\u00bboverlay\u00bb text_orientation=\u00bbcenter\u00bb background_layout=\u00bbdark\u00bb height=\u00bb195px\u00bb custom_margin_tablet=\u00bb||30px||false|false\u00bb custom_margin_phone=\u00bb\u00bb custom_margin_last_edited=\u00bbon|tablet\u00bb custom_padding=\u00bb25px|30px||30px|false|true\u00bb animation_style=\u00bbzoom\u00bb animation_duration=\u00bb500ms\u00bb link_option_url=\u00bbhttps:\/\/coruna.redeacampa.org\/es\/expo-virtual-2021-abad\/\u00bb custom_css_main_element=\u00bbmax-width: 600px;||margin: 0 auto;\u00bb locked=\u00bboff\u00bb global_colors_info=\u00bb{}\u00bb header_text_color__hover_enabled=\u00bbon\u00bb body_text_color__hover_enabled=\u00bbon\u00bb background__hover_enabled=\u00bbon\u00bb]<\/p>\n<p>Xos\u00e9 Abad<\/p>\n<p>[\/et_pb_blurb][\/et_pb_column][\/et_pb_row][\/et_pb_section]<\/p>\n","protected":false},"excerpt":{"rendered":"<p>Exposiciones Virtuales, Acampa 2021 &#8211; \u00abLa Vida Negada\u00bbAkintunde AkinleyeLuis de VegaJavier CorsoPablo PiovanoJudith PratV\u00edctor MoriyamaXos\u00e9 Abad<\/p>\n","protected":false},"author":1,"featured_media":0,"parent":0,"menu_order":54,"comment_status":"closed","ping_status":"closed","template":"","meta":{"_et_pb_use_builder":"on","_et_pb_old_content":"","_et_gb_content_width":"","inline_featured_image":false,"footnotes":""},"categories":[385],"tags":[],"class_list":["post-49237","page","type-page","status-publish","hentry","category-acampa-2021-es"],"yoast_head":"<!-- This site is optimized with the Yoast SEO plugin v26.4 - https:\/\/yoast.com\/wordpress\/plugins\/seo\/ -->\n<title>Exposici\u00f3n Virtual 2021 Akitunde - Acampa - Pola paz e o dereito a refuxio<\/title>\n<meta name=\"robots\" content=\"index, follow, max-snippet:-1, max-image-preview:large, max-video-preview:-1\" \/>\n<link rel=\"canonical\" href=\"https:\/\/coruna.redeacampa.org\/es\/expo-virtual-2021-akintunde\/\" \/>\n<meta property=\"og:locale\" content=\"es_ES\" \/>\n<meta property=\"og:type\" content=\"article\" \/>\n<meta property=\"og:title\" content=\"Exposici\u00f3n Virtual 2021 Akitunde - Acampa - Pola paz e o dereito a refuxio\" \/>\n<meta property=\"og:description\" content=\"Exposiciones Virtuales, Acampa 2021 - &quot;La Vida Negada&quot;Akintunde AkinleyeLuis de VegaJavier CorsoPablo PiovanoJudith PratV\u00edctor MoriyamaXos\u00e9 Abad\" \/>\n<meta property=\"og:url\" content=\"https:\/\/coruna.redeacampa.org\/es\/expo-virtual-2021-akintunde\/\" \/>\n<meta property=\"og:site_name\" content=\"Acampa - Pola paz e o dereito a refuxio\" \/>\n<meta property=\"article:publisher\" content=\"https:\/\/www.facebook.com\/acampapolapazeodereitoarefuxio\" \/>\n<meta property=\"article:modified_time\" content=\"2021-09-20T18:31:41+00:00\" \/>\n<meta name=\"twitter:card\" content=\"summary_large_image\" \/>\n<meta name=\"twitter:site\" content=\"@Acampa_polapaz\" \/>\n<meta name=\"twitter:label1\" content=\"Tiempo de lectura\" \/>\n\t<meta name=\"twitter:data1\" content=\"7 minutos\" \/>\n<script type=\"application\/ld+json\" class=\"yoast-schema-graph\">{\"@context\":\"https:\/\/schema.org\",\"@graph\":[{\"@type\":\"WebPage\",\"@id\":\"https:\/\/coruna.redeacampa.org\/es\/expo-virtual-2021-akintunde\/\",\"url\":\"https:\/\/coruna.redeacampa.org\/es\/expo-virtual-2021-akintunde\/\",\"name\":\"Exposici\u00f3n Virtual 2021 Akitunde - Acampa - Pola paz e o dereito a refuxio\",\"isPartOf\":{\"@id\":\"https:\/\/coruna.redeacampa.org\/es\/#website\"},\"datePublished\":\"2021-08-25T17:22:42+00:00\",\"dateModified\":\"2021-09-20T18:31:41+00:00\",\"breadcrumb\":{\"@id\":\"https:\/\/coruna.redeacampa.org\/es\/expo-virtual-2021-akintunde\/#breadcrumb\"},\"inLanguage\":\"es\",\"potentialAction\":[{\"@type\":\"ReadAction\",\"target\":[\"https:\/\/coruna.redeacampa.org\/es\/expo-virtual-2021-akintunde\/\"]}]},{\"@type\":\"BreadcrumbList\",\"@id\":\"https:\/\/coruna.redeacampa.org\/es\/expo-virtual-2021-akintunde\/#breadcrumb\",\"itemListElement\":[{\"@type\":\"ListItem\",\"position\":1,\"name\":\"Portada\",\"item\":\"https:\/\/coruna.redeacampa.org\/es\/\"},{\"@type\":\"ListItem\",\"position\":2,\"name\":\"Exposici\u00f3n Virtual 2021 Akitunde\"}]},{\"@type\":\"WebSite\",\"@id\":\"https:\/\/coruna.redeacampa.org\/es\/#website\",\"url\":\"https:\/\/coruna.redeacampa.org\/es\/\",\"name\":\"Acampa - Pola paz e o dereito a refuxio\",\"description\":\"Unha iniciativa cidad\u00e1 sen fins de lucro integrada por colectivos sociais, culturais, educativos, veci\u00f1ais, pol\u00edticos, sindicais, art\u00edsticos, de persoas solidarias, de instituci\u00f3ns e empresas con responsabilidade social que te\u00f1en como obxectivo a defensa dos dereitos humanos, o Dereito Internacional Humanitario e o Dereito a Refuxio.\",\"potentialAction\":[{\"@type\":\"SearchAction\",\"target\":{\"@type\":\"EntryPoint\",\"urlTemplate\":\"https:\/\/coruna.redeacampa.org\/es\/?s={search_term_string}\"},\"query-input\":{\"@type\":\"PropertyValueSpecification\",\"valueRequired\":true,\"valueName\":\"search_term_string\"}}],\"inLanguage\":\"es\"}]}<\/script>\n<!-- \/ Yoast SEO plugin. -->","yoast_head_json":{"title":"Exposici\u00f3n Virtual 2021 Akitunde - Acampa - Pola paz e o dereito a refuxio","robots":{"index":"index","follow":"follow","max-snippet":"max-snippet:-1","max-image-preview":"max-image-preview:large","max-video-preview":"max-video-preview:-1"},"canonical":"https:\/\/coruna.redeacampa.org\/es\/expo-virtual-2021-akintunde\/","og_locale":"es_ES","og_type":"article","og_title":"Exposici\u00f3n Virtual 2021 Akitunde - Acampa - Pola paz e o dereito a refuxio","og_description":"Exposiciones Virtuales, Acampa 2021 - \"La Vida Negada\"Akintunde AkinleyeLuis de VegaJavier CorsoPablo PiovanoJudith PratV\u00edctor MoriyamaXos\u00e9 Abad","og_url":"https:\/\/coruna.redeacampa.org\/es\/expo-virtual-2021-akintunde\/","og_site_name":"Acampa - Pola paz e o dereito a refuxio","article_publisher":"https:\/\/www.facebook.com\/acampapolapazeodereitoarefuxio","article_modified_time":"2021-09-20T18:31:41+00:00","twitter_card":"summary_large_image","twitter_site":"@Acampa_polapaz","twitter_misc":{"Tiempo de lectura":"7 minutos"},"schema":{"@context":"https:\/\/schema.org","@graph":[{"@type":"WebPage","@id":"https:\/\/coruna.redeacampa.org\/es\/expo-virtual-2021-akintunde\/","url":"https:\/\/coruna.redeacampa.org\/es\/expo-virtual-2021-akintunde\/","name":"Exposici\u00f3n Virtual 2021 Akitunde - Acampa - Pola paz e o dereito a refuxio","isPartOf":{"@id":"https:\/\/coruna.redeacampa.org\/es\/#website"},"datePublished":"2021-08-25T17:22:42+00:00","dateModified":"2021-09-20T18:31:41+00:00","breadcrumb":{"@id":"https:\/\/coruna.redeacampa.org\/es\/expo-virtual-2021-akintunde\/#breadcrumb"},"inLanguage":"es","potentialAction":[{"@type":"ReadAction","target":["https:\/\/coruna.redeacampa.org\/es\/expo-virtual-2021-akintunde\/"]}]},{"@type":"BreadcrumbList","@id":"https:\/\/coruna.redeacampa.org\/es\/expo-virtual-2021-akintunde\/#breadcrumb","itemListElement":[{"@type":"ListItem","position":1,"name":"Portada","item":"https:\/\/coruna.redeacampa.org\/es\/"},{"@type":"ListItem","position":2,"name":"Exposici\u00f3n Virtual 2021 Akitunde"}]},{"@type":"WebSite","@id":"https:\/\/coruna.redeacampa.org\/es\/#website","url":"https:\/\/coruna.redeacampa.org\/es\/","name":"Acampa - Pola paz e o dereito a refuxio","description":"Unha iniciativa cidad\u00e1 sen fins de lucro integrada por colectivos sociais, culturais, educativos, veci\u00f1ais, pol\u00edticos, sindicais, art\u00edsticos, de persoas solidarias, de instituci\u00f3ns e empresas con responsabilidade social que te\u00f1en como obxectivo a defensa dos dereitos humanos, o Dereito Internacional Humanitario e o Dereito a Refuxio.","potentialAction":[{"@type":"SearchAction","target":{"@type":"EntryPoint","urlTemplate":"https:\/\/coruna.redeacampa.org\/es\/?s={search_term_string}"},"query-input":{"@type":"PropertyValueSpecification","valueRequired":true,"valueName":"search_term_string"}}],"inLanguage":"es"}]}},"_links":{"self":[{"href":"https:\/\/coruna.redeacampa.org\/es\/wp-json\/wp\/v2\/pages\/49237","targetHints":{"allow":["GET"]}}],"collection":[{"href":"https:\/\/coruna.redeacampa.org\/es\/wp-json\/wp\/v2\/pages"}],"about":[{"href":"https:\/\/coruna.redeacampa.org\/es\/wp-json\/wp\/v2\/types\/page"}],"author":[{"embeddable":true,"href":"https:\/\/coruna.redeacampa.org\/es\/wp-json\/wp\/v2\/users\/1"}],"replies":[{"embeddable":true,"href":"https:\/\/coruna.redeacampa.org\/es\/wp-json\/wp\/v2\/comments?post=49237"}],"version-history":[{"count":0,"href":"https:\/\/coruna.redeacampa.org\/es\/wp-json\/wp\/v2\/pages\/49237\/revisions"}],"wp:attachment":[{"href":"https:\/\/coruna.redeacampa.org\/es\/wp-json\/wp\/v2\/media?parent=49237"}],"wp:term":[{"taxonomy":"category","embeddable":true,"href":"https:\/\/coruna.redeacampa.org\/es\/wp-json\/wp\/v2\/categories?post=49237"},{"taxonomy":"post_tag","embeddable":true,"href":"https:\/\/coruna.redeacampa.org\/es\/wp-json\/wp\/v2\/tags?post=49237"}],"curies":[{"name":"wp","href":"https:\/\/api.w.org\/{rel}","templated":true}]}}