{"id":46920,"date":"2020-12-17T19:11:07","date_gmt":"2020-12-17T18:11:07","guid":{"rendered":"https:\/\/coruna.redeacampa.org\/?page_id=46920"},"modified":"2021-03-02T00:49:33","modified_gmt":"2021-03-01T23:49:33","slug":"creditos-2020","status":"publish","type":"page","link":"https:\/\/coruna.redeacampa.org\/es\/creditos-2020\/","title":{"rendered":"Cr\u00e9ditos 2020"},"content":{"rendered":"<p>[et_pb_section fb_built=\u00bb1&#8243; _builder_version=\u00bb3.22&#8243; background_color=\u00bb#cd1619&#8243; custom_padding=\u00bb30px||30px|\u00bb][et_pb_row _builder_version=\u00bb3.25&#8243; background_size=\u00bbinitial\u00bb background_position=\u00bbtop_left\u00bb background_repeat=\u00bbrepeat\u00bb][et_pb_column type=\u00bb4_4&#8243; _builder_version=\u00bb3.25&#8243; custom_padding=\u00bb|||\u00bb custom_padding__hover=\u00bb|||\u00bb][et_pb_text _builder_version=\u00bb4.7.7&#8243; background_layout=\u00bbdark\u00bb border_style=\u00bbsolid\u00bb]<\/p>\n<h1>CR\u00c9DITOS ACAMPA 2020<\/h1>\n<p>Por la paz y el derecho a refugio<\/p>\n<p>[\/et_pb_text][\/et_pb_column][\/et_pb_row][\/et_pb_section][et_pb_section fb_built=\u00bb1&#8243; admin_label=\u00bbsection\u00bb module_class=\u00bbcreditos\u00bb _builder_version=\u00bb3.22&#8243; background_color=\u00bb#b6aea3&#8243; background_size=\u00bbinitial\u00bb background_repeat=\u00bbrepeat\u00bb][et_pb_row _builder_version=\u00bb3.25&#8243; background_size=\u00bbinitial\u00bb background_position=\u00bbtop_left\u00bb background_repeat=\u00bbrepeat\u00bb][et_pb_column type=\u00bb4_4&#8243; _builder_version=\u00bb3.25&#8243; custom_padding=\u00bb|||\u00bb custom_padding__hover=\u00bb|||\u00bb][et_pb_image src=\u00bbhttps:\/\/coruna.redeacampa.org\/wp-content\/uploads\/Grupal_ACAMPA_2018.jpg\u00bb show_in_lightbox=\u00bbon\u00bb align_tablet=\u00bbcenter\u00bb align_phone=\u00bb\u00bb align_last_edited=\u00bbon|desktop\u00bb disabled_on=\u00bboff|off|off\u00bb _builder_version=\u00bb3.29.3&#8243; animation_style=\u00bbslide\u00bb animation_direction=\u00bbleft\u00bb animation_duration=\u00bb500ms\u00bb animation_intensity_slide=\u00bb10%\u00bb border_style=\u00bbsolid\u00bb sticky=\u00bboff\u00bb locked=\u00bboff\u00bb][\/et_pb_image][\/et_pb_column][\/et_pb_row][et_pb_row column_structure=\u00bb1_4,1_4,1_4,1_4&#8243; admin_label=\u00bbrow\u00bb _builder_version=\u00bb4.5.0&#8243; background_size=\u00bbinitial\u00bb background_position=\u00bbtop_left\u00bb background_repeat=\u00bbrepeat\u00bb][et_pb_column type=\u00bb1_4&#8243; _builder_version=\u00bb3.25&#8243; custom_padding=\u00bb|||\u00bb custom_padding__hover=\u00bb|||\u00bb][et_pb_text admin_label=\u00bbCoordinador\u00bb _builder_version=\u00bb4.7.7&#8243; border_style=\u00bbsolid\u00bb]<\/p>\n<h2>Coordinador Galicia<\/h2>\n<ul>\n<li>Xos\u00e9 Abad<\/li>\n<\/ul>\n<p>[\/et_pb_text][et_pb_text admin_label=\u00bbCoordinador Brasil\u00bb _builder_version=\u00bb4.7.7&#8243; border_style=\u00bbsolid\u00bb]<\/p>\n<h2>Coordinadora Brasil<\/h2>\n<ul>\n<li>C\u00e9lia Regia Rossi <\/li>\n<\/ul>\n<h3>Vice-coordinadora Brasil <\/h3>\n<ul>\n<li>Carmen Blanco<\/li>\n<\/ul>\n<p>[\/et_pb_text][et_pb_text admin_label=\u00bbCoordinador Madrid\u00bb _builder_version=\u00bb4.7.7&#8243; border_style=\u00bbsolid\u00bb]<\/p>\n<h2>Coordinador Madrid<\/h2>\n<ul>\n<li>Miguel Guerra<\/li>\n<\/ul>\n<p>[\/et_pb_text][et_pb_text admin_label=\u00bbCoordinador Portugal\u00bb _builder_version=\u00bb4.7.7&#8243; border_style=\u00bbsolid\u00bb]<\/p>\n<h2>Coordinadora Portugal<\/h2>\n<ul>\n<li>Isabel Chagas<\/li>\n<\/ul>\n<p>[\/et_pb_text][et_pb_text admin_label=\u00bbProgramaci\u00f3n\u00bb _builder_version=\u00bb4.7.7&#8243;]<\/p>\n<h2>Programaci\u00f3n<\/h2>\n<ul>\n<li>Mercedes I\u00f1iguez<\/li>\n<li>Xose\u0301 Abad<\/li>\n<\/ul>\n<p>[\/et_pb_text][\/et_pb_column][et_pb_column type=\u00bb1_4&#8243; _builder_version=\u00bb3.25&#8243; custom_padding=\u00bb|||\u00bb custom_padding__hover=\u00bb|||\u00bb][et_pb_text admin_label=\u00bbEconom\u00eda\u00bb _builder_version=\u00bb4.7.7&#8243;]<\/p>\n<h2>Econom\u00eda<\/h2>\n<ul>\n<li>Marta Rey<\/li>\n<\/ul>\n<p>[\/et_pb_text][et_pb_text admin_label=\u00bbOrganizaci\u00f3ns sociais\u00bb _builder_version=\u00bb4.7.7&#8243;]<\/p>\n<h2>Organizaciones sociales<\/h2>\n<ul>\n<li>Rub\u00e9n S\u00e1nchez<\/li>\n<li>Hortensia Rossi<\/li>\n<\/ul>\n<p>[\/et_pb_text][et_pb_text admin_label=\u00bbSecretar\u00eda\u00bb _builder_version=\u00bb4.7.7&#8243; border_style=\u00bbsolid\u00bb]<\/p>\n<h2>Secretar\u00eda<\/h2>\n<ul>\n<li>Carlos Reguera (Galicia)<\/li>\n<li>Clara Belchior (Brasil)<\/li>\n<\/ul>\n<p>[\/et_pb_text][et_pb_text admin_label=\u00bbInfraestruturas\u00bb _builder_version=\u00bb4.7.7&#8243;]<\/p>\n<h2>Infraestructuras<\/h2>\n<ul>\n<li>Javier Garc\u00eda Moro<\/li>\n<\/ul>\n<p>[\/et_pb_text][et_pb_text admin_label=\u00bbGalego\u00bb _builder_version=\u00bb4.5.0&#8243;]<\/p>\n<h2>Ling\u00fcista Galego<\/h2>\n<ul>\n<li>Bego\u00f1a M\u00e9ndez<\/li>\n<\/ul>\n<p>[\/et_pb_text][et_pb_text admin_label=\u00bbIngles\u00bb _builder_version=\u00bb4.7.7&#8243;]<\/p>\n<h2>Traducciones Ingles<\/h2>\n<ul>\n<li>Mercedes I\u00f1iguez<\/li>\n<\/ul>\n<p>[\/et_pb_text][\/et_pb_column][et_pb_column type=\u00bb1_4&#8243; _builder_version=\u00bb3.25&#8243; custom_padding=\u00bb|||\u00bb custom_padding__hover=\u00bb|||\u00bb][et_pb_text admin_label=\u00bbDese\u00f1o\u00bb _builder_version=\u00bb4.7.7&#8243;]<\/p>\n<h2>Dise\u00f1o<\/h2>\n<ul>\n<li>Aitana Tub\u00edo<\/li>\n<ul>[\/et_pb_text][et_pb_text admin_label=\u00bbweb\u00bb _builder_version=\u00bb4.7.7&#8243; border_style=\u00bbsolid\u00bb]<\/p>\n<h2>Sitio web<\/h2>\n<ul>\n<li>Alfonso V\u00e1zquez<\/li>\n<li>Quique Varela<\/li>\n<\/ul>\n<p>[\/et_pb_text][et_pb_text admin_label=\u00bbWebinars\u00bb _builder_version=\u00bb4.7.7&#8243; border_style=\u00bbsolid\u00bb]<\/p>\n<h2>Webinars<\/h2>\n<ul>\n<li>Carlos Reguera<\/li>\n<li>Tiago Cerqueira Lazier<\/li>\n<li>Quique Varela<\/li>\n<li>Alfonso V\u00e1zquez<\/li>\n<\/ul>\n<p>[\/et_pb_text][et_pb_text admin_label=\u00bbExpo Virtual\u00bb _builder_version=\u00bb4.7.7&#8243; border_style=\u00bbsolid\u00bb]<\/p>\n<h2>Exposicion Virtual<\/h2>\n<ul>\n<li>Alfonso V\u00e1zquez<\/li>\n<\/ul>\n<p>[\/et_pb_text][et_pb_text disabled_on=\u00bboff|off|off\u00bb admin_label=\u00bbActividades\u00bb _builder_version=\u00bb4.7.7&#8243; border_style=\u00bbsolid\u00bb]<\/p>\n<h2>Actividades<\/h2>\n<ul>\n<li>Nerea Prado<\/li>\n<\/ul>\n<p>[\/et_pb_text][\/et_pb_column][et_pb_column type=\u00bb1_4&#8243; _builder_version=\u00bb3.25&#8243; custom_padding=\u00bb|||\u00bb custom_padding__hover=\u00bb|||\u00bb][et_pb_text disabled_on=\u00bboff|off|off\u00bb admin_label=\u00bbComunicaci\u00f3n\u00bb _builder_version=\u00bb4.7.7&#8243; border_style=\u00bbsolid\u00bb]<\/p>\n<h2>Comunicaci\u00f3n<\/h2>\n<ul>\n<li>Julia Lago<\/li>\n<\/ul>\n<p>[\/et_pb_text][et_pb_text admin_label=\u00bbMedios de comunicaci\u00f3n\u00bb _builder_version=\u00bb4.7.7&#8243;]<\/p>\n<h2>Gabinete de Medios<\/h2>\n<ul>\n<li><a href=\"https:\/\/www.masstres.es\/inicio.html\" target=\"_blank\" rel=\"noopener noreferrer\">Masstres Comunicaci\u00f3n<\/a><\/li>\n<\/ul>\n<p>[\/et_pb_text][et_pb_text admin_label=\u00bbProducci\u00f3n V\u00eddeo\u00bb _builder_version=\u00bb4.7.7&#8243;]<\/p>\n<h2>Producci\u00f3n V\u00eddeo<\/h2>\n<ul>\n<li><a href=\"https:\/\/ithpro.es\/\" target=\"_blank\" rel=\"noopener noreferrer\">Ithpro Streaming <br \/>Streaming en Directo en Galicia<\/a><\/li>\n<\/ul>\n<p>[\/et_pb_text][et_pb_text admin_label=\u00bbAgradecimientos\u00bb _builder_version=\u00bb4.7.7&#8243;]<\/p>\n<h2>Agradecimientos<\/h2>\n<ul>\n<li>Margarita G\u00f3nzalez (Amnist\u00eda I)<\/li>\n<li>Bernardo Seoane<\/li>\n<li>Luz Ares<\/li>\n<\/ul>\n<p>[\/et_pb_text][\/et_pb_column][\/et_pb_row][\/et_pb_section]<\/p>\n","protected":false},"excerpt":{"rendered":"<p>CR\u00c9DITOS ACAMPA 2020 Por la paz y el derecho a refugioCoordinador Galicia Xos\u00e9 Abad Coordinadora Brasil C\u00e9lia Regia Rossi Vice-coordinadora Brasil Carmen Blanco Coordinador Madrid Miguel Guerra Coordinadora Portugal Isabel Chagas Programaci\u00f3n Mercedes I\u00f1iguez Xose\u0301 Abad Econom\u00eda Marta Rey Organizaciones sociales Rub\u00e9n S\u00e1nchez Hortensia Rossi Secretar\u00eda Carlos Reguera (Galicia) Clara Belchior (Brasil) Infraestructuras Javier Garc\u00eda [&hellip;]<\/p>\n","protected":false},"author":2,"featured_media":0,"parent":0,"menu_order":0,"comment_status":"closed","ping_status":"closed","template":"","meta":{"_et_pb_use_builder":"on","_et_pb_old_content":"","_et_gb_content_width":"","inline_featured_image":false,"footnotes":""},"categories":[380],"tags":[],"class_list":["post-46920","page","type-page","status-publish","hentry","category-acampa-2020-es"],"yoast_head":"<!-- This site is optimized with the Yoast SEO plugin v26.4 - https:\/\/yoast.com\/wordpress\/plugins\/seo\/ -->\n<title>Cr\u00e9ditos 2020 - Acampa - Pola paz e o dereito a refuxio<\/title>\n<meta name=\"robots\" content=\"index, follow, max-snippet:-1, max-image-preview:large, max-video-preview:-1\" \/>\n<link rel=\"canonical\" href=\"https:\/\/coruna.redeacampa.org\/es\/creditos-2020\/\" \/>\n<meta property=\"og:locale\" content=\"es_ES\" \/>\n<meta property=\"og:type\" content=\"article\" \/>\n<meta property=\"og:title\" content=\"Cr\u00e9ditos 2020 - Acampa - Pola paz e o dereito a refuxio\" \/>\n<meta property=\"og:description\" content=\"CR\u00c9DITOS ACAMPA 2020 Por la paz y el derecho a refugioCoordinador Galicia Xos\u00e9 Abad Coordinadora Brasil C\u00e9lia Regia Rossi Vice-coordinadora Brasil Carmen Blanco Coordinador Madrid Miguel Guerra Coordinadora Portugal Isabel Chagas Programaci\u00f3n Mercedes I\u00f1iguez Xose\u0301 Abad Econom\u00eda Marta Rey Organizaciones sociales Rub\u00e9n S\u00e1nchez Hortensia Rossi Secretar\u00eda Carlos Reguera (Galicia) Clara Belchior (Brasil) Infraestructuras Javier Garc\u00eda [&hellip;]\" \/>\n<meta property=\"og:url\" content=\"https:\/\/coruna.redeacampa.org\/es\/creditos-2020\/\" \/>\n<meta property=\"og:site_name\" content=\"Acampa - Pola paz e o dereito a refuxio\" \/>\n<meta property=\"article:publisher\" content=\"https:\/\/www.facebook.com\/acampapolapazeodereitoarefuxio\" \/>\n<meta property=\"article:modified_time\" content=\"2021-03-01T23:49:33+00:00\" \/>\n<meta name=\"twitter:card\" content=\"summary_large_image\" \/>\n<meta name=\"twitter:site\" content=\"@Acampa_polapaz\" \/>\n<meta name=\"twitter:label1\" content=\"Tiempo de lectura\" \/>\n\t<meta name=\"twitter:data1\" content=\"3 minutos\" \/>\n<script type=\"application\/ld+json\" class=\"yoast-schema-graph\">{\"@context\":\"https:\/\/schema.org\",\"@graph\":[{\"@type\":\"WebPage\",\"@id\":\"https:\/\/coruna.redeacampa.org\/es\/creditos-2020\/\",\"url\":\"https:\/\/coruna.redeacampa.org\/es\/creditos-2020\/\",\"name\":\"Cr\u00e9ditos 2020 - Acampa - Pola paz e o dereito a refuxio\",\"isPartOf\":{\"@id\":\"https:\/\/coruna.redeacampa.org\/es\/#website\"},\"datePublished\":\"2020-12-17T18:11:07+00:00\",\"dateModified\":\"2021-03-01T23:49:33+00:00\",\"breadcrumb\":{\"@id\":\"https:\/\/coruna.redeacampa.org\/es\/creditos-2020\/#breadcrumb\"},\"inLanguage\":\"es\",\"potentialAction\":[{\"@type\":\"ReadAction\",\"target\":[\"https:\/\/coruna.redeacampa.org\/es\/creditos-2020\/\"]}]},{\"@type\":\"BreadcrumbList\",\"@id\":\"https:\/\/coruna.redeacampa.org\/es\/creditos-2020\/#breadcrumb\",\"itemListElement\":[{\"@type\":\"ListItem\",\"position\":1,\"name\":\"Portada\",\"item\":\"https:\/\/coruna.redeacampa.org\/es\/\"},{\"@type\":\"ListItem\",\"position\":2,\"name\":\"Cr\u00e9ditos 2020\"}]},{\"@type\":\"WebSite\",\"@id\":\"https:\/\/coruna.redeacampa.org\/es\/#website\",\"url\":\"https:\/\/coruna.redeacampa.org\/es\/\",\"name\":\"Acampa - Pola paz e o dereito a refuxio\",\"description\":\"Unha iniciativa cidad\u00e1 sen fins de lucro integrada por colectivos sociais, culturais, educativos, veci\u00f1ais, pol\u00edticos, sindicais, art\u00edsticos, de persoas solidarias, de instituci\u00f3ns e empresas con responsabilidade social que te\u00f1en como obxectivo a defensa dos dereitos humanos, o Dereito Internacional Humanitario e o Dereito a Refuxio.\",\"potentialAction\":[{\"@type\":\"SearchAction\",\"target\":{\"@type\":\"EntryPoint\",\"urlTemplate\":\"https:\/\/coruna.redeacampa.org\/es\/?s={search_term_string}\"},\"query-input\":{\"@type\":\"PropertyValueSpecification\",\"valueRequired\":true,\"valueName\":\"search_term_string\"}}],\"inLanguage\":\"es\"}]}<\/script>\n<!-- \/ Yoast SEO plugin. -->","yoast_head_json":{"title":"Cr\u00e9ditos 2020 - Acampa - Pola paz e o dereito a refuxio","robots":{"index":"index","follow":"follow","max-snippet":"max-snippet:-1","max-image-preview":"max-image-preview:large","max-video-preview":"max-video-preview:-1"},"canonical":"https:\/\/coruna.redeacampa.org\/es\/creditos-2020\/","og_locale":"es_ES","og_type":"article","og_title":"Cr\u00e9ditos 2020 - Acampa - Pola paz e o dereito a refuxio","og_description":"CR\u00c9DITOS ACAMPA 2020 Por la paz y el derecho a refugioCoordinador Galicia Xos\u00e9 Abad Coordinadora Brasil C\u00e9lia Regia Rossi Vice-coordinadora Brasil Carmen Blanco Coordinador Madrid Miguel Guerra Coordinadora Portugal Isabel Chagas Programaci\u00f3n Mercedes I\u00f1iguez Xose\u0301 Abad Econom\u00eda Marta Rey Organizaciones sociales Rub\u00e9n S\u00e1nchez Hortensia Rossi Secretar\u00eda Carlos Reguera (Galicia) Clara Belchior (Brasil) Infraestructuras Javier Garc\u00eda [&hellip;]","og_url":"https:\/\/coruna.redeacampa.org\/es\/creditos-2020\/","og_site_name":"Acampa - Pola paz e o dereito a refuxio","article_publisher":"https:\/\/www.facebook.com\/acampapolapazeodereitoarefuxio","article_modified_time":"2021-03-01T23:49:33+00:00","twitter_card":"summary_large_image","twitter_site":"@Acampa_polapaz","twitter_misc":{"Tiempo de lectura":"3 minutos"},"schema":{"@context":"https:\/\/schema.org","@graph":[{"@type":"WebPage","@id":"https:\/\/coruna.redeacampa.org\/es\/creditos-2020\/","url":"https:\/\/coruna.redeacampa.org\/es\/creditos-2020\/","name":"Cr\u00e9ditos 2020 - Acampa - Pola paz e o dereito a refuxio","isPartOf":{"@id":"https:\/\/coruna.redeacampa.org\/es\/#website"},"datePublished":"2020-12-17T18:11:07+00:00","dateModified":"2021-03-01T23:49:33+00:00","breadcrumb":{"@id":"https:\/\/coruna.redeacampa.org\/es\/creditos-2020\/#breadcrumb"},"inLanguage":"es","potentialAction":[{"@type":"ReadAction","target":["https:\/\/coruna.redeacampa.org\/es\/creditos-2020\/"]}]},{"@type":"BreadcrumbList","@id":"https:\/\/coruna.redeacampa.org\/es\/creditos-2020\/#breadcrumb","itemListElement":[{"@type":"ListItem","position":1,"name":"Portada","item":"https:\/\/coruna.redeacampa.org\/es\/"},{"@type":"ListItem","position":2,"name":"Cr\u00e9ditos 2020"}]},{"@type":"WebSite","@id":"https:\/\/coruna.redeacampa.org\/es\/#website","url":"https:\/\/coruna.redeacampa.org\/es\/","name":"Acampa - Pola paz e o dereito a refuxio","description":"Unha iniciativa cidad\u00e1 sen fins de lucro integrada por colectivos sociais, culturais, educativos, veci\u00f1ais, pol\u00edticos, sindicais, art\u00edsticos, de persoas solidarias, de instituci\u00f3ns e empresas con responsabilidade social que te\u00f1en como obxectivo a defensa dos dereitos humanos, o Dereito Internacional Humanitario e o Dereito a Refuxio.","potentialAction":[{"@type":"SearchAction","target":{"@type":"EntryPoint","urlTemplate":"https:\/\/coruna.redeacampa.org\/es\/?s={search_term_string}"},"query-input":{"@type":"PropertyValueSpecification","valueRequired":true,"valueName":"search_term_string"}}],"inLanguage":"es"}]}},"_links":{"self":[{"href":"https:\/\/coruna.redeacampa.org\/es\/wp-json\/wp\/v2\/pages\/46920","targetHints":{"allow":["GET"]}}],"collection":[{"href":"https:\/\/coruna.redeacampa.org\/es\/wp-json\/wp\/v2\/pages"}],"about":[{"href":"https:\/\/coruna.redeacampa.org\/es\/wp-json\/wp\/v2\/types\/page"}],"author":[{"embeddable":true,"href":"https:\/\/coruna.redeacampa.org\/es\/wp-json\/wp\/v2\/users\/2"}],"replies":[{"embeddable":true,"href":"https:\/\/coruna.redeacampa.org\/es\/wp-json\/wp\/v2\/comments?post=46920"}],"version-history":[{"count":0,"href":"https:\/\/coruna.redeacampa.org\/es\/wp-json\/wp\/v2\/pages\/46920\/revisions"}],"wp:attachment":[{"href":"https:\/\/coruna.redeacampa.org\/es\/wp-json\/wp\/v2\/media?parent=46920"}],"wp:term":[{"taxonomy":"category","embeddable":true,"href":"https:\/\/coruna.redeacampa.org\/es\/wp-json\/wp\/v2\/categories?post=46920"},{"taxonomy":"post_tag","embeddable":true,"href":"https:\/\/coruna.redeacampa.org\/es\/wp-json\/wp\/v2\/tags?post=46920"}],"curies":[{"name":"wp","href":"https:\/\/api.w.org\/{rel}","templated":true}]}}