{"id":45684,"date":"2020-11-09T11:46:48","date_gmt":"2020-11-09T10:46:48","guid":{"rendered":"https:\/\/coruna.redeacampa.org\/?page_id=45684"},"modified":"2021-02-22T22:58:23","modified_gmt":"2021-02-22T21:58:23","slug":"expo-virtual-2020","status":"publish","type":"page","link":"https:\/\/coruna.redeacampa.org\/es\/expo-virtual-2020\/","title":{"rendered":"Exposici\u00f3n Virtual 2020"},"content":{"rendered":"<p>[et_pb_section fb_built=\u00bb1&#8243; fullwidth=\u00bbon\u00bb custom_padding_last_edited=\u00bbon|desktop\u00bb admin_label=\u00bbsection\u00bb _builder_version=\u00bb3.22.3&#8243; background_color=\u00bb#cd1619&#8243; custom_padding_tablet=\u00bb50px|0|50px|0&#8243; custom_padding_phone=\u00bb\u00bb transparent_background=\u00bboff\u00bb padding_mobile=\u00bboff\u00bb][et_pb_fullwidth_header title=\u00bbExposici\u00f3n Virtual 2020&#8243; subhead=\u00bbPor la paz y el derecho a refugio\u00bb admin_label=\u00bbT\u00edtulo de anchura completa\u00bb _builder_version=\u00bb4.6.6&#8243; title_font=\u00bb|on|||\u00bb subhead_font=\u00bb||on||\u00bb background_color=\u00bbrgba(255, 255, 255, 0)\u00bb button_one_letter_spacing_hover=\u00bb0&#8243; button_two_letter_spacing_hover=\u00bb0&#8243; button_one_text_size__hover_enabled=\u00bboff\u00bb button_two_text_size__hover_enabled=\u00bboff\u00bb button_one_text_color__hover_enabled=\u00bboff\u00bb button_two_text_color__hover_enabled=\u00bboff\u00bb button_one_border_width__hover_enabled=\u00bboff\u00bb button_two_border_width__hover_enabled=\u00bboff\u00bb button_one_border_color__hover_enabled=\u00bboff\u00bb button_two_border_color__hover_enabled=\u00bboff\u00bb button_one_border_radius__hover_enabled=\u00bboff\u00bb button_two_border_radius__hover_enabled=\u00bboff\u00bb button_one_letter_spacing__hover_enabled=\u00bbon\u00bb button_one_letter_spacing__hover=\u00bb0&#8243; button_two_letter_spacing__hover_enabled=\u00bbon\u00bb button_two_letter_spacing__hover=\u00bb0&#8243; button_one_bg_color__hover_enabled=\u00bboff\u00bb button_two_bg_color__hover_enabled=\u00bboff\u00bb][\/et_pb_fullwidth_header][\/et_pb_section][et_pb_section fb_built=\u00bb1&#8243; fullwidth=\u00bbon\u00bb disabled_on=\u00bboff|off|off\u00bb _builder_version=\u00bb4.6.6&#8243; _module_preset=\u00bbdefault\u00bb][et_pb_fullwidth_code disabled_on=\u00bboff|off|off\u00bb _builder_version=\u00bb4.6.6&#8243; _module_preset=\u00bbdefault\u00bb]<iframe width='100%' height='800px' data-src='https:\/\/peopleartfactory.com\/r\/gDnIfWKERoWfpP3Vr54j'  frameborder='0' allowfullscreen webkitallowfullscreen mozallowfullscreen src='data:image\/svg+xml;base64,PHN2ZyB3aWR0aD0iMSIgaGVpZ2h0PSIxIiB4bWxucz0iaHR0cDovL3d3dy53My5vcmcvMjAwMC9zdmciPjwvc3ZnPg==' class='lazyload' data-load-mode='1' \/><\/iframe>[\/et_pb_fullwidth_code][\/et_pb_section][et_pb_section fb_built=\u00bb1&#8243; _builder_version=\u00bb4.6.6&#8243; _module_preset=\u00bbdefault\u00bb background_color=\u00bb#d6d6d6&#8243;][et_pb_row column_structure=\u00bb1_4,1_4,1_4,1_4&#8243; _builder_version=\u00bb4.6.6&#8243; _module_preset=\u00bbdefault\u00bb][et_pb_column type=\u00bb1_4&#8243; _builder_version=\u00bb4.6.6&#8243; _module_preset=\u00bbdefault\u00bb][et_pb_text _builder_version=\u00bb4.6.6&#8243; _module_preset=\u00bbdefault\u00bb]<\/p>\n<h2><strong>Victor Moriyama<\/strong><\/h2>\n<h4><span style=\"color: #000000;\"><strong>Deforestaci\u00f3n Amaz\u00f3nica<\/strong><\/span><\/h4>\n<p>[\/et_pb_text][et_pb_text _builder_version=\u00bb4.6.6&#8243; _module_preset=\u00bbdefault\u00bb]<\/p>\n<h2><strong>Lu\u00eds de Vega<\/strong><\/h2>\n<h4><span style=\"color: #000000;\"><strong>Los dos lados del muro<\/strong><\/span><\/h4>\n<p>[\/et_pb_text][\/et_pb_column][et_pb_column type=\u00bb1_4&#8243; _builder_version=\u00bb4.6.6&#8243; _module_preset=\u00bbdefault\u00bb][et_pb_text _builder_version=\u00bb4.6.6&#8243; _module_preset=\u00bbdefault\u00bb]<\/p>\n<h2><strong>Guilherme Cavalli<\/strong><\/h2>\n<h2><strong>Clara Belchior<\/strong><\/h2>\n<h2><strong>Tiago Miotto<\/strong><\/h2>\n<h2><strong>Chistian Braga<\/strong><\/h2>\n<h4><span style=\"color: #333333;\"><strong>Lucha Ind\u00edgena<\/strong><\/span><\/h4>\n<p>[\/et_pb_text][et_pb_text _builder_version=\u00bb4.6.6&#8243; _module_preset=\u00bbdefault\u00bb]<\/p>\n<h2><strong>Akintunde Akinleye<\/strong><\/h2>\n<h4><span style=\"color: #333333;\"><strong>Refiner\u00edas del Delta Bush<\/strong><\/span><\/h4>\n<p>[\/et_pb_text][\/et_pb_column][et_pb_column type=\u00bb1_4&#8243; _builder_version=\u00bb4.6.6&#8243; _module_preset=\u00bbdefault\u00bb][et_pb_text _builder_version=\u00bb4.6.6&#8243; _module_preset=\u00bbdefault\u00bb]<\/p>\n<h2><strong>Pablo E. Piovano<\/strong><\/h2>\n<h4><span style=\"color: #000000;\"><strong>El costo humano de los agrot\u00f3xicos<\/strong><\/span><\/h4>\n<p>[\/et_pb_text][et_pb_text _builder_version=\u00bb4.6.6&#8243; _module_preset=\u00bbdefault\u00bb]<\/p>\n<h2><strong>Javier Corso<\/strong><\/h2>\n<h4><span style=\"color: #000000;\"><strong>Tierra Verde<\/strong><\/span><\/h4>\n<p>[\/et_pb_text][\/et_pb_column][et_pb_column type=\u00bb1_4&#8243; _builder_version=\u00bb4.6.6&#8243; _module_preset=\u00bbdefault\u00bb][et_pb_text _builder_version=\u00bb4.6.6&#8243; _module_preset=\u00bbdefault\u00bb]<\/p>\n<h2><strong>Judith Prat<\/strong><\/h2>\n<h4><span style=\"color: #000000;\"><strong>Colt\u00e1n<\/strong><\/span><\/h4>\n<p>[\/et_pb_text][et_pb_text _builder_version=\u00bb4.6.6&#8243; _module_preset=\u00bbdefault\u00bb]<\/p>\n<h2><strong>Vanesa Casteleiro<\/strong><\/h2>\n<h2><strong>Sandra Garc\u00eda Rey<\/strong><\/h2>\n<h4><span style=\"color: #333333;\"><strong>Alcoa, Expolio en Galicia<\/strong><\/span><\/h4>\n<p>[\/et_pb_text][\/et_pb_column][\/et_pb_row][\/et_pb_section]<\/p>\n","protected":false},"excerpt":{"rendered":"<p>Victor Moriyama Deforestaci\u00f3n Amaz\u00f3nicaLu\u00eds de Vega Los dos lados del muroGuilherme Cavalli Clara Belchior Tiago Miotto Chistian Braga Lucha Ind\u00edgenaAkintunde Akinleye Refiner\u00edas del Delta BushPablo E. Piovano El costo humano de los agrot\u00f3xicosJavier Corso Tierra VerdeJudith Prat Colt\u00e1nVanesa Casteleiro Sandra Garc\u00eda Rey Alcoa, Expolio en Galicia<\/p>\n","protected":false},"author":1,"featured_media":0,"parent":0,"menu_order":54,"comment_status":"closed","ping_status":"closed","template":"","meta":{"_et_pb_use_builder":"on","_et_pb_old_content":"","_et_gb_content_width":"","inline_featured_image":false,"footnotes":""},"categories":[380],"tags":[],"class_list":["post-45684","page","type-page","status-publish","hentry","category-acampa-2020-es"],"yoast_head":"<!-- This site is optimized with the Yoast SEO plugin v26.4 - https:\/\/yoast.com\/wordpress\/plugins\/seo\/ -->\n<title>Exposici\u00f3n Virtual 2020 - Acampa - Pola paz e o dereito a refuxio<\/title>\n<meta name=\"robots\" content=\"index, follow, max-snippet:-1, max-image-preview:large, max-video-preview:-1\" \/>\n<link rel=\"canonical\" href=\"https:\/\/coruna.redeacampa.org\/es\/expo-virtual-2020\/\" \/>\n<meta property=\"og:locale\" content=\"es_ES\" \/>\n<meta property=\"og:type\" content=\"article\" \/>\n<meta property=\"og:title\" content=\"Exposici\u00f3n Virtual 2020 - Acampa - Pola paz e o dereito a refuxio\" \/>\n<meta property=\"og:description\" content=\"Victor Moriyama Deforestaci\u00f3n Amaz\u00f3nicaLu\u00eds de Vega Los dos lados del muroGuilherme Cavalli Clara Belchior Tiago Miotto Chistian Braga Lucha Ind\u00edgenaAkintunde Akinleye Refiner\u00edas del Delta BushPablo E. Piovano El costo humano de los agrot\u00f3xicosJavier Corso Tierra VerdeJudith Prat Colt\u00e1nVanesa Casteleiro Sandra Garc\u00eda Rey Alcoa, Expolio en Galicia\" \/>\n<meta property=\"og:url\" content=\"https:\/\/coruna.redeacampa.org\/es\/expo-virtual-2020\/\" \/>\n<meta property=\"og:site_name\" content=\"Acampa - Pola paz e o dereito a refuxio\" \/>\n<meta property=\"article:publisher\" content=\"https:\/\/www.facebook.com\/acampapolapazeodereitoarefuxio\" \/>\n<meta property=\"article:modified_time\" content=\"2021-02-22T21:58:23+00:00\" \/>\n<meta name=\"twitter:card\" content=\"summary_large_image\" \/>\n<meta name=\"twitter:site\" content=\"@Acampa_polapaz\" \/>\n<meta name=\"twitter:label1\" content=\"Tiempo de lectura\" \/>\n\t<meta name=\"twitter:data1\" content=\"2 minutos\" \/>\n<script type=\"application\/ld+json\" class=\"yoast-schema-graph\">{\"@context\":\"https:\/\/schema.org\",\"@graph\":[{\"@type\":\"WebPage\",\"@id\":\"https:\/\/coruna.redeacampa.org\/es\/expo-virtual-2020\/\",\"url\":\"https:\/\/coruna.redeacampa.org\/es\/expo-virtual-2020\/\",\"name\":\"Exposici\u00f3n Virtual 2020 - Acampa - Pola paz e o dereito a refuxio\",\"isPartOf\":{\"@id\":\"https:\/\/coruna.redeacampa.org\/es\/#website\"},\"datePublished\":\"2020-11-09T10:46:48+00:00\",\"dateModified\":\"2021-02-22T21:58:23+00:00\",\"breadcrumb\":{\"@id\":\"https:\/\/coruna.redeacampa.org\/es\/expo-virtual-2020\/#breadcrumb\"},\"inLanguage\":\"es\",\"potentialAction\":[{\"@type\":\"ReadAction\",\"target\":[\"https:\/\/coruna.redeacampa.org\/es\/expo-virtual-2020\/\"]}]},{\"@type\":\"BreadcrumbList\",\"@id\":\"https:\/\/coruna.redeacampa.org\/es\/expo-virtual-2020\/#breadcrumb\",\"itemListElement\":[{\"@type\":\"ListItem\",\"position\":1,\"name\":\"Portada\",\"item\":\"https:\/\/coruna.redeacampa.org\/es\/\"},{\"@type\":\"ListItem\",\"position\":2,\"name\":\"Exposici\u00f3n Virtual 2020\"}]},{\"@type\":\"WebSite\",\"@id\":\"https:\/\/coruna.redeacampa.org\/es\/#website\",\"url\":\"https:\/\/coruna.redeacampa.org\/es\/\",\"name\":\"Acampa - Pola paz e o dereito a refuxio\",\"description\":\"Unha iniciativa cidad\u00e1 sen fins de lucro integrada por colectivos sociais, culturais, educativos, veci\u00f1ais, pol\u00edticos, sindicais, art\u00edsticos, de persoas solidarias, de instituci\u00f3ns e empresas con responsabilidade social que te\u00f1en como obxectivo a defensa dos dereitos humanos, o Dereito Internacional Humanitario e o Dereito a Refuxio.\",\"potentialAction\":[{\"@type\":\"SearchAction\",\"target\":{\"@type\":\"EntryPoint\",\"urlTemplate\":\"https:\/\/coruna.redeacampa.org\/es\/?s={search_term_string}\"},\"query-input\":{\"@type\":\"PropertyValueSpecification\",\"valueRequired\":true,\"valueName\":\"search_term_string\"}}],\"inLanguage\":\"es\"}]}<\/script>\n<!-- \/ Yoast SEO plugin. -->","yoast_head_json":{"title":"Exposici\u00f3n Virtual 2020 - Acampa - Pola paz e o dereito a refuxio","robots":{"index":"index","follow":"follow","max-snippet":"max-snippet:-1","max-image-preview":"max-image-preview:large","max-video-preview":"max-video-preview:-1"},"canonical":"https:\/\/coruna.redeacampa.org\/es\/expo-virtual-2020\/","og_locale":"es_ES","og_type":"article","og_title":"Exposici\u00f3n Virtual 2020 - Acampa - Pola paz e o dereito a refuxio","og_description":"Victor Moriyama Deforestaci\u00f3n Amaz\u00f3nicaLu\u00eds de Vega Los dos lados del muroGuilherme Cavalli Clara Belchior Tiago Miotto Chistian Braga Lucha Ind\u00edgenaAkintunde Akinleye Refiner\u00edas del Delta BushPablo E. Piovano El costo humano de los agrot\u00f3xicosJavier Corso Tierra VerdeJudith Prat Colt\u00e1nVanesa Casteleiro Sandra Garc\u00eda Rey Alcoa, Expolio en Galicia","og_url":"https:\/\/coruna.redeacampa.org\/es\/expo-virtual-2020\/","og_site_name":"Acampa - Pola paz e o dereito a refuxio","article_publisher":"https:\/\/www.facebook.com\/acampapolapazeodereitoarefuxio","article_modified_time":"2021-02-22T21:58:23+00:00","twitter_card":"summary_large_image","twitter_site":"@Acampa_polapaz","twitter_misc":{"Tiempo de lectura":"2 minutos"},"schema":{"@context":"https:\/\/schema.org","@graph":[{"@type":"WebPage","@id":"https:\/\/coruna.redeacampa.org\/es\/expo-virtual-2020\/","url":"https:\/\/coruna.redeacampa.org\/es\/expo-virtual-2020\/","name":"Exposici\u00f3n Virtual 2020 - Acampa - Pola paz e o dereito a refuxio","isPartOf":{"@id":"https:\/\/coruna.redeacampa.org\/es\/#website"},"datePublished":"2020-11-09T10:46:48+00:00","dateModified":"2021-02-22T21:58:23+00:00","breadcrumb":{"@id":"https:\/\/coruna.redeacampa.org\/es\/expo-virtual-2020\/#breadcrumb"},"inLanguage":"es","potentialAction":[{"@type":"ReadAction","target":["https:\/\/coruna.redeacampa.org\/es\/expo-virtual-2020\/"]}]},{"@type":"BreadcrumbList","@id":"https:\/\/coruna.redeacampa.org\/es\/expo-virtual-2020\/#breadcrumb","itemListElement":[{"@type":"ListItem","position":1,"name":"Portada","item":"https:\/\/coruna.redeacampa.org\/es\/"},{"@type":"ListItem","position":2,"name":"Exposici\u00f3n Virtual 2020"}]},{"@type":"WebSite","@id":"https:\/\/coruna.redeacampa.org\/es\/#website","url":"https:\/\/coruna.redeacampa.org\/es\/","name":"Acampa - Pola paz e o dereito a refuxio","description":"Unha iniciativa cidad\u00e1 sen fins de lucro integrada por colectivos sociais, culturais, educativos, veci\u00f1ais, pol\u00edticos, sindicais, art\u00edsticos, de persoas solidarias, de instituci\u00f3ns e empresas con responsabilidade social que te\u00f1en como obxectivo a defensa dos dereitos humanos, o Dereito Internacional Humanitario e o Dereito a Refuxio.","potentialAction":[{"@type":"SearchAction","target":{"@type":"EntryPoint","urlTemplate":"https:\/\/coruna.redeacampa.org\/es\/?s={search_term_string}"},"query-input":{"@type":"PropertyValueSpecification","valueRequired":true,"valueName":"search_term_string"}}],"inLanguage":"es"}]}},"_links":{"self":[{"href":"https:\/\/coruna.redeacampa.org\/es\/wp-json\/wp\/v2\/pages\/45684","targetHints":{"allow":["GET"]}}],"collection":[{"href":"https:\/\/coruna.redeacampa.org\/es\/wp-json\/wp\/v2\/pages"}],"about":[{"href":"https:\/\/coruna.redeacampa.org\/es\/wp-json\/wp\/v2\/types\/page"}],"author":[{"embeddable":true,"href":"https:\/\/coruna.redeacampa.org\/es\/wp-json\/wp\/v2\/users\/1"}],"replies":[{"embeddable":true,"href":"https:\/\/coruna.redeacampa.org\/es\/wp-json\/wp\/v2\/comments?post=45684"}],"version-history":[{"count":0,"href":"https:\/\/coruna.redeacampa.org\/es\/wp-json\/wp\/v2\/pages\/45684\/revisions"}],"wp:attachment":[{"href":"https:\/\/coruna.redeacampa.org\/es\/wp-json\/wp\/v2\/media?parent=45684"}],"wp:term":[{"taxonomy":"category","embeddable":true,"href":"https:\/\/coruna.redeacampa.org\/es\/wp-json\/wp\/v2\/categories?post=45684"},{"taxonomy":"post_tag","embeddable":true,"href":"https:\/\/coruna.redeacampa.org\/es\/wp-json\/wp\/v2\/tags?post=45684"}],"curies":[{"name":"wp","href":"https:\/\/api.w.org\/{rel}","templated":true}]}}