{"id":35768,"date":"2017-06-10T12:06:45","date_gmt":"2017-06-10T10:06:45","guid":{"rendered":"https:\/\/www.acampa.eu\/?page_id=35768\/"},"modified":"2021-02-22T22:52:06","modified_gmt":"2021-02-22T21:52:06","slug":"creditos-2019","status":"publish","type":"page","link":"https:\/\/coruna.redeacampa.org\/es\/creditos-2019\/","title":{"rendered":"Cr\u00e9ditos 2019"},"content":{"rendered":"<p>[et_pb_section fb_built=\u00bb1&#8243; _builder_version=\u00bb3.22&#8243; background_color=\u00bb#cd1619&#8243; custom_padding=\u00bb30px||30px|\u00bb][et_pb_row _builder_version=\u00bb3.25&#8243; background_size=\u00bbinitial\u00bb background_position=\u00bbtop_left\u00bb background_repeat=\u00bbrepeat\u00bb][et_pb_column type=\u00bb4_4&#8243; _builder_version=\u00bb3.25&#8243; custom_padding=\u00bb|||\u00bb custom_padding__hover=\u00bb|||\u00bb][et_pb_text _builder_version=\u00bb3.29.3&#8243; background_layout=\u00bbdark\u00bb border_style=\u00bbsolid\u00bb]<\/p>\n<h1>CR\u00c9DITOS ACAMPA 2019<\/h1>\n<p>Por la paz y el derecho a refugio<\/p>\n<p>[\/et_pb_text][\/et_pb_column][\/et_pb_row][\/et_pb_section][et_pb_section fb_built=\u00bb1&#8243; admin_label=\u00bbsection\u00bb module_class=\u00bbcreditos\u00bb _builder_version=\u00bb3.22&#8243; background_color=\u00bb#b6aea3&#8243; background_size=\u00bbinitial\u00bb background_repeat=\u00bbrepeat\u00bb][et_pb_row _builder_version=\u00bb3.25&#8243; background_size=\u00bbinitial\u00bb background_position=\u00bbtop_left\u00bb background_repeat=\u00bbrepeat\u00bb][et_pb_column type=\u00bb4_4&#8243; _builder_version=\u00bb3.25&#8243; custom_padding=\u00bb|||\u00bb custom_padding__hover=\u00bb|||\u00bb][et_pb_image src=\u00bbhttps:\/\/coruna.redeacampa.org\/wp-content\/uploads\/Grupal_ACAMPA_2018.jpg\u00bb show_in_lightbox=\u00bbon\u00bb align_tablet=\u00bbcenter\u00bb align_phone=\u00bb\u00bb align_last_edited=\u00bbon|desktop\u00bb disabled_on=\u00bboff|off|off\u00bb _builder_version=\u00bb3.29.3&#8243; animation_style=\u00bbslide\u00bb animation_direction=\u00bbleft\u00bb animation_duration=\u00bb500ms\u00bb animation_intensity_slide=\u00bb10%\u00bb border_style=\u00bbsolid\u00bb sticky=\u00bboff\u00bb locked=\u00bboff\u00bb][\/et_pb_image][\/et_pb_column][\/et_pb_row][et_pb_row column_structure=\u00bb1_4,1_4,1_4,1_4&#8243; admin_label=\u00bbrow\u00bb _builder_version=\u00bb4.5.0&#8243; background_size=\u00bbinitial\u00bb background_position=\u00bbtop_left\u00bb background_repeat=\u00bbrepeat\u00bb][et_pb_column type=\u00bb1_4&#8243; _builder_version=\u00bb3.25&#8243; custom_padding=\u00bb|||\u00bb custom_padding__hover=\u00bb|||\u00bb][et_pb_text admin_label=\u00bbCoordinador\u00bb _builder_version=\u00bb4.5.0&#8243; border_style=\u00bbsolid\u00bb]<\/p>\n<h2>Coordinador General<\/h2>\n<ul>\n<li>Xos\u00e9 Abad<\/li>\n<\/ul>\n<p>[\/et_pb_text][et_pb_text admin_label=\u00bbOrganizaci\u00f3ns sociais\u00bb _builder_version=\u00bb4.5.0&#8243;]<\/p>\n<h2>Organizaciones sociales<\/h2>\n<ul>\n<li>Rub\u00e9n S\u00e1nchez<\/li>\n<\/ul>\n<h3>COLABORACIO\u0301N<\/h3>\n<ul>\n<li>Hortensia Rossi<\/li>\n<li>Carlos Carrio\u0301n<\/li>\n<\/ul>\n<p>[\/et_pb_text][et_pb_text admin_label=\u00bbProgramaci\u00f3n\u00bb _builder_version=\u00bb4.5.0&#8243;]<\/p>\n<h2>Programaci\u00f3n<\/h2>\n<ul>\n<li>Raquel Barbeito<\/li>\n<li>Rosali\u0301a Gutie\u0301rrez<\/li>\n<li>Xose\u0301 Abad<\/li>\n<\/ul>\n<p>[\/et_pb_text][et_pb_text admin_label=\u00bbLog\u00edstica\u00bb _builder_version=\u00bb4.5.0&#8243; border_style=\u00bbsolid\u00bb]<\/p>\n<h2>Log\u00edstica<\/h2>\n<ul>\n<li>Raquel Barbeito<\/li>\n<li>Rosali\u0301a Gutie\u0301rrez<\/li>\n<\/ul>\n<h3>Colaboraci\u00f3n<\/h3>\n<ul>\n<li>Le\u0301o Lambert<\/li>\n<li>Beatriz Rocha Parga<\/li>\n<\/ul>\n<p>[\/et_pb_text][et_pb_text admin_label=\u00bbEconom\u00eda\u00bb _builder_version=\u00bb4.5.0&#8243;]<\/p>\n<h2>Econom\u00eda<\/h2>\n<ul>\n<li>Luz Ares Sa\u0301nchez<\/li>\n<\/ul>\n<p>[\/et_pb_text][\/et_pb_column][et_pb_column type=\u00bb1_4&#8243; _builder_version=\u00bb3.25&#8243; custom_padding=\u00bb|||\u00bb custom_padding__hover=\u00bb|||\u00bb][et_pb_text admin_label=\u00bbRelacions institucionais\u00bb _builder_version=\u00bb4.5.0&#8243;]<\/p>\n<h2>Relaciones institucionales<\/h2>\n<ul>\n<li>Xose Manuel Sa\u0301nchez Aguio\u0301n<\/li>\n<\/ul>\n<p>[\/et_pb_text][et_pb_text admin_label=\u00bbVoluntariado\u00bb _builder_version=\u00bb4.5.0&#8243;]<\/p>\n<h2>Voluntariado<\/h2>\n<ul>\n<li>Julia Lago<\/li>\n<li>Hortensia Rossi<\/li>\n<\/ul>\n<p>[\/et_pb_text][et_pb_text admin_label=\u00bbSecretar\u00eda\u00bb _builder_version=\u00bb4.5.0&#8243; border_style=\u00bbsolid\u00bb]<\/p>\n<h2>Secretar\u00eda<\/h2>\n<ul>\n<li>Carlos Reguera<\/li>\n<\/ul>\n<p>[\/et_pb_text][et_pb_text admin_label=\u00bbDese\u00f1o\u00bb _builder_version=\u00bb4.5.0&#8243;]<\/p>\n<h2>Equipo de dise\u00f1o<\/h2>\n<h3>Coordinadora<\/h3>\n<ul>\n<li>Aitana Tub\u00edo<\/li>\n<\/ul>\n<h3>Dise\u00f1o Cat\u00e1logo<\/h3>\n<ul>\n<li>Aitana Tub\u00edo<\/li>\n<\/ul>\n<h3>Ilustraciones<\/h3>\n<ul>\n<li>Carlos Gallego<\/li>\n<\/ul>\n<h3>Colaboraci\u00f3n<\/h3>\n<ul>\n<li>Claudia Silva<\/li>\n<li>Iago Ferna\u00e1ndez Di\u0301az<\/li>\n<li>Manuel Ben<\/li>\n<li>Adri\u00e1n Varela<\/li>\n<\/ul>\n<p>[\/et_pb_text][et_pb_text admin_label=\u00bbweb\u00bb _builder_version=\u00bb4.5.0&#8243; border_style=\u00bbsolid\u00bb]<\/p>\n<h2>Sitio web<\/h2>\n<ul>\n<li>Alfonso V\u00e1zquez<\/li>\n<li>Quique Varela<\/li>\n<\/ul>\n<p>[\/et_pb_text][\/et_pb_column][et_pb_column type=\u00bb1_4&#8243; _builder_version=\u00bb3.25&#8243; custom_padding=\u00bb|||\u00bb custom_padding__hover=\u00bb|||\u00bb][et_pb_text admin_label=\u00bbInfraestruturas\u00bb _builder_version=\u00bb4.5.0&#8243;]<\/p>\n<h2>Infraestructuras<\/h2>\n<ul>\n<li>Pedro Abad<\/li>\n<li>Colectivo <strong>NOZ<\/strong>\n<ul>\n<li>Federico Garc\u00eda<\/li>\n<li>Brais Gonz\u00e1lez<\/li>\n<li>Javier Garc\u00eda<\/li>\n<\/ul>\n<\/li>\n<\/ul>\n<p>[\/et_pb_text][et_pb_text admin_label=\u00bbSimulacion campo\u00bb _builder_version=\u00bb4.5.0&#8243;]<\/p>\n<h2>Simulaci\u00f3n campo de refugiados<\/h2>\n<h3>Escen\u00f3grafo<\/h3>\n<ul>\n<li>Suso Montero<\/li>\n<\/ul>\n<h3>Montaje Campo<\/h3>\n<ul>\n<li>Colectivo <strong>NOZ<\/strong>\n<ul>\n<li>Federico Garc\u00eda<\/li>\n<li>Brais Gonz\u00e1lez<\/li>\n<li>Javier Garc\u00eda<\/li>\n<\/ul>\n<\/li>\n<\/ul>\n<p>[\/et_pb_text][et_pb_text admin_label=\u00bbGalego\u00bb _builder_version=\u00bb4.5.0&#8243;]<\/p>\n<h2>Ling\u00fcista Galego<\/h2>\n<ul>\n<li>Bego\u00f1a M\u00e9ndez<\/li>\n<\/ul>\n<p>[\/et_pb_text][et_pb_text admin_label=\u00bbtraducci\u00f3ns\u00bb _builder_version=\u00bb4.5.0&#8243;]<\/p>\n<h2>Traducciones Ingles<\/h2>\n<ul>\n<li>Amy Bronwen Eduardes<\/li>\n<li>Robert Peers Edwardes<\/li>\n<\/ul>\n<p>[\/et_pb_text][\/et_pb_column][et_pb_column type=\u00bb1_4&#8243; _builder_version=\u00bb3.25&#8243; custom_padding=\u00bb|||\u00bb custom_padding__hover=\u00bb|||\u00bb][et_pb_text admin_label=\u00bbMedios de comunicaci\u00f3n\u00bb _builder_version=\u00bb4.5.0&#8243;]<\/p>\n<h2>Gabinete de Medios<\/h2>\n<ul>\n<li><a href=\"https:\/\/www.masstres.es\/inicio.html\" target=\"_blank\" rel=\"noopener noreferrer\">Masstres Comunicaci\u00f3n<\/a><\/li>\n<\/ul>\n<p>[\/et_pb_text][et_pb_text admin_label=\u00bbAudiovisual\u00bb _builder_version=\u00bb4.5.0&#8243; border_style=\u00bbsolid\u00bb]<\/p>\n<h2>Producci\u00f3n audiovisual<\/h2>\n<ul>\n<li>Clara L\u00f3pez<\/li>\n<li>Laura Cotelo<\/li>\n<li>A\u0301lvaro Bernabe\u0301u<\/li>\n<li>Javier Garc\u00eda Alonso<\/li>\n<\/ul>\n<p>[\/et_pb_text][et_pb_text disabled_on=\u00bboff|off|off\u00bb admin_label=\u00bbMemoria v\u00eddeo\u00bb _builder_version=\u00bb4.5.0&#8243; border_style=\u00bbsolid\u00bb]<\/p>\n<h2>Memoria v\u00eddeo<\/h2>\n<ul>\n<li>Clara L\u00f3pez<\/li>\n<\/ul>\n<p>[\/et_pb_text][et_pb_text admin_label=\u00bbAsesor\u00eda legal\u00bb _builder_version=\u00bb4.5.0&#8243;]<\/p>\n<h2>Asesor\u00eda Legal<\/h2>\n<ul>\n<li>Enrique Otero<\/li>\n<\/ul>\n<p>[\/et_pb_text][et_pb_text disabled_on=\u00bbon|on|on\u00bb admin_label=\u00bbGesti\u00f3n de Patrocinios\u00bb _builder_version=\u00bb4.5.0&#8243; disabled=\u00bbon\u00bb]<\/p>\n<h2>Patrocinios<\/h2>\n<h3>Memorias<\/h3>\n<ul>\n<li>Carmen Armada<\/li>\n<li>Daniel Ayuso<\/li>\n<\/ul>\n<h3>Gesti\u00f3n de Patrocinios<\/h3>\n<ul>\n<li>Jes\u00fas Caballero<\/li>\n<\/ul>\n<p>[\/et_pb_text][et_pb_text disabled_on=\u00bboff|off|off\u00bb admin_label=\u00bbColaboran\u00bb _builder_version=\u00bb4.5.0&#8243; border_style=\u00bbsolid\u00bb locked=\u00bboff\u00bb collapsed=\u00bbon\u00bb]<\/p>\n<h2>Colaboran<\/h2>\n<ul>\n<li>Mari\u0301a Nu\u0301n\u0303ez<\/li>\n<\/ul>\n<p>[\/et_pb_text][et_pb_text disabled_on=\u00bbon|on|on\u00bb admin_label=\u00bbVoluntarios\u00bb _builder_version=\u00bb3.27.4&#8243; border_style=\u00bbsolid\u00bb disabled=\u00bbon\u00bb]<\/p>\n<h2>Voluntarios<\/h2>\n<ul>\n<li>Asunci\u00f3n de La Pe\u00f1a Mart\u00edn<\/li>\n<li>Iria del Campo Vera<\/li>\n<li>Inmaculada Sangiao Bastida<\/li>\n<li>Rexina Basade Orozco<\/li>\n<li>Margarita Gonzalez Varela<\/li>\n<li>Juan Froj\u00e1n Castro<\/li>\n<li>Helena Gomoll\u00f3n Guevara<\/li>\n<li>Carla Brenlla Lorenzo<\/li>\n<li>Clara Rodriguez Gonz\u00e1lez<\/li>\n<li>Sonia Rodr\u00edguez Beltr\u00e1n<\/li>\n<li>Irene Garc\u00eda Paz<\/li>\n<li>Ana Fraga Vila<\/li>\n<li>Natalia San Vicente Pellicer<\/li>\n<li>Viru Lebedynski Mena<\/li>\n<li>Felipe Gutierrez Fern\u00e1ndez<\/li>\n<li>Jos\u00e9 Juan Jimenez Martinez<\/li>\n<li>Daniel Amor Garc\u00eda<\/li>\n<li>Paula Scapinachis Viacava<\/li>\n<li>Alejandra Seoane Rial<\/li>\n<li>Mario Rodriguez Gala<\/li>\n<li>Anuncio Moro\u00f1o Noia<\/li>\n<li>Julia Lago Fernandez-Couto<\/li>\n<li>Pilar Izquierdo Bernardo<\/li>\n<li>Sara Bravo Prado<\/li>\n<li>Marcos Fernandez Cea<\/li>\n<li>Fernando Mart\u00ednez Veiga<\/li>\n<li>Juan Manuel Regos Rios<\/li>\n<li>Manuel Villares Creo<\/li>\n<li>Celia Mar\u00eda L\u00f3pez Carballido<\/li>\n<li>Camilo Uran Pico<\/li>\n<li>Tania Rivera Castro<\/li>\n<li>Hortensia Rosi<\/li>\n<li>Enrique Otero Seivane<\/li>\n<li>Cecilia Garcia Carrara<\/li>\n<li>Luz Marina N\u00fa\u00f1ez Fern\u00e1ndez<\/li>\n<li>Marta Sicre<\/li>\n<li>Marta Rioboo Bascoy<\/li>\n<li>Ic\u00eda Becerra Paz<\/li>\n<li>Nora y Jose<\/li>\n<\/ul>\n<p>[\/et_pb_text][et_pb_text disabled_on=\u00bbon|on|on\u00bb admin_label=\u00bbRedes sociais\u00bb _builder_version=\u00bb3.27.4&#8243; disabled=\u00bbon\u00bb locked=\u00bboff\u00bb]<\/p>\n<h2>Redes sociales<\/h2>\n<ul>\n<li>Rom\u00e1n Bello<\/li>\n<\/ul>\n<p>[\/et_pb_text][\/et_pb_column][\/et_pb_row][\/et_pb_section]<\/p>\n","protected":false},"excerpt":{"rendered":"<p>CR\u00c9DITOS ACAMPA 2019 Por la paz y el derecho a refugioCoordinador General Xos\u00e9 Abad Organizaciones sociales Rub\u00e9n S\u00e1nchez COLABORACIO\u0301N Hortensia Rossi Carlos Carrio\u0301n Programaci\u00f3n Raquel Barbeito Rosali\u0301a Gutie\u0301rrez Xose\u0301 Abad Log\u00edstica Raquel Barbeito Rosali\u0301a Gutie\u0301rrez Colaboraci\u00f3n Le\u0301o Lambert Beatriz Rocha Parga Econom\u00eda Luz Ares Sa\u0301nchez Relaciones institucionales Xose Manuel Sa\u0301nchez Aguio\u0301n Voluntariado Julia Lago Hortensia [&hellip;]<\/p>\n","protected":false},"author":2,"featured_media":0,"parent":0,"menu_order":0,"comment_status":"closed","ping_status":"closed","template":"","meta":{"_et_pb_use_builder":"on","_et_pb_old_content":"","_et_gb_content_width":"","inline_featured_image":false,"footnotes":""},"categories":[378],"tags":[],"class_list":["post-35768","page","type-page","status-publish","hentry","category-acampa-2019-es"],"yoast_head":"<!-- This site is optimized with the Yoast SEO plugin v26.4 - https:\/\/yoast.com\/wordpress\/plugins\/seo\/ -->\n<title>Cr\u00e9ditos 2019 - Acampa - Pola paz e o dereito a refuxio<\/title>\n<meta name=\"robots\" content=\"index, follow, max-snippet:-1, max-image-preview:large, max-video-preview:-1\" \/>\n<link rel=\"canonical\" href=\"https:\/\/coruna.redeacampa.org\/es\/creditos-2019\/\" \/>\n<meta property=\"og:locale\" content=\"es_ES\" \/>\n<meta property=\"og:type\" content=\"article\" \/>\n<meta property=\"og:title\" content=\"Cr\u00e9ditos 2019 - Acampa - Pola paz e o dereito a refuxio\" \/>\n<meta property=\"og:description\" content=\"CR\u00c9DITOS ACAMPA 2019 Por la paz y el derecho a refugioCoordinador General Xos\u00e9 Abad Organizaciones sociales Rub\u00e9n S\u00e1nchez COLABORACIO\u0301N Hortensia Rossi Carlos Carrio\u0301n Programaci\u00f3n Raquel Barbeito Rosali\u0301a Gutie\u0301rrez Xose\u0301 Abad Log\u00edstica Raquel Barbeito Rosali\u0301a Gutie\u0301rrez Colaboraci\u00f3n Le\u0301o Lambert Beatriz Rocha Parga Econom\u00eda Luz Ares Sa\u0301nchez Relaciones institucionales Xose Manuel Sa\u0301nchez Aguio\u0301n Voluntariado Julia Lago Hortensia [&hellip;]\" \/>\n<meta property=\"og:url\" content=\"https:\/\/coruna.redeacampa.org\/es\/creditos-2019\/\" \/>\n<meta property=\"og:site_name\" content=\"Acampa - Pola paz e o dereito a refuxio\" \/>\n<meta property=\"article:publisher\" content=\"https:\/\/www.facebook.com\/acampapolapazeodereitoarefuxio\" \/>\n<meta property=\"article:modified_time\" content=\"2021-02-22T21:52:06+00:00\" \/>\n<meta name=\"twitter:card\" content=\"summary_large_image\" \/>\n<meta name=\"twitter:site\" content=\"@Acampa_polapaz\" \/>\n<meta name=\"twitter:label1\" content=\"Tiempo de lectura\" \/>\n\t<meta name=\"twitter:data1\" content=\"5 minutos\" \/>\n<script type=\"application\/ld+json\" class=\"yoast-schema-graph\">{\"@context\":\"https:\/\/schema.org\",\"@graph\":[{\"@type\":\"WebPage\",\"@id\":\"https:\/\/coruna.redeacampa.org\/es\/creditos-2019\/\",\"url\":\"https:\/\/coruna.redeacampa.org\/es\/creditos-2019\/\",\"name\":\"Cr\u00e9ditos 2019 - Acampa - Pola paz e o dereito a refuxio\",\"isPartOf\":{\"@id\":\"https:\/\/coruna.redeacampa.org\/es\/#website\"},\"datePublished\":\"2017-06-10T10:06:45+00:00\",\"dateModified\":\"2021-02-22T21:52:06+00:00\",\"breadcrumb\":{\"@id\":\"https:\/\/coruna.redeacampa.org\/es\/creditos-2019\/#breadcrumb\"},\"inLanguage\":\"es\",\"potentialAction\":[{\"@type\":\"ReadAction\",\"target\":[\"https:\/\/coruna.redeacampa.org\/es\/creditos-2019\/\"]}]},{\"@type\":\"BreadcrumbList\",\"@id\":\"https:\/\/coruna.redeacampa.org\/es\/creditos-2019\/#breadcrumb\",\"itemListElement\":[{\"@type\":\"ListItem\",\"position\":1,\"name\":\"Portada\",\"item\":\"https:\/\/coruna.redeacampa.org\/es\/\"},{\"@type\":\"ListItem\",\"position\":2,\"name\":\"Cr\u00e9ditos 2019\"}]},{\"@type\":\"WebSite\",\"@id\":\"https:\/\/coruna.redeacampa.org\/es\/#website\",\"url\":\"https:\/\/coruna.redeacampa.org\/es\/\",\"name\":\"Acampa - Pola paz e o dereito a refuxio\",\"description\":\"Unha iniciativa cidad\u00e1 sen fins de lucro integrada por colectivos sociais, culturais, educativos, veci\u00f1ais, pol\u00edticos, sindicais, art\u00edsticos, de persoas solidarias, de instituci\u00f3ns e empresas con responsabilidade social que te\u00f1en como obxectivo a defensa dos dereitos humanos, o Dereito Internacional Humanitario e o Dereito a Refuxio.\",\"potentialAction\":[{\"@type\":\"SearchAction\",\"target\":{\"@type\":\"EntryPoint\",\"urlTemplate\":\"https:\/\/coruna.redeacampa.org\/es\/?s={search_term_string}\"},\"query-input\":{\"@type\":\"PropertyValueSpecification\",\"valueRequired\":true,\"valueName\":\"search_term_string\"}}],\"inLanguage\":\"es\"}]}<\/script>\n<!-- \/ Yoast SEO plugin. -->","yoast_head_json":{"title":"Cr\u00e9ditos 2019 - Acampa - Pola paz e o dereito a refuxio","robots":{"index":"index","follow":"follow","max-snippet":"max-snippet:-1","max-image-preview":"max-image-preview:large","max-video-preview":"max-video-preview:-1"},"canonical":"https:\/\/coruna.redeacampa.org\/es\/creditos-2019\/","og_locale":"es_ES","og_type":"article","og_title":"Cr\u00e9ditos 2019 - Acampa - Pola paz e o dereito a refuxio","og_description":"CR\u00c9DITOS ACAMPA 2019 Por la paz y el derecho a refugioCoordinador General Xos\u00e9 Abad Organizaciones sociales Rub\u00e9n S\u00e1nchez COLABORACIO\u0301N Hortensia Rossi Carlos Carrio\u0301n Programaci\u00f3n Raquel Barbeito Rosali\u0301a Gutie\u0301rrez Xose\u0301 Abad Log\u00edstica Raquel Barbeito Rosali\u0301a Gutie\u0301rrez Colaboraci\u00f3n Le\u0301o Lambert Beatriz Rocha Parga Econom\u00eda Luz Ares Sa\u0301nchez Relaciones institucionales Xose Manuel Sa\u0301nchez Aguio\u0301n Voluntariado Julia Lago Hortensia [&hellip;]","og_url":"https:\/\/coruna.redeacampa.org\/es\/creditos-2019\/","og_site_name":"Acampa - Pola paz e o dereito a refuxio","article_publisher":"https:\/\/www.facebook.com\/acampapolapazeodereitoarefuxio","article_modified_time":"2021-02-22T21:52:06+00:00","twitter_card":"summary_large_image","twitter_site":"@Acampa_polapaz","twitter_misc":{"Tiempo de lectura":"5 minutos"},"schema":{"@context":"https:\/\/schema.org","@graph":[{"@type":"WebPage","@id":"https:\/\/coruna.redeacampa.org\/es\/creditos-2019\/","url":"https:\/\/coruna.redeacampa.org\/es\/creditos-2019\/","name":"Cr\u00e9ditos 2019 - Acampa - Pola paz e o dereito a refuxio","isPartOf":{"@id":"https:\/\/coruna.redeacampa.org\/es\/#website"},"datePublished":"2017-06-10T10:06:45+00:00","dateModified":"2021-02-22T21:52:06+00:00","breadcrumb":{"@id":"https:\/\/coruna.redeacampa.org\/es\/creditos-2019\/#breadcrumb"},"inLanguage":"es","potentialAction":[{"@type":"ReadAction","target":["https:\/\/coruna.redeacampa.org\/es\/creditos-2019\/"]}]},{"@type":"BreadcrumbList","@id":"https:\/\/coruna.redeacampa.org\/es\/creditos-2019\/#breadcrumb","itemListElement":[{"@type":"ListItem","position":1,"name":"Portada","item":"https:\/\/coruna.redeacampa.org\/es\/"},{"@type":"ListItem","position":2,"name":"Cr\u00e9ditos 2019"}]},{"@type":"WebSite","@id":"https:\/\/coruna.redeacampa.org\/es\/#website","url":"https:\/\/coruna.redeacampa.org\/es\/","name":"Acampa - Pola paz e o dereito a refuxio","description":"Unha iniciativa cidad\u00e1 sen fins de lucro integrada por colectivos sociais, culturais, educativos, veci\u00f1ais, pol\u00edticos, sindicais, art\u00edsticos, de persoas solidarias, de instituci\u00f3ns e empresas con responsabilidade social que te\u00f1en como obxectivo a defensa dos dereitos humanos, o Dereito Internacional Humanitario e o Dereito a Refuxio.","potentialAction":[{"@type":"SearchAction","target":{"@type":"EntryPoint","urlTemplate":"https:\/\/coruna.redeacampa.org\/es\/?s={search_term_string}"},"query-input":{"@type":"PropertyValueSpecification","valueRequired":true,"valueName":"search_term_string"}}],"inLanguage":"es"}]}},"_links":{"self":[{"href":"https:\/\/coruna.redeacampa.org\/es\/wp-json\/wp\/v2\/pages\/35768","targetHints":{"allow":["GET"]}}],"collection":[{"href":"https:\/\/coruna.redeacampa.org\/es\/wp-json\/wp\/v2\/pages"}],"about":[{"href":"https:\/\/coruna.redeacampa.org\/es\/wp-json\/wp\/v2\/types\/page"}],"author":[{"embeddable":true,"href":"https:\/\/coruna.redeacampa.org\/es\/wp-json\/wp\/v2\/users\/2"}],"replies":[{"embeddable":true,"href":"https:\/\/coruna.redeacampa.org\/es\/wp-json\/wp\/v2\/comments?post=35768"}],"version-history":[{"count":0,"href":"https:\/\/coruna.redeacampa.org\/es\/wp-json\/wp\/v2\/pages\/35768\/revisions"}],"wp:attachment":[{"href":"https:\/\/coruna.redeacampa.org\/es\/wp-json\/wp\/v2\/media?parent=35768"}],"wp:term":[{"taxonomy":"category","embeddable":true,"href":"https:\/\/coruna.redeacampa.org\/es\/wp-json\/wp\/v2\/categories?post=35768"},{"taxonomy":"post_tag","embeddable":true,"href":"https:\/\/coruna.redeacampa.org\/es\/wp-json\/wp\/v2\/tags?post=35768"}],"curies":[{"name":"wp","href":"https:\/\/api.w.org\/{rel}","templated":true}]}}