{"id":33443,"date":"2017-05-02T09:50:15","date_gmt":"2017-05-02T07:50:15","guid":{"rendered":"https:\/\/www.acampa.eu\/?page_id=33443\/"},"modified":"2021-02-22T23:53:00","modified_gmt":"2021-02-22T22:53:00","slug":"financiacion","status":"publish","type":"page","link":"https:\/\/coruna.redeacampa.org\/es\/financiacion\/","title":{"rendered":"Financiaci\u00f3n"},"content":{"rendered":"<p>[et_pb_section fb_built=\u00bb1&#8243; fullwidth=\u00bbon\u00bb custom_padding_last_edited=\u00bbon|desktop\u00bb next_background_color=\u00bb#ffffff\u00bb admin_label=\u00bbsection\u00bb _builder_version=\u00bb3.0.74&#8243; background_color=\u00bb#cd1619&#8243; custom_padding_tablet=\u00bb50px|0|50px|0&#8243; transparent_background=\u00bboff\u00bb padding_mobile=\u00bboff\u00bb][et_pb_fullwidth_header title=\u00bbComo se Finacia Acampa\u00bb subhead=\u00bbPor la paz y el derecho a refugio\u00bb _builder_version=\u00bb3.16&#8243; title_font=\u00bb|on|||\u00bb subhead_font=\u00bb||on||\u00bb background_color=\u00bbrgba(255, 255, 255, 0)\u00bb button_one_border_radius_hover=\u00bb0&#8243; button_two_border_radius_hover=\u00bb0&#8243; button_one_letter_spacing_hover=\u00bb0&#8243; button_two_letter_spacing_hover=\u00bb0&#8243; button_one_text_size__hover_enabled=\u00bboff\u00bb button_two_text_size__hover_enabled=\u00bboff\u00bb button_one_text_color__hover_enabled=\u00bboff\u00bb button_two_text_color__hover_enabled=\u00bboff\u00bb button_one_border_width__hover_enabled=\u00bboff\u00bb button_two_border_width__hover_enabled=\u00bboff\u00bb button_one_border_color__hover_enabled=\u00bboff\u00bb button_two_border_color__hover_enabled=\u00bboff\u00bb button_one_border_radius__hover_enabled=\u00bbon\u00bb button_one_border_radius__hover=\u00bb0&#8243; button_two_border_radius__hover_enabled=\u00bbon\u00bb button_two_border_radius__hover=\u00bb0&#8243; button_one_letter_spacing__hover_enabled=\u00bbon\u00bb button_one_letter_spacing__hover=\u00bb0&#8243; button_two_letter_spacing__hover_enabled=\u00bbon\u00bb button_two_letter_spacing__hover=\u00bb0&#8243; button_one_bg_color__hover_enabled=\u00bboff\u00bb button_two_bg_color__hover_enabled=\u00bboff\u00bb][\/et_pb_fullwidth_header][\/et_pb_section][et_pb_section fb_built=\u00bb1&#8243; _builder_version=\u00bb3.19.13&#8243;][et_pb_row _builder_version=\u00bb3.19.13&#8243;][et_pb_column type=\u00bb4_4&#8243; _builder_version=\u00bb3.19.13&#8243;][et_pb_text _builder_version=\u00bb3.0.87&#8243; background_size=\u00bbinitial\u00bb background_position=\u00bbtop_left\u00bb background_repeat=\u00bbrepeat\u00bb use_border_color=\u00bboff\u00bb border_color=\u00bb#ffffff\u00bb border_style=\u00bbsolid\u00bb]<strong><span style=\"color: #cd1619;\">Acampa por la paz y el derecho a refugio<\/span> <\/strong>es una iniciativa que trabaja en la sensibilizaci\u00f3n de la ciudadan\u00eda, en la creaci\u00f3n de una red de intercambio de informaci\u00f3n que sirva para contrarrestar, en la medida de lo posible, la desinformaci\u00f3n de los grandes medios. Trabajamos en el fortalecimiento de la unidad de acci\u00f3n entre organizaciones y personas y por medio de la informaci\u00f3n contrastada y directa, sensibilizar e incorporar a mucha gente joven a la defensa de los derechos humanos.<\/p>\n<p>La atenci\u00f3n a las personas refugiadas que en estos momentos centran la atenci\u00f3n de las organizaciones y de las personas comprometidas, puede abordarse de varios modos: la atenci\u00f3n b\u00e1sica a sus necesidades y tambi\u00e9n, y fundamental, la presi\u00f3n ciudadana sobre los gobiernos que deben cumplir sus compromisos de acogida de las personas refugiadas que, en muchos casos llevan meses y meses esperando una oportunidad para vivir de una forma independiente. Lo que las personas refugiadas reclaman es paz para poder regresar a sus vidas, y mientras eso no pueda ser, piden una oportunidad para reiniciar una vida sobre la base de su propio trabajo. Y este trabajo de presi\u00f3n ciudadana\/pol\u00edtica es fundamental para revertir la situaci\u00f3n de abandono institucional.<\/p>\n<p>Para poner el foco medi\u00e1tico sobre la crisis humanitaria de las personas refugiadas y llegar a un porcentaje alto del tejido social, organizamos un encuentro entre la ciudadan\u00eda, las v\u00edctimas, ongs, voluntarios y voluntarias, personas expertas en la materia, y muchas otras que pueden aportar su trabajo y su experiencia.<\/p>\n<p><strong><span style=\"color: #cd1619;\">Acampa por la paz y el derecho a refugio<\/span><\/strong>, como iniciativa sin fines de lucro se nutre, fundamentalmente, del trabajo voluntario de decenas de personas especializadas que conforman los equipos de trabajo, que aportan su energ\u00eda y conocimiento para sacar adelanta este proyecto. Aun as\u00ed necesitamos captar fondos para cubrir las infraestructuras necesarias para llegar a mucha gente y poder celebrar los actos por toda la ciudad: las exposiciones, los talleres, los encuentros, conferencias, visitas guiadas, actividades infantiles, y las infraestructuras necesarias para el simb\u00f3lico campo de personas refugiadas.<\/p>\n<p><strong><span style=\"color: #cd1619;\">Acampa<\/span> <\/strong>no tiene personas asalariadas, ni infraestructuras propias. Los gastos cotidianos de funcionamiento son cubiertos por las personas voluntarias que conformamos los equipos de trabajo.<\/p>\n<p>Recaudamos fondos por diversas v\u00edas: las donaciones que hacen las personas y las organizaciones que se suman a la red, por medio de campa\u00f1as de micro-mecenazgo, presentando el proyecto a las convocatorias que promueven las diferentes administraciones para sensibilizaci\u00f3n, con las donaciones de empresas con responsabilidad social, con las aportaciones en especie que hacen las organizaciones y empresas colaboradoras.<\/p>\n<p>Los fondos recaudados no compiten con los destinados al trabajo asistencial de las organizaciones que conforman la red, ni de las que trabajan sobre el terreno.<\/p>\n<p><strong><span style=\"color: #cd1619;\">Acampa<\/span> <\/strong>tiene como objetivo el ser capaces, entre todos y todas, de poner en evidencia la enorme desprotecci\u00f3n de los estados ante el sufrimiento de las personas que huyen de los conflictos que esos mismos estados provocan, y esta es una tarea que implica un enorme compromiso de personas y organizaciones. Desvelar esta evidencia precisa de trabajo voluntario y tambi\u00e9n de los recursos suficientes para poder hacer un evento unitario y realmente sonoro.<br \/>\n[\/et_pb_text][et_pb_image src=\u00bb\/wp-content\/uploads\/2016\/10\/logo_rj.svg\u00bb alt=\u00bbAcampa\u00bb title_text=\u00bbAcampa\u00bb _builder_version=\u00bb3.0.87&#8243; custom_css_main_element=\u00bbmax-width: 240px;\u00bb use_border_color=\u00bboff\u00bb border_color=\u00bb#ffffff\u00bb border_style=\u00bbsolid\u00bb animation=\u00bboff\u00bb sticky=\u00bboff\u00bb][\/et_pb_image][et_pb_sidebar area=\u00bbet_pb_widget_area_8&#8243; show_border=\u00bboff\u00bb admin_label=\u00bbcrowfunding\u00bb module_class=\u00bbcrow\u00bb _builder_version=\u00bb3.0.74&#8243; custom_css_main_element=\u00bbpadding: 20px;||border: 1px solid #CCC;\u00bb remove_border=\u00bbon\u00bb locked=\u00bboff\u00bb][\/et_pb_sidebar][\/et_pb_column][\/et_pb_row][\/et_pb_section]<\/p>\n","protected":false},"excerpt":{"rendered":"<p>Acampa por la paz y el derecho a refugio es una iniciativa que trabaja en la sensibilizaci\u00f3n de la ciudadan\u00eda, en la creaci\u00f3n de una red de intercambio de informaci\u00f3n que sirva para contrarrestar, en la medida de lo posible, la desinformaci\u00f3n de los grandes medios. Trabajamos en el fortalecimiento de la unidad de acci\u00f3n [&hellip;]<\/p>\n","protected":false},"author":1,"featured_media":0,"parent":0,"menu_order":101,"comment_status":"closed","ping_status":"closed","template":"","meta":{"_et_pb_use_builder":"on","_et_pb_old_content":"","_et_gb_content_width":"","inline_featured_image":false,"footnotes":""},"categories":[391],"tags":[],"class_list":["post-33443","page","type-page","status-publish","hentry","category-acampa-secundario-es"],"yoast_head":"<!-- This site is optimized with the Yoast SEO plugin v26.4 - https:\/\/yoast.com\/wordpress\/plugins\/seo\/ -->\n<title>Financiaci\u00f3n - Acampa - Pola paz e o dereito a refuxio<\/title>\n<meta name=\"robots\" content=\"index, follow, max-snippet:-1, max-image-preview:large, max-video-preview:-1\" \/>\n<link rel=\"canonical\" href=\"https:\/\/coruna.redeacampa.org\/es\/financiacion\/\" \/>\n<meta property=\"og:locale\" content=\"es_ES\" \/>\n<meta property=\"og:type\" content=\"article\" \/>\n<meta property=\"og:title\" content=\"Financiaci\u00f3n - Acampa - Pola paz e o dereito a refuxio\" \/>\n<meta property=\"og:description\" content=\"Acampa por la paz y el derecho a refugio es una iniciativa que trabaja en la sensibilizaci\u00f3n de la ciudadan\u00eda, en la creaci\u00f3n de una red de intercambio de informaci\u00f3n que sirva para contrarrestar, en la medida de lo posible, la desinformaci\u00f3n de los grandes medios. Trabajamos en el fortalecimiento de la unidad de acci\u00f3n [&hellip;]\" \/>\n<meta property=\"og:url\" content=\"https:\/\/coruna.redeacampa.org\/es\/financiacion\/\" \/>\n<meta property=\"og:site_name\" content=\"Acampa - Pola paz e o dereito a refuxio\" \/>\n<meta property=\"article:publisher\" content=\"https:\/\/www.facebook.com\/acampapolapazeodereitoarefuxio\" \/>\n<meta property=\"article:modified_time\" content=\"2021-02-22T22:53:00+00:00\" \/>\n<meta name=\"twitter:card\" content=\"summary_large_image\" \/>\n<meta name=\"twitter:site\" content=\"@Acampa_polapaz\" \/>\n<meta name=\"twitter:label1\" content=\"Tiempo de lectura\" \/>\n\t<meta name=\"twitter:data1\" content=\"4 minutos\" \/>\n<script type=\"application\/ld+json\" class=\"yoast-schema-graph\">{\"@context\":\"https:\/\/schema.org\",\"@graph\":[{\"@type\":\"WebPage\",\"@id\":\"https:\/\/coruna.redeacampa.org\/es\/financiacion\/\",\"url\":\"https:\/\/coruna.redeacampa.org\/es\/financiacion\/\",\"name\":\"Financiaci\u00f3n - Acampa - Pola paz e o dereito a refuxio\",\"isPartOf\":{\"@id\":\"https:\/\/coruna.redeacampa.org\/es\/#website\"},\"datePublished\":\"2017-05-02T07:50:15+00:00\",\"dateModified\":\"2021-02-22T22:53:00+00:00\",\"breadcrumb\":{\"@id\":\"https:\/\/coruna.redeacampa.org\/es\/financiacion\/#breadcrumb\"},\"inLanguage\":\"es\",\"potentialAction\":[{\"@type\":\"ReadAction\",\"target\":[\"https:\/\/coruna.redeacampa.org\/es\/financiacion\/\"]}]},{\"@type\":\"BreadcrumbList\",\"@id\":\"https:\/\/coruna.redeacampa.org\/es\/financiacion\/#breadcrumb\",\"itemListElement\":[{\"@type\":\"ListItem\",\"position\":1,\"name\":\"Portada\",\"item\":\"https:\/\/coruna.redeacampa.org\/es\/\"},{\"@type\":\"ListItem\",\"position\":2,\"name\":\"Financiaci\u00f3n\"}]},{\"@type\":\"WebSite\",\"@id\":\"https:\/\/coruna.redeacampa.org\/es\/#website\",\"url\":\"https:\/\/coruna.redeacampa.org\/es\/\",\"name\":\"Acampa - Pola paz e o dereito a refuxio\",\"description\":\"Unha iniciativa cidad\u00e1 sen fins de lucro integrada por colectivos sociais, culturais, educativos, veci\u00f1ais, pol\u00edticos, sindicais, art\u00edsticos, de persoas solidarias, de instituci\u00f3ns e empresas con responsabilidade social que te\u00f1en como obxectivo a defensa dos dereitos humanos, o Dereito Internacional Humanitario e o Dereito a Refuxio.\",\"potentialAction\":[{\"@type\":\"SearchAction\",\"target\":{\"@type\":\"EntryPoint\",\"urlTemplate\":\"https:\/\/coruna.redeacampa.org\/es\/?s={search_term_string}\"},\"query-input\":{\"@type\":\"PropertyValueSpecification\",\"valueRequired\":true,\"valueName\":\"search_term_string\"}}],\"inLanguage\":\"es\"}]}<\/script>\n<!-- \/ Yoast SEO plugin. -->","yoast_head_json":{"title":"Financiaci\u00f3n - Acampa - Pola paz e o dereito a refuxio","robots":{"index":"index","follow":"follow","max-snippet":"max-snippet:-1","max-image-preview":"max-image-preview:large","max-video-preview":"max-video-preview:-1"},"canonical":"https:\/\/coruna.redeacampa.org\/es\/financiacion\/","og_locale":"es_ES","og_type":"article","og_title":"Financiaci\u00f3n - Acampa - Pola paz e o dereito a refuxio","og_description":"Acampa por la paz y el derecho a refugio es una iniciativa que trabaja en la sensibilizaci\u00f3n de la ciudadan\u00eda, en la creaci\u00f3n de una red de intercambio de informaci\u00f3n que sirva para contrarrestar, en la medida de lo posible, la desinformaci\u00f3n de los grandes medios. Trabajamos en el fortalecimiento de la unidad de acci\u00f3n [&hellip;]","og_url":"https:\/\/coruna.redeacampa.org\/es\/financiacion\/","og_site_name":"Acampa - Pola paz e o dereito a refuxio","article_publisher":"https:\/\/www.facebook.com\/acampapolapazeodereitoarefuxio","article_modified_time":"2021-02-22T22:53:00+00:00","twitter_card":"summary_large_image","twitter_site":"@Acampa_polapaz","twitter_misc":{"Tiempo de lectura":"4 minutos"},"schema":{"@context":"https:\/\/schema.org","@graph":[{"@type":"WebPage","@id":"https:\/\/coruna.redeacampa.org\/es\/financiacion\/","url":"https:\/\/coruna.redeacampa.org\/es\/financiacion\/","name":"Financiaci\u00f3n - Acampa - Pola paz e o dereito a refuxio","isPartOf":{"@id":"https:\/\/coruna.redeacampa.org\/es\/#website"},"datePublished":"2017-05-02T07:50:15+00:00","dateModified":"2021-02-22T22:53:00+00:00","breadcrumb":{"@id":"https:\/\/coruna.redeacampa.org\/es\/financiacion\/#breadcrumb"},"inLanguage":"es","potentialAction":[{"@type":"ReadAction","target":["https:\/\/coruna.redeacampa.org\/es\/financiacion\/"]}]},{"@type":"BreadcrumbList","@id":"https:\/\/coruna.redeacampa.org\/es\/financiacion\/#breadcrumb","itemListElement":[{"@type":"ListItem","position":1,"name":"Portada","item":"https:\/\/coruna.redeacampa.org\/es\/"},{"@type":"ListItem","position":2,"name":"Financiaci\u00f3n"}]},{"@type":"WebSite","@id":"https:\/\/coruna.redeacampa.org\/es\/#website","url":"https:\/\/coruna.redeacampa.org\/es\/","name":"Acampa - Pola paz e o dereito a refuxio","description":"Unha iniciativa cidad\u00e1 sen fins de lucro integrada por colectivos sociais, culturais, educativos, veci\u00f1ais, pol\u00edticos, sindicais, art\u00edsticos, de persoas solidarias, de instituci\u00f3ns e empresas con responsabilidade social que te\u00f1en como obxectivo a defensa dos dereitos humanos, o Dereito Internacional Humanitario e o Dereito a Refuxio.","potentialAction":[{"@type":"SearchAction","target":{"@type":"EntryPoint","urlTemplate":"https:\/\/coruna.redeacampa.org\/es\/?s={search_term_string}"},"query-input":{"@type":"PropertyValueSpecification","valueRequired":true,"valueName":"search_term_string"}}],"inLanguage":"es"}]}},"_links":{"self":[{"href":"https:\/\/coruna.redeacampa.org\/es\/wp-json\/wp\/v2\/pages\/33443","targetHints":{"allow":["GET"]}}],"collection":[{"href":"https:\/\/coruna.redeacampa.org\/es\/wp-json\/wp\/v2\/pages"}],"about":[{"href":"https:\/\/coruna.redeacampa.org\/es\/wp-json\/wp\/v2\/types\/page"}],"author":[{"embeddable":true,"href":"https:\/\/coruna.redeacampa.org\/es\/wp-json\/wp\/v2\/users\/1"}],"replies":[{"embeddable":true,"href":"https:\/\/coruna.redeacampa.org\/es\/wp-json\/wp\/v2\/comments?post=33443"}],"version-history":[{"count":0,"href":"https:\/\/coruna.redeacampa.org\/es\/wp-json\/wp\/v2\/pages\/33443\/revisions"}],"wp:attachment":[{"href":"https:\/\/coruna.redeacampa.org\/es\/wp-json\/wp\/v2\/media?parent=33443"}],"wp:term":[{"taxonomy":"category","embeddable":true,"href":"https:\/\/coruna.redeacampa.org\/es\/wp-json\/wp\/v2\/categories?post=33443"},{"taxonomy":"post_tag","embeddable":true,"href":"https:\/\/coruna.redeacampa.org\/es\/wp-json\/wp\/v2\/tags?post=33443"}],"curies":[{"name":"wp","href":"https:\/\/api.w.org\/{rel}","templated":true}]}}