{"id":57977,"date":"2023-12-19T12:42:49","date_gmt":"2023-12-19T11:42:49","guid":{"rendered":"https:\/\/coruna.redeacampa.org\/?page_id=57977"},"modified":"2023-12-19T12:57:40","modified_gmt":"2023-12-19T11:57:40","slug":"images-2022","status":"publish","type":"page","link":"https:\/\/coruna.redeacampa.org\/en\/images-2022\/","title":{"rendered":"Images 2022"},"content":{"rendered":"<p>[et_pb_section fb_built=&#8221;1&#8243; admin_label=&#8221;section&#8221; _builder_version=&#8221;4.16&#8243; background_color=&#8221;#CD1619&#8243; custom_padding=&#8221;30px||30px|&#8221; collapsed=&#8221;off&#8221; global_colors_info=&#8221;{}&#8221;][et_pb_row admin_label=&#8221;row&#8221; _builder_version=&#8221;4.16&#8243; background_size=&#8221;initial&#8221; background_position=&#8221;top_left&#8221; background_repeat=&#8221;repeat&#8221; global_colors_info=&#8221;{}&#8221;][et_pb_column type=&#8221;4_4&#8243; _builder_version=&#8221;4.16&#8243; custom_padding=&#8221;|||&#8221; global_colors_info=&#8221;{}&#8221; custom_padding__hover=&#8221;|||&#8221;][et_pb_text _builder_version=&#8221;4.17.4&#8243; background_layout=&#8221;dark&#8221; global_colors_info=&#8221;{}&#8221;]<\/p>\n<h1>Images Acampa 2022<\/h1>\n<p>[\/et_pb_text][\/et_pb_column][\/et_pb_row][\/et_pb_section][et_pb_section fb_built=&#8221;1&#8243; _builder_version=&#8221;4.16&#8243; background_color=&#8221;#222222&#8243; background_size=&#8221;initial&#8221; background_repeat=&#8221;repeat&#8221; collapsed=&#8221;off&#8221; global_colors_info=&#8221;{}&#8221;][et_pb_row _builder_version=&#8221;4.16&#8243; background_size=&#8221;initial&#8221; background_position=&#8221;top_left&#8221; background_repeat=&#8221;repeat&#8221; global_colors_info=&#8221;{}&#8221;][et_pb_column type=&#8221;4_4&#8243; _builder_version=&#8221;4.16&#8243; custom_padding=&#8221;|||&#8221; global_colors_info=&#8221;{}&#8221; custom_padding__hover=&#8221;|||&#8221;][et_pb_text _builder_version=&#8221;4.17.4&#8243; _module_preset=&#8221;default&#8221; global_colors_info=&#8221;{}&#8221;]<\/p>\n<h3><strong>Municipal School of Music &#8211; Acampa 2022 &#8211; Hunger and Refuge &#8211; <\/strong><strong>05 de Junio de 2022<\/strong><\/h3>\n<p>[\/et_pb_text][et_pb_gallery gallery_ids=&#8221;54480,54513,54510,54507,54504,54501,54498,54495,54492,54489,54486,54483&#8243; posts_number=&#8221;1000&#8243; show_title_and_caption=&#8221;off&#8221; show_pagination=&#8221;off&#8221; zoom_icon_color=&#8221;#cd1619&#8243; hover_overlay_color=&#8221;rgba(227,6,19,0.3)&#8221; _builder_version=&#8221;4.17.4&#8243; global_colors_info=&#8221;{}&#8221;][\/et_pb_gallery][et_pb_text _builder_version=&#8221;4.17.4&#8243; _module_preset=&#8221;default&#8221; global_colors_info=&#8221;{}&#8221;]<\/p>\n<h3><strong>Acampa 2022 &#8211; Hunger and Refuge &#8211; June 09 &#8211; 11, 2022<br \/>\n<\/strong><\/h3>\n<p>[\/et_pb_text][et_pb_gallery gallery_ids=&#8221;54519,54522,54525,54528,54531,54534,54537,54540,54543,54546,54549,54552,54555,54558,54561,54564,54567,54570,54573,54576,54579,54582,54585,54588,54591,54594,54597,54600,54603,54606,54609,54612,54615,54618,54621,54627,54624,54630,54633,54636,54639,54642,54645,54648,54651,54654,54657,54660,54663,54666,54669,54672,54675,54678,54681,54684,54687,54690,54693,54696,54699,54702,54705,54708,54711,54714,54717,54720,54723,54726,54729,54732,54735,54738,54741,54744,54747,54750,54753,54756,54759,54762,54765,54768,54771,54774,54777,54780,54783,54786,54789,54792,54795,54798,54801&#8243; posts_number=&#8221;1000&#8243; show_title_and_caption=&#8221;off&#8221; show_pagination=&#8221;off&#8221; zoom_icon_color=&#8221;#cd1619&#8243; hover_overlay_color=&#8221;rgba(227,6,19,0.3)&#8221; _builder_version=&#8221;4.17.4&#8243; global_colors_info=&#8221;{}&#8221;][\/et_pb_gallery][\/et_pb_column][\/et_pb_row][\/et_pb_section]<\/p>\n","protected":false},"excerpt":{"rendered":"<p>Images Acampa 2022Municipal School of Music &#8211; Acampa 2022 &#8211; Hunger and Refuge &#8211; 05 de Junio de 2022Acampa 2022 &#8211; Hunger and Refuge &#8211; June 09 &#8211; 11, 2022<\/p>\n","protected":false},"author":1,"featured_media":0,"parent":0,"menu_order":0,"comment_status":"closed","ping_status":"closed","template":"","meta":{"_et_pb_use_builder":"on","_et_pb_old_content":"","_et_gb_content_width":"","inline_featured_image":false,"footnotes":""},"categories":[434],"tags":[],"class_list":["post-57977","page","type-page","status-publish","hentry","category-acampa-2022-en"],"yoast_head":"<!-- This site is optimized with the Yoast SEO plugin v26.4 - https:\/\/yoast.com\/wordpress\/plugins\/seo\/ -->\n<title>Images 2022 - Acampa - Pola paz e o dereito a refuxio<\/title>\n<meta name=\"robots\" content=\"index, follow, max-snippet:-1, max-image-preview:large, max-video-preview:-1\" \/>\n<link rel=\"canonical\" href=\"https:\/\/coruna.redeacampa.org\/en\/images-2022\/\" \/>\n<meta property=\"og:locale\" content=\"en_US\" \/>\n<meta property=\"og:type\" content=\"article\" \/>\n<meta property=\"og:title\" content=\"Images 2022 - Acampa - Pola paz e o dereito a refuxio\" \/>\n<meta property=\"og:description\" content=\"Images Acampa 2022Municipal School of Music - Acampa 2022 - Hunger and Refuge - 05 de Junio de 2022Acampa 2022 - Hunger and Refuge - June 09 - 11, 2022\" \/>\n<meta property=\"og:url\" content=\"https:\/\/coruna.redeacampa.org\/en\/images-2022\/\" \/>\n<meta property=\"og:site_name\" content=\"Acampa - Pola paz e o dereito a refuxio\" \/>\n<meta property=\"article:publisher\" content=\"https:\/\/www.facebook.com\/acampapolapazeodereitoarefuxio\" \/>\n<meta property=\"article:modified_time\" content=\"2023-12-19T11:57:40+00:00\" \/>\n<meta name=\"twitter:card\" content=\"summary_large_image\" \/>\n<meta name=\"twitter:site\" content=\"@Acampa_polapaz\" \/>\n<meta name=\"twitter:label1\" content=\"Est. reading time\" \/>\n\t<meta name=\"twitter:data1\" content=\"22 minutes\" \/>\n<script type=\"application\/ld+json\" class=\"yoast-schema-graph\">{\"@context\":\"https:\/\/schema.org\",\"@graph\":[{\"@type\":\"WebPage\",\"@id\":\"https:\/\/coruna.redeacampa.org\/en\/images-2022\/\",\"url\":\"https:\/\/coruna.redeacampa.org\/en\/images-2022\/\",\"name\":\"Images 2022 - Acampa - Pola paz e o dereito a refuxio\",\"isPartOf\":{\"@id\":\"https:\/\/coruna.redeacampa.org\/en\/#website\"},\"datePublished\":\"2023-12-19T11:42:49+00:00\",\"dateModified\":\"2023-12-19T11:57:40+00:00\",\"breadcrumb\":{\"@id\":\"https:\/\/coruna.redeacampa.org\/en\/images-2022\/#breadcrumb\"},\"inLanguage\":\"en-US\",\"potentialAction\":[{\"@type\":\"ReadAction\",\"target\":[\"https:\/\/coruna.redeacampa.org\/en\/images-2022\/\"]}]},{\"@type\":\"BreadcrumbList\",\"@id\":\"https:\/\/coruna.redeacampa.org\/en\/images-2022\/#breadcrumb\",\"itemListElement\":[{\"@type\":\"ListItem\",\"position\":1,\"name\":\"Portada\",\"item\":\"https:\/\/coruna.redeacampa.org\/en\/home-2-2-2\/\"},{\"@type\":\"ListItem\",\"position\":2,\"name\":\"Images 2022\"}]},{\"@type\":\"WebSite\",\"@id\":\"https:\/\/coruna.redeacampa.org\/en\/#website\",\"url\":\"https:\/\/coruna.redeacampa.org\/en\/\",\"name\":\"Acampa - Pola paz e o dereito a refuxio\",\"description\":\"Unha iniciativa cidad\u00e1 sen fins de lucro integrada por colectivos sociais, culturais, educativos, veci\u00f1ais, pol\u00edticos, sindicais, art\u00edsticos, de persoas solidarias, de instituci\u00f3ns e empresas con responsabilidade social que te\u00f1en como obxectivo a defensa dos dereitos humanos, o Dereito Internacional Humanitario e o Dereito a Refuxio.\",\"potentialAction\":[{\"@type\":\"SearchAction\",\"target\":{\"@type\":\"EntryPoint\",\"urlTemplate\":\"https:\/\/coruna.redeacampa.org\/en\/?s={search_term_string}\"},\"query-input\":{\"@type\":\"PropertyValueSpecification\",\"valueRequired\":true,\"valueName\":\"search_term_string\"}}],\"inLanguage\":\"en-US\"}]}<\/script>\n<!-- \/ Yoast SEO plugin. -->","yoast_head_json":{"title":"Images 2022 - Acampa - Pola paz e o dereito a refuxio","robots":{"index":"index","follow":"follow","max-snippet":"max-snippet:-1","max-image-preview":"max-image-preview:large","max-video-preview":"max-video-preview:-1"},"canonical":"https:\/\/coruna.redeacampa.org\/en\/images-2022\/","og_locale":"en_US","og_type":"article","og_title":"Images 2022 - Acampa - Pola paz e o dereito a refuxio","og_description":"Images Acampa 2022Municipal School of Music - Acampa 2022 - Hunger and Refuge - 05 de Junio de 2022Acampa 2022 - Hunger and Refuge - June 09 - 11, 2022","og_url":"https:\/\/coruna.redeacampa.org\/en\/images-2022\/","og_site_name":"Acampa - Pola paz e o dereito a refuxio","article_publisher":"https:\/\/www.facebook.com\/acampapolapazeodereitoarefuxio","article_modified_time":"2023-12-19T11:57:40+00:00","twitter_card":"summary_large_image","twitter_site":"@Acampa_polapaz","twitter_misc":{"Est. reading time":"22 minutes"},"schema":{"@context":"https:\/\/schema.org","@graph":[{"@type":"WebPage","@id":"https:\/\/coruna.redeacampa.org\/en\/images-2022\/","url":"https:\/\/coruna.redeacampa.org\/en\/images-2022\/","name":"Images 2022 - Acampa - Pola paz e o dereito a refuxio","isPartOf":{"@id":"https:\/\/coruna.redeacampa.org\/en\/#website"},"datePublished":"2023-12-19T11:42:49+00:00","dateModified":"2023-12-19T11:57:40+00:00","breadcrumb":{"@id":"https:\/\/coruna.redeacampa.org\/en\/images-2022\/#breadcrumb"},"inLanguage":"en-US","potentialAction":[{"@type":"ReadAction","target":["https:\/\/coruna.redeacampa.org\/en\/images-2022\/"]}]},{"@type":"BreadcrumbList","@id":"https:\/\/coruna.redeacampa.org\/en\/images-2022\/#breadcrumb","itemListElement":[{"@type":"ListItem","position":1,"name":"Portada","item":"https:\/\/coruna.redeacampa.org\/en\/home-2-2-2\/"},{"@type":"ListItem","position":2,"name":"Images 2022"}]},{"@type":"WebSite","@id":"https:\/\/coruna.redeacampa.org\/en\/#website","url":"https:\/\/coruna.redeacampa.org\/en\/","name":"Acampa - Pola paz e o dereito a refuxio","description":"Unha iniciativa cidad\u00e1 sen fins de lucro integrada por colectivos sociais, culturais, educativos, veci\u00f1ais, pol\u00edticos, sindicais, art\u00edsticos, de persoas solidarias, de instituci\u00f3ns e empresas con responsabilidade social que te\u00f1en como obxectivo a defensa dos dereitos humanos, o Dereito Internacional Humanitario e o Dereito a Refuxio.","potentialAction":[{"@type":"SearchAction","target":{"@type":"EntryPoint","urlTemplate":"https:\/\/coruna.redeacampa.org\/en\/?s={search_term_string}"},"query-input":{"@type":"PropertyValueSpecification","valueRequired":true,"valueName":"search_term_string"}}],"inLanguage":"en-US"}]}},"_links":{"self":[{"href":"https:\/\/coruna.redeacampa.org\/en\/wp-json\/wp\/v2\/pages\/57977","targetHints":{"allow":["GET"]}}],"collection":[{"href":"https:\/\/coruna.redeacampa.org\/en\/wp-json\/wp\/v2\/pages"}],"about":[{"href":"https:\/\/coruna.redeacampa.org\/en\/wp-json\/wp\/v2\/types\/page"}],"author":[{"embeddable":true,"href":"https:\/\/coruna.redeacampa.org\/en\/wp-json\/wp\/v2\/users\/1"}],"replies":[{"embeddable":true,"href":"https:\/\/coruna.redeacampa.org\/en\/wp-json\/wp\/v2\/comments?post=57977"}],"version-history":[{"count":8,"href":"https:\/\/coruna.redeacampa.org\/en\/wp-json\/wp\/v2\/pages\/57977\/revisions"}],"predecessor-version":[{"id":59260,"href":"https:\/\/coruna.redeacampa.org\/en\/wp-json\/wp\/v2\/pages\/57977\/revisions\/59260"}],"wp:attachment":[{"href":"https:\/\/coruna.redeacampa.org\/en\/wp-json\/wp\/v2\/media?parent=57977"}],"wp:term":[{"taxonomy":"category","embeddable":true,"href":"https:\/\/coruna.redeacampa.org\/en\/wp-json\/wp\/v2\/categories?post=57977"},{"taxonomy":"post_tag","embeddable":true,"href":"https:\/\/coruna.redeacampa.org\/en\/wp-json\/wp\/v2\/tags?post=57977"}],"curies":[{"name":"wp","href":"https:\/\/api.w.org\/{rel}","templated":true}]}}