{"id":49323,"date":"2021-08-25T22:03:09","date_gmt":"2021-08-25T20:03:09","guid":{"rendered":"https:\/\/coruna.redeacampa.org\/?page_id=49323"},"modified":"2021-09-20T22:35:14","modified_gmt":"2021-09-20T20:35:14","slug":"virtual-exhibition-2021-judith-en","status":"publish","type":"page","link":"https:\/\/coruna.redeacampa.org\/en\/virtual-exhibition-2021-judith-en\/","title":{"rendered":"Virtual Exhibition 2021 Judith"},"content":{"rendered":"<p>[et_pb_section fb_built=&#8221;1&#8243; fullwidth=&#8221;on&#8221; custom_padding_last_edited=&#8221;on|desktop&#8221; admin_label=&#8221;section&#8221; _builder_version=&#8221;3.22.3&#8243; background_color=&#8221;#cd1619&#8243; custom_padding_tablet=&#8221;50px|0|50px|0&#8243; custom_padding_phone=&#8221;&#8221; transparent_background=&#8221;off&#8221; padding_mobile=&#8221;off&#8221; global_colors_info=&#8221;{}&#8221;][et_pb_fullwidth_header title=&#8221;Virtual Exhibition 2021&#8243; subhead=&#8221;For peace and the right to refuge&#8221; admin_label=&#8221;T\u00edtulo de anchura completa&#8221; _builder_version=&#8221;4.10.4&#8243; title_font=&#8221;|on|||&#8221; subhead_font=&#8221;||on||&#8221; background_color=&#8221;rgba(255, 255, 255, 0)&#8221; button_one_letter_spacing_hover=&#8221;0&#8243; button_two_letter_spacing_hover=&#8221;0&#8243; global_colors_info=&#8221;{}&#8221; button_one_text_size__hover_enabled=&#8221;off&#8221; button_two_text_size__hover_enabled=&#8221;off&#8221; button_one_text_color__hover_enabled=&#8221;off&#8221; button_two_text_color__hover_enabled=&#8221;off&#8221; button_one_border_width__hover_enabled=&#8221;off&#8221; button_two_border_width__hover_enabled=&#8221;off&#8221; button_one_border_color__hover_enabled=&#8221;off&#8221; button_two_border_color__hover_enabled=&#8221;off&#8221; button_one_border_radius__hover_enabled=&#8221;off&#8221; button_two_border_radius__hover_enabled=&#8221;off&#8221; button_one_letter_spacing__hover_enabled=&#8221;on&#8221; button_one_letter_spacing__hover=&#8221;0&#8243; button_two_letter_spacing__hover_enabled=&#8221;on&#8221; button_two_letter_spacing__hover=&#8221;0&#8243; button_one_bg_color__hover_enabled=&#8221;off&#8221; button_two_bg_color__hover_enabled=&#8221;off&#8221;][\/et_pb_fullwidth_header][\/et_pb_section][et_pb_section fb_built=&#8221;1&#8243; fullwidth=&#8221;on&#8221; disabled_on=&#8221;off|off|off&#8221; _builder_version=&#8221;4.6.6&#8243; _module_preset=&#8221;default&#8221; global_colors_info=&#8221;{}&#8221;][et_pb_fullwidth_code disabled_on=&#8221;off|off|off&#8221; _builder_version=&#8221;4.10.4&#8243; _module_preset=&#8221;default&#8221; global_colors_info=&#8221;{}&#8221;]<iframe width='100%' height='800px' data-src='https:\/\/peopleartfactory.com\/r\/Matria'  frameborder='0' allowfullscreen webkitallowfullscreen mozallowfullscreen src='data:image\/svg+xml;base64,PHN2ZyB3aWR0aD0iMSIgaGVpZ2h0PSIxIiB4bWxucz0iaHR0cDovL3d3dy53My5vcmcvMjAwMC9zdmciPjwvc3ZnPg==' class='lazyload' data-load-mode='1' \/><\/iframe>[\/et_pb_fullwidth_code][\/et_pb_section][et_pb_section fb_built=&#8221;1&#8243; disabled_on=&#8221;off|off|off&#8221; admin_label=&#8221;Titulo Exposiciones Virtuales 2021&#8243; _builder_version=&#8221;4.10.4&#8243; _module_preset=&#8221;default&#8221; background_color=&#8221;#b6aea3&#8243; saved_tabs=&#8221;all&#8221; collapsed=&#8221;off&#8221; global_colors_info=&#8221;{}&#8221; global_module=&#8221;51103&#8243;][et_pb_row use_custom_gutter=&#8221;on&#8221; gutter_width=&#8221;2&#8243; make_equal=&#8221;on&#8221; _builder_version=&#8221;4.10.4&#8243; _module_preset=&#8221;default&#8221; width=&#8221;100%&#8221; module_alignment=&#8221;center&#8221; custom_css_main_element=&#8221;.h2 { font-size: 26px !important ;}&#8221; collapsed=&#8221;off&#8221; global_colors_info=&#8221;{}&#8221;][et_pb_column type=&#8221;4_4&#8243; _builder_version=&#8221;4.10.4&#8243; _module_preset=&#8221;default&#8221; global_colors_info=&#8221;{}&#8221;][et_pb_text _builder_version=&#8221;4.10.7&#8243; _module_preset=&#8221;default&#8221; header_text_align=&#8221;center&#8221; header_2_font_size=&#8221;30px&#8221; text_orientation=&#8221;center&#8221; global_colors_info=&#8221;{}&#8221;]<\/p>\n<h2>Virtual Exhibitions, Acampa 2021 &#8211; &#8220;Life Denied&#8221;.<\/h2>\n<p>[\/et_pb_text][\/et_pb_column][\/et_pb_row][\/et_pb_section][et_pb_section fb_built=&#8221;1&#8243; disabled_on=&#8221;off|off|off&#8221; admin_label=&#8221;Exposiciones Virtuales&#8221; _builder_version=&#8221;4.10.4&#8243; _module_preset=&#8221;default&#8221; background_color=&#8221;#b6aea3&#8243; global_module=&#8221;49744&#8243; saved_tabs=&#8221;all&#8221; collapsed=&#8221;off&#8221; global_colors_info=&#8221;{}&#8221;][et_pb_row column_structure=&#8221;1_4,1_4,1_4,1_4&#8243; use_custom_gutter=&#8221;on&#8221; gutter_width=&#8221;2&#8243; make_equal=&#8221;on&#8221; _builder_version=&#8221;4.10.4&#8243; _module_preset=&#8221;default&#8221; width=&#8221;100%&#8221; module_alignment=&#8221;center&#8221; custom_css_main_element=&#8221;.h2 { font-size: 26px !important ;}&#8221; collapsed=&#8221;off&#8221; global_colors_info=&#8221;{}&#8221;][et_pb_column type=&#8221;1_4&#8243; _builder_version=&#8221;4.10.4&#8243; _module_preset=&#8221;default&#8221; global_colors_info=&#8221;{}&#8221;][et_pb_blurb title=&#8221;Delta Bush Refineries &#8221; url_new_window=&#8221;on&#8221; alt=&#8221;Delta Bush Refineries &#8211; Akintunde Akinleye&#8221; admin_label=&#8221;Akintunde&#8221; module_class=&#8221;anoedicion2&#8243; _builder_version=&#8221;4.10.7&#8243; header_level=&#8221;h2&#8243; header_text_align=&#8221;center&#8221; header_font_size=&#8221;36px&#8221; header_line_height=&#8221;1.5em&#8221; body_font_size=&#8221;18px&#8221; background_image=&#8221;https:\/\/coruna.redeacampa.org\/wp-content\/uploads\/Web_2021_08.jpg&#8221; background_size=&#8221;contain&#8221; background_blend=&#8221;overlay&#8221; text_orientation=&#8221;center&#8221; background_layout=&#8221;dark&#8221; height=&#8221;195px&#8221; custom_margin_tablet=&#8221;||30px||false|false&#8221; custom_margin_phone=&#8221;&#8221; custom_margin_last_edited=&#8221;on|tablet&#8221; custom_padding=&#8221;30px|30px||30px|false|true&#8221; animation_style=&#8221;zoom&#8221; animation_duration=&#8221;500ms&#8221; link_option_url=&#8221;https:\/\/coruna.redeacampa.org\/en\/virtual-exhibition-2021-akintunde-en\/&#8221; custom_css_main_element=&#8221;max-width: 600px;||margin: 0 auto;&#8221; locked=&#8221;off&#8221; global_colors_info=&#8221;{}&#8221; header_text_color__hover_enabled=&#8221;on&#8221; body_text_color__hover_enabled=&#8221;on&#8221; background__hover_enabled=&#8221;on&#8221;]<\/p>\n<p>Akintunde Akinleye<\/p>\n<p>[\/et_pb_blurb][et_pb_blurb title=&#8221;The Two Sides of the Wall &#8221; url_new_window=&#8221;on&#8221; alt=&#8221;The Two Sides of the Wall &#8211; Luis de Vega&#8221; admin_label=&#8221;Vega&#8221; module_class=&#8221;anoedicion2&#8243; _builder_version=&#8221;4.10.7&#8243; header_level=&#8221;h2&#8243; header_text_align=&#8221;center&#8221; header_font_size=&#8221;36px&#8221; header_line_height=&#8221;1.5em&#8221; body_font_size=&#8221;18px&#8221; background_image=&#8221;https:\/\/coruna.redeacampa.org\/wp-content\/uploads\/Web_2021_09.jpg&#8221; background_size=&#8221;contain&#8221; background_blend=&#8221;overlay&#8221; text_orientation=&#8221;center&#8221; background_layout=&#8221;dark&#8221; height=&#8221;195px&#8221; custom_padding=&#8221;3px|30px||30px|false|true&#8221; animation_style=&#8221;zoom&#8221; animation_duration=&#8221;500ms&#8221; link_option_url=&#8221;https:\/\/coruna.redeacampa.org\/en\/virtual-exhibition-2021-vega-en\/&#8221; custom_css_main_element=&#8221;max-width: 600px;||margin: 0 auto;&#8221; locked=&#8221;off&#8221; global_colors_info=&#8221;{}&#8221; header_text_color__hover_enabled=&#8221;on&#8221; body_text_color__hover_enabled=&#8221;on&#8221; background__hover_enabled=&#8221;on&#8221;]<\/p>\n<p>Luis de Vega<\/p>\n<p>[\/et_pb_blurb][\/et_pb_column][et_pb_column type=&#8221;1_4&#8243; _builder_version=&#8221;4.10.4&#8243; _module_preset=&#8221;default&#8221; global_colors_info=&#8221;{}&#8221;][et_pb_blurb title=&#8221;Green Earth &#8221; url_new_window=&#8221;on&#8221; alt=&#8221;Green Earth &#8211; Javier Corso&#8221; admin_label=&#8221;Corso&#8221; module_class=&#8221;anoedicion2&#8243; _builder_version=&#8221;4.10.7&#8243; header_level=&#8221;h2&#8243; header_text_align=&#8221;center&#8221; header_font_size=&#8221;36px&#8221; header_line_height=&#8221;1.5em&#8221; body_font_size=&#8221;18px&#8221; background_image=&#8221;https:\/\/coruna.redeacampa.org\/wp-content\/uploads\/Web_2021_03.jpg&#8221; background_size=&#8221;contain&#8221; background_blend=&#8221;overlay&#8221; text_orientation=&#8221;center&#8221; background_layout=&#8221;dark&#8221; height=&#8221;195px&#8221; custom_margin_tablet=&#8221;||30px||false|false&#8221; custom_margin_phone=&#8221;&#8221; custom_margin_last_edited=&#8221;on|tablet&#8221; custom_padding=&#8221;60px|30px||30px|false|true&#8221; animation_style=&#8221;zoom&#8221; animation_duration=&#8221;500ms&#8221; link_option_url=&#8221;https:\/\/coruna.redeacampa.org\/en\/virtual-exhibition-2021-corso-en\/&#8221; custom_css_main_element=&#8221;max-width: 600px;||margin: 0 auto;&#8221; locked=&#8221;off&#8221; global_colors_info=&#8221;{}&#8221; header_text_color__hover_enabled=&#8221;on&#8221; body_text_color__hover_enabled=&#8221;on&#8221; background__hover_enabled=&#8221;on&#8221;]<\/p>\n<p>Javier Corso<\/p>\n<p>[\/et_pb_blurb][et_pb_blurb title=&#8221;The Human Cost of Agrotoxins&#8221; url_new_window=&#8221;on&#8221; alt=&#8221;The Human Cost of Agrotoxins &#8211; Pablo Ernesto Piovano&#8221; admin_label=&#8221;Piovano&#8221; module_class=&#8221;anoedicion2&#8243; _builder_version=&#8221;4.10.7&#8243; header_level=&#8221;h2&#8243; header_text_align=&#8221;center&#8221; header_font_size=&#8221;36px&#8221; header_line_height=&#8221;1.5em&#8221; body_font_size=&#8221;18px&#8221; background_image=&#8221;https:\/\/coruna.redeacampa.org\/wp-content\/uploads\/Portada_21_04.jpg&#8221; background_size=&#8221;contain&#8221; background_blend=&#8221;overlay&#8221; text_orientation=&#8221;center&#8221; background_layout=&#8221;dark&#8221; height=&#8221;195px&#8221; custom_margin_tablet=&#8221;&#8221; custom_margin_phone=&#8221;&#8221; custom_margin_last_edited=&#8221;on|tablet&#8221; custom_padding=&#8221;25px|30px||30px|false|true&#8221; animation_style=&#8221;zoom&#8221; animation_duration=&#8221;500ms&#8221; link_option_url=&#8221;https:\/\/coruna.redeacampa.org\/en\/virtual-exhibition-2021-piovano-en\/&#8221; custom_css_main_element=&#8221;max-width: 600px;||margin: 0 auto;&#8221; locked=&#8221;off&#8221; global_colors_info=&#8221;{}&#8221; header_text_color__hover_enabled=&#8221;on&#8221; body_text_color__hover_enabled=&#8221;on&#8221; background__hover_enabled=&#8221;on&#8221;]<\/p>\n<p>Pablo Piovano<\/p>\n<p>[\/et_pb_blurb][\/et_pb_column][et_pb_column type=&#8221;1_4&#8243; _builder_version=&#8221;4.10.4&#8243; _module_preset=&#8221;default&#8221; global_colors_info=&#8221;{}&#8221;][et_pb_blurb title=&#8221;Matria&#8221; url_new_window=&#8221;on&#8221; alt=&#8221;Matria &#8211; Judith Prat&#8221; admin_label=&#8221;Judith&#8221; module_class=&#8221;anoedicion2&#8243; _builder_version=&#8221;4.10.7&#8243; header_level=&#8221;h2&#8243; header_text_align=&#8221;center&#8221; header_font_size=&#8221;36px&#8221; header_line_height=&#8221;1.5em&#8221; body_font_size=&#8221;18px&#8221; background_image=&#8221;https:\/\/coruna.redeacampa.org\/wp-content\/uploads\/Web_2021_11.jpg&#8221; background_size=&#8221;contain&#8221; background_blend=&#8221;overlay&#8221; text_orientation=&#8221;center&#8221; background_layout=&#8221;dark&#8221; height=&#8221;195px&#8221; custom_margin_tablet=&#8221;||30px||false|false&#8221; custom_margin_phone=&#8221;&#8221; custom_margin_last_edited=&#8221;on|tablet&#8221; custom_padding=&#8221;60px|30px||30px|false|true&#8221; animation_style=&#8221;zoom&#8221; animation_duration=&#8221;500ms&#8221; link_option_url=&#8221;https:\/\/coruna.redeacampa.org\/en\/virtual-exhibition-2021-judith-en\/&#8221; custom_css_main_element=&#8221;max-width: 600px;||margin: 0 auto;&#8221; locked=&#8221;off&#8221; global_colors_info=&#8221;{}&#8221; header_text_color__hover_enabled=&#8221;on&#8221; body_text_color__hover_enabled=&#8221;on&#8221; background__hover_enabled=&#8221;on&#8221;]<\/p>\n<p>Judith Prat<\/p>\n<p>[\/et_pb_blurb][et_pb_blurb title=&#8221;Amazon deforestation&#8221; url_new_window=&#8221;on&#8221; alt=&#8221;Amazon deforestation &#8211; Victor Moriyama&#8221; admin_label=&#8221;Moriyama&#8221; module_class=&#8221;anoedicion2&#8243; _builder_version=&#8221;4.10.7&#8243; header_level=&#8221;h2&#8243; header_text_align=&#8221;center&#8221; header_font_size=&#8221;36px&#8221; header_line_height=&#8221;1.5em&#8221; body_font_size=&#8221;18px&#8221; background_image=&#8221;https:\/\/coruna.redeacampa.org\/wp-content\/uploads\/Web_2021_05.jpg&#8221; background_size=&#8221;contain&#8221; background_blend=&#8221;overlay&#8221; text_orientation=&#8221;center&#8221; background_layout=&#8221;dark&#8221; height=&#8221;195px&#8221; custom_padding=&#8221;30px|30px||30px|false|true&#8221; animation_style=&#8221;zoom&#8221; animation_duration=&#8221;500ms&#8221; link_option_url=&#8221;https:\/\/coruna.redeacampa.org\/en\/virtual-exhibition-2021-moriyama-en\/&#8221; custom_css_main_element=&#8221;max-width: 600px;||margin: 0 auto;&#8221; locked=&#8221;off&#8221; global_colors_info=&#8221;{}&#8221; header_text_color__hover_enabled=&#8221;on&#8221; body_text_color__hover_enabled=&#8221;on&#8221; background__hover_enabled=&#8221;on&#8221;]<\/p>\n<p>V\u00edctor Moriyama<\/p>\n<p>[\/et_pb_blurb][\/et_pb_column][et_pb_column type=&#8221;1_4&#8243; _builder_version=&#8221;4.10.4&#8243; _module_preset=&#8221;default&#8221; global_colors_info=&#8221;{}&#8221;][et_pb_blurb title=&#8221;MST: Land, Justice and Rights&#8221; url_new_window=&#8221;on&#8221; alt=&#8221;MST &#8211; Xos\u00e9 Abad&#8221; admin_label=&#8221;Abad&#8221; module_class=&#8221;anoedicion2&#8243; _builder_version=&#8221;4.10.7&#8243; header_level=&#8221;h2&#8243; header_text_align=&#8221;center&#8221; header_font_size=&#8221;36px&#8221; header_line_height=&#8221;1.5em&#8221; body_font_size=&#8221;18px&#8221; background_image=&#8221;https:\/\/coruna.redeacampa.org\/wp-content\/uploads\/Web_2021_02.jpg&#8221; background_size=&#8221;contain&#8221; background_blend=&#8221;overlay&#8221; text_orientation=&#8221;center&#8221; background_layout=&#8221;dark&#8221; height=&#8221;195px&#8221; custom_margin_tablet=&#8221;||30px||false|false&#8221; custom_margin_phone=&#8221;&#8221; custom_margin_last_edited=&#8221;on|tablet&#8221; custom_padding=&#8221;25px|30px||30px|false|true&#8221; animation_style=&#8221;zoom&#8221; animation_duration=&#8221;500ms&#8221; link_option_url=&#8221;https:\/\/coruna.redeacampa.org\/en\/virtual-exhibition-2021-abad-en\/&#8221; custom_css_main_element=&#8221;max-width: 600px;||margin: 0 auto;&#8221; locked=&#8221;off&#8221; global_colors_info=&#8221;{}&#8221; header_text_color__hover_enabled=&#8221;on&#8221; body_text_color__hover_enabled=&#8221;on&#8221; background__hover_enabled=&#8221;on&#8221;]<\/p>\n<p>Xos\u00e9 Abad<\/p>\n<p>[\/et_pb_blurb][\/et_pb_column][\/et_pb_row][\/et_pb_section]<\/p>\n","protected":false},"excerpt":{"rendered":"<p>Virtual Exhibitions, Acampa 2021 &#8211; &#8220;Life Denied&#8221;.Akintunde AkinleyeLuis de VegaJavier CorsoPablo PiovanoJudith PratV\u00edctor MoriyamaXos\u00e9 Abad<\/p>\n","protected":false},"author":1,"featured_media":0,"parent":0,"menu_order":54,"comment_status":"closed","ping_status":"closed","template":"","meta":{"_et_pb_use_builder":"on","_et_pb_old_content":"","_et_gb_content_width":"","inline_featured_image":false,"footnotes":""},"categories":[386],"tags":[],"class_list":["post-49323","page","type-page","status-publish","hentry","category-acampa-2021-en"],"yoast_head":"<!-- This site is optimized with the Yoast SEO plugin v26.4 - https:\/\/yoast.com\/wordpress\/plugins\/seo\/ -->\n<title>Virtual Exhibition 2021 Judith - Acampa - Pola paz e o dereito a refuxio<\/title>\n<meta name=\"robots\" content=\"index, follow, max-snippet:-1, max-image-preview:large, max-video-preview:-1\" \/>\n<link rel=\"canonical\" href=\"https:\/\/coruna.redeacampa.org\/en\/virtual-exhibition-2021-judith-en\/\" \/>\n<meta property=\"og:locale\" content=\"en_US\" \/>\n<meta property=\"og:type\" content=\"article\" \/>\n<meta property=\"og:title\" content=\"Virtual Exhibition 2021 Judith - Acampa - Pola paz e o dereito a refuxio\" \/>\n<meta property=\"og:description\" content=\"Virtual Exhibitions, Acampa 2021 - &quot;Life Denied&quot;.Akintunde AkinleyeLuis de VegaJavier CorsoPablo PiovanoJudith PratV\u00edctor MoriyamaXos\u00e9 Abad\" \/>\n<meta property=\"og:url\" content=\"https:\/\/coruna.redeacampa.org\/en\/virtual-exhibition-2021-judith-en\/\" \/>\n<meta property=\"og:site_name\" content=\"Acampa - Pola paz e o dereito a refuxio\" \/>\n<meta property=\"article:publisher\" content=\"https:\/\/www.facebook.com\/acampapolapazeodereitoarefuxio\" \/>\n<meta property=\"article:modified_time\" content=\"2021-09-20T20:35:14+00:00\" \/>\n<meta name=\"twitter:card\" content=\"summary_large_image\" \/>\n<meta name=\"twitter:site\" content=\"@Acampa_polapaz\" \/>\n<meta name=\"twitter:label1\" content=\"Est. reading time\" \/>\n\t<meta name=\"twitter:data1\" content=\"7 minutes\" \/>\n<script type=\"application\/ld+json\" class=\"yoast-schema-graph\">{\"@context\":\"https:\/\/schema.org\",\"@graph\":[{\"@type\":\"WebPage\",\"@id\":\"https:\/\/coruna.redeacampa.org\/en\/virtual-exhibition-2021-judith-en\/\",\"url\":\"https:\/\/coruna.redeacampa.org\/en\/virtual-exhibition-2021-judith-en\/\",\"name\":\"Virtual Exhibition 2021 Judith - Acampa - Pola paz e o dereito a refuxio\",\"isPartOf\":{\"@id\":\"https:\/\/coruna.redeacampa.org\/en\/#website\"},\"datePublished\":\"2021-08-25T20:03:09+00:00\",\"dateModified\":\"2021-09-20T20:35:14+00:00\",\"breadcrumb\":{\"@id\":\"https:\/\/coruna.redeacampa.org\/en\/virtual-exhibition-2021-judith-en\/#breadcrumb\"},\"inLanguage\":\"en-US\",\"potentialAction\":[{\"@type\":\"ReadAction\",\"target\":[\"https:\/\/coruna.redeacampa.org\/en\/virtual-exhibition-2021-judith-en\/\"]}]},{\"@type\":\"BreadcrumbList\",\"@id\":\"https:\/\/coruna.redeacampa.org\/en\/virtual-exhibition-2021-judith-en\/#breadcrumb\",\"itemListElement\":[{\"@type\":\"ListItem\",\"position\":1,\"name\":\"Portada\",\"item\":\"https:\/\/coruna.redeacampa.org\/en\/home-2-2-2\/\"},{\"@type\":\"ListItem\",\"position\":2,\"name\":\"Virtual Exhibition 2021 Judith\"}]},{\"@type\":\"WebSite\",\"@id\":\"https:\/\/coruna.redeacampa.org\/en\/#website\",\"url\":\"https:\/\/coruna.redeacampa.org\/en\/\",\"name\":\"Acampa - Pola paz e o dereito a refuxio\",\"description\":\"Unha iniciativa cidad\u00e1 sen fins de lucro integrada por colectivos sociais, culturais, educativos, veci\u00f1ais, pol\u00edticos, sindicais, art\u00edsticos, de persoas solidarias, de instituci\u00f3ns e empresas con responsabilidade social que te\u00f1en como obxectivo a defensa dos dereitos humanos, o Dereito Internacional Humanitario e o Dereito a Refuxio.\",\"potentialAction\":[{\"@type\":\"SearchAction\",\"target\":{\"@type\":\"EntryPoint\",\"urlTemplate\":\"https:\/\/coruna.redeacampa.org\/en\/?s={search_term_string}\"},\"query-input\":{\"@type\":\"PropertyValueSpecification\",\"valueRequired\":true,\"valueName\":\"search_term_string\"}}],\"inLanguage\":\"en-US\"}]}<\/script>\n<!-- \/ Yoast SEO plugin. -->","yoast_head_json":{"title":"Virtual Exhibition 2021 Judith - Acampa - Pola paz e o dereito a refuxio","robots":{"index":"index","follow":"follow","max-snippet":"max-snippet:-1","max-image-preview":"max-image-preview:large","max-video-preview":"max-video-preview:-1"},"canonical":"https:\/\/coruna.redeacampa.org\/en\/virtual-exhibition-2021-judith-en\/","og_locale":"en_US","og_type":"article","og_title":"Virtual Exhibition 2021 Judith - Acampa - Pola paz e o dereito a refuxio","og_description":"Virtual Exhibitions, Acampa 2021 - \"Life Denied\".Akintunde AkinleyeLuis de VegaJavier CorsoPablo PiovanoJudith PratV\u00edctor MoriyamaXos\u00e9 Abad","og_url":"https:\/\/coruna.redeacampa.org\/en\/virtual-exhibition-2021-judith-en\/","og_site_name":"Acampa - Pola paz e o dereito a refuxio","article_publisher":"https:\/\/www.facebook.com\/acampapolapazeodereitoarefuxio","article_modified_time":"2021-09-20T20:35:14+00:00","twitter_card":"summary_large_image","twitter_site":"@Acampa_polapaz","twitter_misc":{"Est. reading time":"7 minutes"},"schema":{"@context":"https:\/\/schema.org","@graph":[{"@type":"WebPage","@id":"https:\/\/coruna.redeacampa.org\/en\/virtual-exhibition-2021-judith-en\/","url":"https:\/\/coruna.redeacampa.org\/en\/virtual-exhibition-2021-judith-en\/","name":"Virtual Exhibition 2021 Judith - Acampa - Pola paz e o dereito a refuxio","isPartOf":{"@id":"https:\/\/coruna.redeacampa.org\/en\/#website"},"datePublished":"2021-08-25T20:03:09+00:00","dateModified":"2021-09-20T20:35:14+00:00","breadcrumb":{"@id":"https:\/\/coruna.redeacampa.org\/en\/virtual-exhibition-2021-judith-en\/#breadcrumb"},"inLanguage":"en-US","potentialAction":[{"@type":"ReadAction","target":["https:\/\/coruna.redeacampa.org\/en\/virtual-exhibition-2021-judith-en\/"]}]},{"@type":"BreadcrumbList","@id":"https:\/\/coruna.redeacampa.org\/en\/virtual-exhibition-2021-judith-en\/#breadcrumb","itemListElement":[{"@type":"ListItem","position":1,"name":"Portada","item":"https:\/\/coruna.redeacampa.org\/en\/home-2-2-2\/"},{"@type":"ListItem","position":2,"name":"Virtual Exhibition 2021 Judith"}]},{"@type":"WebSite","@id":"https:\/\/coruna.redeacampa.org\/en\/#website","url":"https:\/\/coruna.redeacampa.org\/en\/","name":"Acampa - Pola paz e o dereito a refuxio","description":"Unha iniciativa cidad\u00e1 sen fins de lucro integrada por colectivos sociais, culturais, educativos, veci\u00f1ais, pol\u00edticos, sindicais, art\u00edsticos, de persoas solidarias, de instituci\u00f3ns e empresas con responsabilidade social que te\u00f1en como obxectivo a defensa dos dereitos humanos, o Dereito Internacional Humanitario e o Dereito a Refuxio.","potentialAction":[{"@type":"SearchAction","target":{"@type":"EntryPoint","urlTemplate":"https:\/\/coruna.redeacampa.org\/en\/?s={search_term_string}"},"query-input":{"@type":"PropertyValueSpecification","valueRequired":true,"valueName":"search_term_string"}}],"inLanguage":"en-US"}]}},"_links":{"self":[{"href":"https:\/\/coruna.redeacampa.org\/en\/wp-json\/wp\/v2\/pages\/49323","targetHints":{"allow":["GET"]}}],"collection":[{"href":"https:\/\/coruna.redeacampa.org\/en\/wp-json\/wp\/v2\/pages"}],"about":[{"href":"https:\/\/coruna.redeacampa.org\/en\/wp-json\/wp\/v2\/types\/page"}],"author":[{"embeddable":true,"href":"https:\/\/coruna.redeacampa.org\/en\/wp-json\/wp\/v2\/users\/1"}],"replies":[{"embeddable":true,"href":"https:\/\/coruna.redeacampa.org\/en\/wp-json\/wp\/v2\/comments?post=49323"}],"version-history":[{"count":0,"href":"https:\/\/coruna.redeacampa.org\/en\/wp-json\/wp\/v2\/pages\/49323\/revisions"}],"wp:attachment":[{"href":"https:\/\/coruna.redeacampa.org\/en\/wp-json\/wp\/v2\/media?parent=49323"}],"wp:term":[{"taxonomy":"category","embeddable":true,"href":"https:\/\/coruna.redeacampa.org\/en\/wp-json\/wp\/v2\/categories?post=49323"},{"taxonomy":"post_tag","embeddable":true,"href":"https:\/\/coruna.redeacampa.org\/en\/wp-json\/wp\/v2\/tags?post=49323"}],"curies":[{"name":"wp","href":"https:\/\/api.w.org\/{rel}","templated":true}]}}