{"id":46921,"date":"2020-12-17T19:11:07","date_gmt":"2020-12-17T18:11:07","guid":{"rendered":"https:\/\/coruna.redeacampa.org\/?page_id=46921"},"modified":"2021-03-02T00:53:49","modified_gmt":"2021-03-01T23:53:49","slug":"credits-2020","status":"publish","type":"page","link":"https:\/\/coruna.redeacampa.org\/en\/credits-2020\/","title":{"rendered":"Credits 2020"},"content":{"rendered":"<p>[et_pb_section fb_built=&#8221;1&#8243; _builder_version=&#8221;3.22&#8243; background_color=&#8221;#cd1619&#8243; custom_padding=&#8221;30px||30px|&#8221;][et_pb_row _builder_version=&#8221;3.25&#8243; background_size=&#8221;initial&#8221; background_position=&#8221;top_left&#8221; background_repeat=&#8221;repeat&#8221;][et_pb_column type=&#8221;4_4&#8243; _builder_version=&#8221;3.25&#8243; custom_padding=&#8221;|||&#8221; custom_padding__hover=&#8221;|||&#8221;][et_pb_text _builder_version=&#8221;4.7.7&#8243; background_layout=&#8221;dark&#8221; border_style=&#8221;solid&#8221;]<\/p>\n<h1>CREDITS ACAMPA 2020<\/h1>\n<p>For peace and the right to refuge[\/et_pb_text][\/et_pb_column][\/et_pb_row][\/et_pb_section][et_pb_section fb_built=&#8221;1&#8243; admin_label=&#8221;section&#8221; module_class=&#8221;creditos&#8221; _builder_version=&#8221;3.22&#8243; background_color=&#8221;#b6aea3&#8243; background_size=&#8221;initial&#8221; background_repeat=&#8221;repeat&#8221;][et_pb_row _builder_version=&#8221;3.25&#8243; background_size=&#8221;initial&#8221; background_position=&#8221;top_left&#8221; background_repeat=&#8221;repeat&#8221;][et_pb_column type=&#8221;4_4&#8243; _builder_version=&#8221;3.25&#8243; custom_padding=&#8221;|||&#8221; custom_padding__hover=&#8221;|||&#8221;][et_pb_image src=&#8221;https:\/\/coruna.redeacampa.org\/wp-content\/uploads\/Grupal_ACAMPA_2018.jpg&#8221; show_in_lightbox=&#8221;on&#8221; align_tablet=&#8221;center&#8221; align_phone=&#8221;&#8221; align_last_edited=&#8221;on|desktop&#8221; disabled_on=&#8221;off|off|off&#8221; _builder_version=&#8221;3.29.3&#8243; animation_style=&#8221;slide&#8221; animation_direction=&#8221;left&#8221; animation_duration=&#8221;500ms&#8221; animation_intensity_slide=&#8221;10%&#8221; border_style=&#8221;solid&#8221; sticky=&#8221;off&#8221; locked=&#8221;off&#8221;][\/et_pb_image][\/et_pb_column][\/et_pb_row][et_pb_row column_structure=&#8221;1_4,1_4,1_4,1_4&#8243; admin_label=&#8221;row&#8221; _builder_version=&#8221;4.5.0&#8243; background_size=&#8221;initial&#8221; background_position=&#8221;top_left&#8221; background_repeat=&#8221;repeat&#8221;][et_pb_column type=&#8221;1_4&#8243; _builder_version=&#8221;3.25&#8243; custom_padding=&#8221;|||&#8221; custom_padding__hover=&#8221;|||&#8221;][et_pb_text admin_label=&#8221;Coordinador&#8221; _builder_version=&#8221;4.7.7&#8243; border_style=&#8221;solid&#8221;]<\/p>\n<h2>Galicia Coordinator<\/h2>\n<ul>\n<li>Xos\u00e9 Abad<\/li>\n<\/ul>\n<p>[\/et_pb_text][et_pb_text admin_label=&#8221;Coordinador Brasil&#8221; _builder_version=&#8221;4.7.7&#8243; border_style=&#8221;solid&#8221;]<\/p>\n<h2>Brazil Coordinator<\/h2>\n<ul>\n<li>C\u00e9lia Regia Rossi <\/li>\n<\/ul>\n<h3>Vice-coordinadora Brasil <\/h3>\n<ul>\n<li>Carmen Blanco<\/li>\n<\/ul>\n<p>[\/et_pb_text][et_pb_text admin_label=&#8221;Coordinador Madrid&#8221; _builder_version=&#8221;4.7.7&#8243; border_style=&#8221;solid&#8221;]<\/p>\n<h2>Madrid Coordinator<\/h2>\n<ul>\n<li>Miguel Guerra<\/li>\n<\/ul>\n<p>[\/et_pb_text][et_pb_text admin_label=&#8221;Coordinador Portugal&#8221; _builder_version=&#8221;4.7.7&#8243; border_style=&#8221;solid&#8221;]<\/p>\n<h2>Portugal Coordinator<\/h2>\n<ul>\n<li>Isabel Chagas<\/li>\n<\/ul>\n<p>[\/et_pb_text][et_pb_text admin_label=&#8221;Programaci\u00f3n&#8221; _builder_version=&#8221;4.7.7&#8243;]<\/p>\n<h2>Programming<\/h2>\n<ul>\n<li>Mercedes I\u00f1iguez<\/li>\n<li>Xose\u0301 Abad<\/li>\n<\/ul>\n<p>[\/et_pb_text][\/et_pb_column][et_pb_column type=&#8221;1_4&#8243; _builder_version=&#8221;3.25&#8243; custom_padding=&#8221;|||&#8221; custom_padding__hover=&#8221;|||&#8221;][et_pb_text admin_label=&#8221;Econom\u00eda&#8221; _builder_version=&#8221;4.7.7&#8243;]<\/p>\n<h2>Economy<\/h2>\n<ul>\n<li>Marta Rey<\/li>\n<\/ul>\n<p>[\/et_pb_text][et_pb_text admin_label=&#8221;Organizaci\u00f3ns sociais&#8221; _builder_version=&#8221;4.7.7&#8243;]<\/p>\n<h2>Social organizations<\/h2>\n<ul>\n<li>Rub\u00e9n S\u00e1nchez<\/li>\n<\/ul>\n<h3>COLLABORATION<\/h3>\n<ul>\n<li>Hortensia Rossi<\/li>\n<li>Carlos Carrio\u0301n<\/li>\n<\/ul>\n<p>[\/et_pb_text][et_pb_text admin_label=&#8221;Secretar\u00eda&#8221; _builder_version=&#8221;4.7.7&#8243; border_style=&#8221;solid&#8221;]<\/p>\n<h2>Secretariat<\/h2>\n<ul>\n<li>Carlos Reguera<\/li>\n<\/ul>\n<p>[\/et_pb_text][et_pb_text admin_label=&#8221;Infraestruturas&#8221; _builder_version=&#8221;4.7.7&#8243;]<\/p>\n<h2>Infrastructures<\/h2>\n<ul>\n<li>Javier Garc\u00eda Moro<\/li>\n<\/ul>\n<p>[\/et_pb_text][et_pb_text admin_label=&#8221;Galego&#8221; _builder_version=&#8221;4.5.0&#8243;]<\/p>\n<h2>Galician Linguist<\/h2>\n<ul>\n<li>Bego\u00f1a M\u00e9ndez<\/li>\n<\/ul>\n<p>[\/et_pb_text][et_pb_text admin_label=&#8221;Ingles&#8221; _builder_version=&#8221;4.7.7&#8243;]<\/p>\n<h2>English Translations<\/h2>\n<ul>\n<li>Mercedes I\u00f1iguez<\/li>\n<\/ul>\n<p>[\/et_pb_text][\/et_pb_column][et_pb_column type=&#8221;1_4&#8243; _builder_version=&#8221;3.25&#8243; custom_padding=&#8221;|||&#8221; custom_padding__hover=&#8221;|||&#8221;][et_pb_text admin_label=&#8221;Dese\u00f1o&#8221; _builder_version=&#8221;4.7.7&#8243;]<\/p>\n<h2>Design<\/h2>\n<ul>\n<li>Aitana Tub\u00edo<\/li>\n<ul>[\/et_pb_text][et_pb_text admin_label=&#8221;web&#8221; _builder_version=&#8221;4.7.7&#8243; border_style=&#8221;solid&#8221;]<\/p>\n<h2>Website<\/h2>\n<ul>\n<li>Alfonso V\u00e1zquez<\/li>\n<li>Quique Varela<\/li>\n<\/ul>\n<p>[\/et_pb_text][et_pb_text admin_label=&#8221;Webinars&#8221; _builder_version=&#8221;4.7.7&#8243; border_style=&#8221;solid&#8221;]<\/p>\n<h2>Webinars<\/h2>\n<ul>\n<li>Carlos Reguera<\/li>\n<li>Tiago Cerqueira Lazier<\/li>\n<li>Quique Varela<\/li>\n<li>Alfonso V\u00e1zquez<\/li>\n<\/ul>\n<p>[\/et_pb_text][et_pb_text admin_label=&#8221;Expo Virtual&#8221; _builder_version=&#8221;4.7.7&#8243; border_style=&#8221;solid&#8221;]<\/p>\n<h2>Virtual Exhibition<\/h2>\n<ul>\n<li>Alfonso V\u00e1zquez<\/li>\n<\/ul>\n<p>[\/et_pb_text][et_pb_text disabled_on=&#8221;off|off|off&#8221; admin_label=&#8221;Actividades&#8221; _builder_version=&#8221;4.7.7&#8243; border_style=&#8221;solid&#8221;]<\/p>\n<h2>Activities<\/h2>\n<ul>\n<li>Nerea Prado<\/li>\n<\/ul>\n<p>[\/et_pb_text][\/et_pb_column][et_pb_column type=&#8221;1_4&#8243; _builder_version=&#8221;3.25&#8243; custom_padding=&#8221;|||&#8221; custom_padding__hover=&#8221;|||&#8221;][et_pb_text disabled_on=&#8221;off|off|off&#8221; admin_label=&#8221;Comunicaci\u00f3n&#8221; _builder_version=&#8221;4.7.7&#8243; border_style=&#8221;solid&#8221;]<\/p>\n<h2>Communication<\/h2>\n<ul>\n<li>Julia Lago<\/li>\n<\/ul>\n<p>[\/et_pb_text][et_pb_text admin_label=&#8221;Medios de comunicaci\u00f3n&#8221; _builder_version=&#8221;4.7.7&#8243;]<\/p>\n<h2>Media Cabinet<\/h2>\n<ul>\n<li><a href=\"https:\/\/www.masstres.es\/inicio.html\" target=\"_blank\" rel=\"noopener\">Masstres Comunicaci\u00f3n<\/a><\/li>\n<\/ul>\n<p>[\/et_pb_text][et_pb_text admin_label=&#8221;Producci\u00f3n V\u00eddeo&#8221; _builder_version=&#8221;4.7.7&#8243;]<\/p>\n<h2>Video Production<\/h2>\n<ul>\n<li><a href=\"https:\/\/ithpro.es\/\" target=\"_blank\" rel=\"noopener noreferrer\">Ithpro Streaming <br \/>Streaming en Directo en Galicia<\/a><\/li>\n<\/ul>\n<p>[\/et_pb_text][et_pb_text admin_label=&#8221;Agradecimientos&#8221; _builder_version=&#8221;4.7.7&#8243;]<\/p>\n<h2>Acknowledgements<\/h2>\n<ul>\n<li>Margarita G\u00f3nzalez (Amnist\u00eda I)<\/li>\n<li>Bernardo Seoane<\/li>\n<li>Luz Ares<\/li>\n<\/ul>\n<p>[\/et_pb_text][\/et_pb_column][\/et_pb_row][\/et_pb_section]<\/p>\n","protected":false},"excerpt":{"rendered":"<p>CREDITS ACAMPA 2020 For peace and the right to refugeGalicia Coordinator Xos\u00e9 Abad Brazil Coordinator C\u00e9lia Regia Rossi Vice-coordinadora Brasil Carmen Blanco Madrid Coordinator Miguel Guerra Portugal Coordinator Isabel Chagas Programming Mercedes I\u00f1iguez Xose\u0301 Abad Economy Marta Rey Social organizations Rub\u00e9n S\u00e1nchez COLLABORATION Hortensia Rossi Carlos Carrio\u0301n Secretariat Carlos Reguera Infrastructures Javier Garc\u00eda Moro Galician [&hellip;]<\/p>\n","protected":false},"author":2,"featured_media":0,"parent":0,"menu_order":0,"comment_status":"closed","ping_status":"closed","template":"","meta":{"_et_pb_use_builder":"on","_et_pb_old_content":"","_et_gb_content_width":"","inline_featured_image":false,"footnotes":""},"categories":[384],"tags":[],"class_list":["post-46921","page","type-page","status-publish","hentry","category-acampa-2020-en"],"yoast_head":"<!-- This site is optimized with the Yoast SEO plugin v26.4 - https:\/\/yoast.com\/wordpress\/plugins\/seo\/ -->\n<title>Credits 2020 - Acampa - Pola paz e o dereito a refuxio<\/title>\n<meta name=\"robots\" content=\"index, follow, max-snippet:-1, max-image-preview:large, max-video-preview:-1\" \/>\n<link rel=\"canonical\" href=\"https:\/\/coruna.redeacampa.org\/en\/credits-2020\/\" \/>\n<meta property=\"og:locale\" content=\"en_US\" \/>\n<meta property=\"og:type\" content=\"article\" \/>\n<meta property=\"og:title\" content=\"Credits 2020 - Acampa - Pola paz e o dereito a refuxio\" \/>\n<meta property=\"og:description\" content=\"CREDITS ACAMPA 2020 For peace and the right to refugeGalicia Coordinator Xos\u00e9 Abad Brazil Coordinator C\u00e9lia Regia Rossi Vice-coordinadora Brasil Carmen Blanco Madrid Coordinator Miguel Guerra Portugal Coordinator Isabel Chagas Programming Mercedes I\u00f1iguez Xose\u0301 Abad Economy Marta Rey Social organizations Rub\u00e9n S\u00e1nchez COLLABORATION Hortensia Rossi Carlos Carrio\u0301n Secretariat Carlos Reguera Infrastructures Javier Garc\u00eda Moro Galician [&hellip;]\" \/>\n<meta property=\"og:url\" content=\"https:\/\/coruna.redeacampa.org\/en\/credits-2020\/\" \/>\n<meta property=\"og:site_name\" content=\"Acampa - Pola paz e o dereito a refuxio\" \/>\n<meta property=\"article:publisher\" content=\"https:\/\/www.facebook.com\/acampapolapazeodereitoarefuxio\" \/>\n<meta property=\"article:modified_time\" content=\"2021-03-01T23:53:49+00:00\" \/>\n<meta name=\"twitter:card\" content=\"summary_large_image\" \/>\n<meta name=\"twitter:site\" content=\"@Acampa_polapaz\" \/>\n<meta name=\"twitter:label1\" content=\"Est. reading time\" \/>\n\t<meta name=\"twitter:data1\" content=\"3 minutes\" \/>\n<script type=\"application\/ld+json\" class=\"yoast-schema-graph\">{\"@context\":\"https:\/\/schema.org\",\"@graph\":[{\"@type\":\"WebPage\",\"@id\":\"https:\/\/coruna.redeacampa.org\/en\/credits-2020\/\",\"url\":\"https:\/\/coruna.redeacampa.org\/en\/credits-2020\/\",\"name\":\"Credits 2020 - Acampa - Pola paz e o dereito a refuxio\",\"isPartOf\":{\"@id\":\"https:\/\/coruna.redeacampa.org\/en\/#website\"},\"datePublished\":\"2020-12-17T18:11:07+00:00\",\"dateModified\":\"2021-03-01T23:53:49+00:00\",\"breadcrumb\":{\"@id\":\"https:\/\/coruna.redeacampa.org\/en\/credits-2020\/#breadcrumb\"},\"inLanguage\":\"en-US\",\"potentialAction\":[{\"@type\":\"ReadAction\",\"target\":[\"https:\/\/coruna.redeacampa.org\/en\/credits-2020\/\"]}]},{\"@type\":\"BreadcrumbList\",\"@id\":\"https:\/\/coruna.redeacampa.org\/en\/credits-2020\/#breadcrumb\",\"itemListElement\":[{\"@type\":\"ListItem\",\"position\":1,\"name\":\"Portada\",\"item\":\"https:\/\/coruna.redeacampa.org\/en\/home-2-2-2\/\"},{\"@type\":\"ListItem\",\"position\":2,\"name\":\"Credits 2020\"}]},{\"@type\":\"WebSite\",\"@id\":\"https:\/\/coruna.redeacampa.org\/en\/#website\",\"url\":\"https:\/\/coruna.redeacampa.org\/en\/\",\"name\":\"Acampa - Pola paz e o dereito a refuxio\",\"description\":\"Unha iniciativa cidad\u00e1 sen fins de lucro integrada por colectivos sociais, culturais, educativos, veci\u00f1ais, pol\u00edticos, sindicais, art\u00edsticos, de persoas solidarias, de instituci\u00f3ns e empresas con responsabilidade social que te\u00f1en como obxectivo a defensa dos dereitos humanos, o Dereito Internacional Humanitario e o Dereito a Refuxio.\",\"potentialAction\":[{\"@type\":\"SearchAction\",\"target\":{\"@type\":\"EntryPoint\",\"urlTemplate\":\"https:\/\/coruna.redeacampa.org\/en\/?s={search_term_string}\"},\"query-input\":{\"@type\":\"PropertyValueSpecification\",\"valueRequired\":true,\"valueName\":\"search_term_string\"}}],\"inLanguage\":\"en-US\"}]}<\/script>\n<!-- \/ Yoast SEO plugin. -->","yoast_head_json":{"title":"Credits 2020 - Acampa - Pola paz e o dereito a refuxio","robots":{"index":"index","follow":"follow","max-snippet":"max-snippet:-1","max-image-preview":"max-image-preview:large","max-video-preview":"max-video-preview:-1"},"canonical":"https:\/\/coruna.redeacampa.org\/en\/credits-2020\/","og_locale":"en_US","og_type":"article","og_title":"Credits 2020 - Acampa - Pola paz e o dereito a refuxio","og_description":"CREDITS ACAMPA 2020 For peace and the right to refugeGalicia Coordinator Xos\u00e9 Abad Brazil Coordinator C\u00e9lia Regia Rossi Vice-coordinadora Brasil Carmen Blanco Madrid Coordinator Miguel Guerra Portugal Coordinator Isabel Chagas Programming Mercedes I\u00f1iguez Xose\u0301 Abad Economy Marta Rey Social organizations Rub\u00e9n S\u00e1nchez COLLABORATION Hortensia Rossi Carlos Carrio\u0301n Secretariat Carlos Reguera Infrastructures Javier Garc\u00eda Moro Galician [&hellip;]","og_url":"https:\/\/coruna.redeacampa.org\/en\/credits-2020\/","og_site_name":"Acampa - Pola paz e o dereito a refuxio","article_publisher":"https:\/\/www.facebook.com\/acampapolapazeodereitoarefuxio","article_modified_time":"2021-03-01T23:53:49+00:00","twitter_card":"summary_large_image","twitter_site":"@Acampa_polapaz","twitter_misc":{"Est. reading time":"3 minutes"},"schema":{"@context":"https:\/\/schema.org","@graph":[{"@type":"WebPage","@id":"https:\/\/coruna.redeacampa.org\/en\/credits-2020\/","url":"https:\/\/coruna.redeacampa.org\/en\/credits-2020\/","name":"Credits 2020 - Acampa - Pola paz e o dereito a refuxio","isPartOf":{"@id":"https:\/\/coruna.redeacampa.org\/en\/#website"},"datePublished":"2020-12-17T18:11:07+00:00","dateModified":"2021-03-01T23:53:49+00:00","breadcrumb":{"@id":"https:\/\/coruna.redeacampa.org\/en\/credits-2020\/#breadcrumb"},"inLanguage":"en-US","potentialAction":[{"@type":"ReadAction","target":["https:\/\/coruna.redeacampa.org\/en\/credits-2020\/"]}]},{"@type":"BreadcrumbList","@id":"https:\/\/coruna.redeacampa.org\/en\/credits-2020\/#breadcrumb","itemListElement":[{"@type":"ListItem","position":1,"name":"Portada","item":"https:\/\/coruna.redeacampa.org\/en\/home-2-2-2\/"},{"@type":"ListItem","position":2,"name":"Credits 2020"}]},{"@type":"WebSite","@id":"https:\/\/coruna.redeacampa.org\/en\/#website","url":"https:\/\/coruna.redeacampa.org\/en\/","name":"Acampa - Pola paz e o dereito a refuxio","description":"Unha iniciativa cidad\u00e1 sen fins de lucro integrada por colectivos sociais, culturais, educativos, veci\u00f1ais, pol\u00edticos, sindicais, art\u00edsticos, de persoas solidarias, de instituci\u00f3ns e empresas con responsabilidade social que te\u00f1en como obxectivo a defensa dos dereitos humanos, o Dereito Internacional Humanitario e o Dereito a Refuxio.","potentialAction":[{"@type":"SearchAction","target":{"@type":"EntryPoint","urlTemplate":"https:\/\/coruna.redeacampa.org\/en\/?s={search_term_string}"},"query-input":{"@type":"PropertyValueSpecification","valueRequired":true,"valueName":"search_term_string"}}],"inLanguage":"en-US"}]}},"_links":{"self":[{"href":"https:\/\/coruna.redeacampa.org\/en\/wp-json\/wp\/v2\/pages\/46921","targetHints":{"allow":["GET"]}}],"collection":[{"href":"https:\/\/coruna.redeacampa.org\/en\/wp-json\/wp\/v2\/pages"}],"about":[{"href":"https:\/\/coruna.redeacampa.org\/en\/wp-json\/wp\/v2\/types\/page"}],"author":[{"embeddable":true,"href":"https:\/\/coruna.redeacampa.org\/en\/wp-json\/wp\/v2\/users\/2"}],"replies":[{"embeddable":true,"href":"https:\/\/coruna.redeacampa.org\/en\/wp-json\/wp\/v2\/comments?post=46921"}],"version-history":[{"count":0,"href":"https:\/\/coruna.redeacampa.org\/en\/wp-json\/wp\/v2\/pages\/46921\/revisions"}],"wp:attachment":[{"href":"https:\/\/coruna.redeacampa.org\/en\/wp-json\/wp\/v2\/media?parent=46921"}],"wp:term":[{"taxonomy":"category","embeddable":true,"href":"https:\/\/coruna.redeacampa.org\/en\/wp-json\/wp\/v2\/categories?post=46921"},{"taxonomy":"post_tag","embeddable":true,"href":"https:\/\/coruna.redeacampa.org\/en\/wp-json\/wp\/v2\/tags?post=46921"}],"curies":[{"name":"wp","href":"https:\/\/api.w.org\/{rel}","templated":true}]}}