{"id":35823,"date":"2017-06-10T12:06:45","date_gmt":"2017-06-10T10:06:45","guid":{"rendered":"https:\/\/www.acampa.eu\/creditos\/"},"modified":"2021-02-22T22:46:06","modified_gmt":"2021-02-22T21:46:06","slug":"credits-2019","status":"publish","type":"page","link":"https:\/\/coruna.redeacampa.org\/en\/credits-2019\/","title":{"rendered":"Credits 2019"},"content":{"rendered":"<p>[et_pb_section fb_built=&#8221;1&#8243; _builder_version=&#8221;3.22&#8243; background_color=&#8221;#cd1619&#8243; custom_padding=&#8221;30px||30px|&#8221;][et_pb_row _builder_version=&#8221;3.25&#8243; background_size=&#8221;initial&#8221; background_position=&#8221;top_left&#8221; background_repeat=&#8221;repeat&#8221;][et_pb_column type=&#8221;4_4&#8243; _builder_version=&#8221;3.25&#8243; custom_padding=&#8221;|||&#8221; custom_padding__hover=&#8221;|||&#8221;][et_pb_text _builder_version=&#8221;3.29.3&#8243; background_layout=&#8221;dark&#8221; border_style=&#8221;solid&#8221;]<\/p>\n<h1>CREDITS ACAMPA 2019<\/h1>\n<p>For peace and the right to refuge[\/et_pb_text][\/et_pb_column][\/et_pb_row][\/et_pb_section][et_pb_section fb_built=&#8221;1&#8243; admin_label=&#8221;section&#8221; module_class=&#8221;creditos&#8221; _builder_version=&#8221;3.22&#8243; background_color=&#8221;#b6aea3&#8243; background_size=&#8221;initial&#8221; background_repeat=&#8221;repeat&#8221;][et_pb_row _builder_version=&#8221;3.25&#8243; background_size=&#8221;initial&#8221; background_position=&#8221;top_left&#8221; background_repeat=&#8221;repeat&#8221;][et_pb_column type=&#8221;4_4&#8243; _builder_version=&#8221;3.25&#8243; custom_padding=&#8221;|||&#8221; custom_padding__hover=&#8221;|||&#8221;][et_pb_image src=&#8221;https:\/\/coruna.redeacampa.org\/wp-content\/uploads\/Grupal_ACAMPA_2018.jpg&#8221; show_in_lightbox=&#8221;on&#8221; align_tablet=&#8221;center&#8221; align_phone=&#8221;&#8221; align_last_edited=&#8221;on|desktop&#8221; disabled_on=&#8221;off|off|off&#8221; _builder_version=&#8221;3.29.3&#8243; animation_style=&#8221;slide&#8221; animation_direction=&#8221;left&#8221; animation_duration=&#8221;500ms&#8221; animation_intensity_slide=&#8221;10%&#8221; border_style=&#8221;solid&#8221; sticky=&#8221;off&#8221; locked=&#8221;off&#8221;][\/et_pb_image][\/et_pb_column][\/et_pb_row][et_pb_row column_structure=&#8221;1_4,1_4,1_4,1_4&#8243; admin_label=&#8221;row&#8221; _builder_version=&#8221;4.5.0&#8243; background_size=&#8221;initial&#8221; background_position=&#8221;top_left&#8221; background_repeat=&#8221;repeat&#8221;][et_pb_column type=&#8221;1_4&#8243; _builder_version=&#8221;3.25&#8243; custom_padding=&#8221;|||&#8221; custom_padding__hover=&#8221;|||&#8221;][et_pb_text admin_label=&#8221;Coordinador&#8221; _builder_version=&#8221;4.5.0&#8243; border_style=&#8221;solid&#8221;]<\/p>\n<h2>General Coordinator<\/h2>\n<ul>\n<li>Xos\u00e9 Abad<\/li>\n<\/ul>\n<p>[\/et_pb_text][et_pb_text admin_label=&#8221;Organizaci\u00f3ns sociais&#8221; _builder_version=&#8221;4.5.0&#8243;]<\/p>\n<h2>Social organizations<\/h2>\n<ul>\n<li>Rub\u00e9n S\u00e1nchez<\/li>\n<\/ul>\n<h3>COLLABORATION<\/h3>\n<ul>\n<li>Hortensia Rossi<\/li>\n<li>Carlos Carrio\u0301n<\/li>\n<\/ul>\n<p>[\/et_pb_text][et_pb_text admin_label=&#8221;Programaci\u00f3n&#8221; _builder_version=&#8221;4.5.0&#8243;]<\/p>\n<h2>Programming<\/h2>\n<ul>\n<li>Raquel Barbeito<\/li>\n<li>Rosali\u0301a Gutie\u0301rrez<\/li>\n<li>Xose\u0301 Abad<\/li>\n<\/ul>\n<p>[\/et_pb_text][et_pb_text admin_label=&#8221;Log\u00edstica&#8221; _builder_version=&#8221;4.5.0&#8243; border_style=&#8221;solid&#8221;]<\/p>\n<h2>Logistics<\/h2>\n<ul>\n<li>Raquel Barbeito<\/li>\n<li>Rosali\u0301a Gutie\u0301rrez<\/li>\n<\/ul>\n<h3>COLLABORATION<\/h3>\n<ul>\n<li>Le\u0301o Lambert<\/li>\n<li>Beatriz Rocha Parga<\/li>\n<\/ul>\n<p>[\/et_pb_text][et_pb_text admin_label=&#8221;Econom\u00eda&#8221; _builder_version=&#8221;4.5.0&#8243;]<\/p>\n<h2>Econom\u00eda<\/h2>\n<ul>\n<li>Luz Ares Sa\u0301nchez<\/li>\n<\/ul>\n<p>[\/et_pb_text][\/et_pb_column][et_pb_column type=&#8221;1_4&#8243; _builder_version=&#8221;3.25&#8243; custom_padding=&#8221;|||&#8221; custom_padding__hover=&#8221;|||&#8221;][et_pb_text admin_label=&#8221;Relacions institucionais&#8221; _builder_version=&#8221;4.5.0&#8243;]<\/p>\n<h2>Institutional relations<\/h2>\n<ul>\n<li>Bernardo Seoane<\/li>\n<\/ul>\n<p>[\/et_pb_text][et_pb_text admin_label=&#8221;Voluntariado&#8221; _builder_version=&#8221;4.5.0&#8243;]<\/p>\n<h2>Volunteer<\/h2>\n<ul>\n<li>Julia Lago<\/li>\n<li>Hortensia Rossi<\/li>\n<\/ul>\n<p>[\/et_pb_text][et_pb_text admin_label=&#8221;Secretar\u00eda&#8221; _builder_version=&#8221;4.5.0&#8243; border_style=&#8221;solid&#8221;]<\/p>\n<h2>Secretariat<\/h2>\n<ul>\n<li>Carlos Reguera<\/li>\n<\/ul>\n<p>[\/et_pb_text][et_pb_text admin_label=&#8221;Dese\u00f1o&#8221; _builder_version=&#8221;4.5.0&#8243;]<\/p>\n<h2>Design team<\/h2>\n<h3>Coordinator<\/h3>\n<ul>\n<li>Aitana Tub\u00edo<\/li>\n<\/ul>\n<h3>Catalogue<\/h3>\n<ul>\n<li>Aitana Tub\u00edo<\/li>\n<\/ul>\n<h3>Illustrations<\/h3>\n<ul>\n<li>Carlos Gallego<\/li>\n<\/ul>\n<h3>Collaboration<\/h3>\n<ul>\n<li>Claudia Silva<\/li>\n<li>Iago Ferna\u00e1ndez Di\u0301az<\/li>\n<li>Manuel Ben<\/li>\n<li>Adri\u00e1n Varela<\/li>\n<\/ul>\n<p>[\/et_pb_text][et_pb_text admin_label=&#8221;web&#8221; _builder_version=&#8221;4.5.0&#8243; border_style=&#8221;solid&#8221;]<\/p>\n<h2>Website<\/h2>\n<ul>\n<li>Alfonso V\u00e1zquez<\/li>\n<li>Quique Varela<\/li>\n<\/ul>\n<p>[\/et_pb_text][\/et_pb_column][et_pb_column type=&#8221;1_4&#8243; _builder_version=&#8221;3.25&#8243; custom_padding=&#8221;|||&#8221; custom_padding__hover=&#8221;|||&#8221;][et_pb_text admin_label=&#8221;Infraestruturas&#8221; _builder_version=&#8221;4.5.0&#8243;]<\/p>\n<h2>Infrastructure<\/h2>\n<ul>\n<li>Pedro Abad<\/li>\n<li>Colectivo <strong>NOZ<\/strong>\n<ul>\n<li>Federico Garc\u00eda<\/li>\n<li>Brais Gonz\u00e1lez<\/li>\n<li>Javier Garc\u00eda<\/li>\n<\/ul>\n<\/li>\n<\/ul>\n<p>[\/et_pb_text][et_pb_text admin_label=&#8221;Simulacion campo&#8221; _builder_version=&#8221;4.5.0&#8243;]<\/p>\n<h2>Refugee camp simulation<\/h2>\n<h3>Scenographer<\/h3>\n<ul>\n<li>Suso Montero<\/li>\n<\/ul>\n<h3>Mounting Field<\/h3>\n<ul>\n<li>Colectivo <strong>NOZ<\/strong>\n<ul>\n<li>Federico Garc\u00eda<\/li>\n<li>Brais Gonz\u00e1lez<\/li>\n<li>Javier Garc\u00eda<\/li>\n<\/ul>\n<\/li>\n<\/ul>\n<p>[\/et_pb_text][et_pb_text admin_label=&#8221;Galego&#8221; _builder_version=&#8221;4.5.0&#8243;]<\/p>\n<h2>Galician Linguist<\/h2>\n<ul>\n<li>Bego\u00f1a M\u00e9ndez<\/li>\n<\/ul>\n<p>[\/et_pb_text][et_pb_text admin_label=&#8221;traducci\u00f3ns&#8221; _builder_version=&#8221;4.5.0&#8243;]<\/p>\n<h2>English Translations<\/h2>\n<ul>\n<li>Amy Bronwen Eduardes<\/li>\n<li>Robert Peers Edwardes<\/li>\n<\/ul>\n<p>[\/et_pb_text][\/et_pb_column][et_pb_column type=&#8221;1_4&#8243; _builder_version=&#8221;3.25&#8243; custom_padding=&#8221;|||&#8221; custom_padding__hover=&#8221;|||&#8221;][et_pb_text admin_label=&#8221;Medios de comunicaci\u00f3n&#8221; _builder_version=&#8221;4.5.0&#8243;]<\/p>\n<h2>Media Cabinet<\/h2>\n<ul>\n<li><a href=\"https:\/\/www.masstres.es\/inicio.html\" target=\"_blank\" rel=\"noopener noreferrer\">Masstres Comunicaci\u00f3n<\/a><\/li>\n<\/ul>\n<p>[\/et_pb_text][et_pb_text admin_label=&#8221;Audiovisual&#8221; _builder_version=&#8221;4.5.0&#8243; border_style=&#8221;solid&#8221;]<\/p>\n<h2>Audiovisual production<\/h2>\n<ul>\n<li>Clara L\u00f3pez<\/li>\n<li>Laura Cotelo<\/li>\n<li>A\u0301lvaro Bernabe\u0301u<\/li>\n<li>Javier Garc\u00eda Alonso<\/li>\n<\/ul>\n<p>[\/et_pb_text][et_pb_text disabled_on=&#8221;off|off|off&#8221; admin_label=&#8221;Memoria v\u00eddeo&#8221; _builder_version=&#8221;4.5.0&#8243; border_style=&#8221;solid&#8221;]<\/p>\n<h2>Video memory<\/h2>\n<ul>\n<li>Clara L\u00f3pez<\/li>\n<\/ul>\n<p>[\/et_pb_text][et_pb_text admin_label=&#8221;Asesor\u00eda legal&#8221; _builder_version=&#8221;4.5.0&#8243;]<\/p>\n<h2>Legal Advice<\/h2>\n<ul>\n<li>Enrique Otero<\/li>\n<\/ul>\n<p>[\/et_pb_text][et_pb_text disabled_on=&#8221;on|on|on&#8221; admin_label=&#8221;Gesti\u00f3n de Patrocinios&#8221; _builder_version=&#8221;4.5.0&#8243; disabled=&#8221;on&#8221;]<\/p>\n<h2>Sponsorship<\/h2>\n<h3>Memories<\/h3>\n<ul>\n<li>Carmen Armada<\/li>\n<li>Daniel Ayuso<\/li>\n<\/ul>\n<h3>Sponsorship Management<\/h3>\n<ul>\n<li>Jes\u00fas Caballero<\/li>\n<\/ul>\n<p>[\/et_pb_text][et_pb_text disabled_on=&#8221;off|off|off&#8221; admin_label=&#8221;Colaboran&#8221; _builder_version=&#8221;4.5.0&#8243; border_style=&#8221;solid&#8221; locked=&#8221;off&#8221; collapsed=&#8221;on&#8221;]<\/p>\n<h2>Collaborate<\/h2>\n<ul>\n<li>Mari\u0301a Nu\u0301n\u0303ez<\/li>\n<\/ul>\n<p>[\/et_pb_text][et_pb_text disabled_on=&#8221;on|on|on&#8221; admin_label=&#8221;Voluntarios&#8221; _builder_version=&#8221;3.27.4&#8243; border_style=&#8221;solid&#8221; disabled=&#8221;on&#8221;]<\/p>\n<h2>Volunteers<\/h2>\n<ul>\n<li>Asunci\u00f3n de La Pe\u00f1a Mart\u00edn<\/li>\n<li>Iria del Campo Vera<\/li>\n<li>Inmaculada Sangiao Bastida<\/li>\n<li>Rexina Basade Orozco<\/li>\n<li>Margarita Gonzalez Varela<\/li>\n<li>Juan Froj\u00e1n Castro<\/li>\n<li>Helena Gomoll\u00f3n Guevara<\/li>\n<li>Carla Brenlla Lorenzo<\/li>\n<li>Clara Rodriguez Gonz\u00e1lez<\/li>\n<li>Sonia Rodr\u00edguez Beltr\u00e1n<\/li>\n<li>Irene Garc\u00eda Paz<\/li>\n<li>Ana Fraga Vila<\/li>\n<li>Natalia San Vicente Pellicer<\/li>\n<li>Viru Lebedynski Mena<\/li>\n<li>Felipe Gutierrez Fern\u00e1ndez<\/li>\n<li>Jos\u00e9 Juan Jimenez Martinez<\/li>\n<li>Daniel Amor Garc\u00eda<\/li>\n<li>Paula Scapinachis Viacava<\/li>\n<li>Alejandra Seoane Rial<\/li>\n<li>Mario Rodriguez Gala<\/li>\n<li>Anuncio Moro\u00f1o Noia<\/li>\n<li>Julia Lago Fernandez-Couto<\/li>\n<li>Pilar Izquierdo Bernardo<\/li>\n<li>Sara Bravo Prado<\/li>\n<li>Marcos Fernandez Cea<\/li>\n<li>Fernando Mart\u00ednez Veiga<\/li>\n<li>Juan Manuel Regos Rios<\/li>\n<li>Manuel Villares Creo<\/li>\n<li>Celia Mar\u00eda L\u00f3pez Carballido<\/li>\n<li>Camilo Uran Pico<\/li>\n<li>Tania Rivera Castro<\/li>\n<li>Hortensia Rosi<\/li>\n<li>Enrique Otero Seivane<\/li>\n<li>Cecilia Garcia Carrara<\/li>\n<li>Luz Marina N\u00fa\u00f1ez Fern\u00e1ndez<\/li>\n<li>Marta Sicre<\/li>\n<li>Marta Rioboo Bascoy<\/li>\n<li>Ic\u00eda Becerra Paz<\/li>\n<li>Nora y Jose<\/li>\n<\/ul>\n<p>[\/et_pb_text][et_pb_text disabled_on=&#8221;on|on|on&#8221; admin_label=&#8221;Redes sociais&#8221; _builder_version=&#8221;3.27.4&#8243; disabled=&#8221;on&#8221; locked=&#8221;off&#8221;]<\/p>\n<h2>Social Networking<\/h2>\n<ul>\n<li>Rom\u00e1n Bello<\/li>\n<\/ul>\n<p>[\/et_pb_text][\/et_pb_column][\/et_pb_row][\/et_pb_section]<\/p>\n","protected":false},"excerpt":{"rendered":"<p>CREDITS ACAMPA 2019 For peace and the right to refugeGeneral Coordinator Xos\u00e9 Abad Social organizations Rub\u00e9n S\u00e1nchez COLLABORATION Hortensia Rossi Carlos Carrio\u0301n Programming Raquel Barbeito Rosali\u0301a Gutie\u0301rrez Xose\u0301 Abad Logistics Raquel Barbeito Rosali\u0301a Gutie\u0301rrez COLLABORATION Le\u0301o Lambert Beatriz Rocha Parga Econom\u00eda Luz Ares Sa\u0301nchez Institutional relations Bernardo Seoane Volunteer Julia Lago Hortensia Rossi Secretariat Carlos [&hellip;]<\/p>\n","protected":false},"author":2,"featured_media":0,"parent":0,"menu_order":0,"comment_status":"closed","ping_status":"closed","template":"","meta":{"_et_pb_use_builder":"on","_et_pb_old_content":"","_et_gb_content_width":"","inline_featured_image":false,"footnotes":""},"categories":[383],"tags":[],"class_list":["post-35823","page","type-page","status-publish","hentry","category-acampa-2019-en"],"yoast_head":"<!-- This site is optimized with the Yoast SEO plugin v26.4 - https:\/\/yoast.com\/wordpress\/plugins\/seo\/ -->\n<title>Credits 2019 - Acampa - Pola paz e o dereito a refuxio<\/title>\n<meta name=\"robots\" content=\"index, follow, max-snippet:-1, max-image-preview:large, max-video-preview:-1\" \/>\n<link rel=\"canonical\" href=\"https:\/\/coruna.redeacampa.org\/en\/credits-2019\/\" \/>\n<meta property=\"og:locale\" content=\"en_US\" \/>\n<meta property=\"og:type\" content=\"article\" \/>\n<meta property=\"og:title\" content=\"Credits 2019 - Acampa - Pola paz e o dereito a refuxio\" \/>\n<meta property=\"og:description\" content=\"CREDITS ACAMPA 2019 For peace and the right to refugeGeneral Coordinator Xos\u00e9 Abad Social organizations Rub\u00e9n S\u00e1nchez COLLABORATION Hortensia Rossi Carlos Carrio\u0301n Programming Raquel Barbeito Rosali\u0301a Gutie\u0301rrez Xose\u0301 Abad Logistics Raquel Barbeito Rosali\u0301a Gutie\u0301rrez COLLABORATION Le\u0301o Lambert Beatriz Rocha Parga Econom\u00eda Luz Ares Sa\u0301nchez Institutional relations Bernardo Seoane Volunteer Julia Lago Hortensia Rossi Secretariat Carlos [&hellip;]\" \/>\n<meta property=\"og:url\" content=\"https:\/\/coruna.redeacampa.org\/en\/credits-2019\/\" \/>\n<meta property=\"og:site_name\" content=\"Acampa - Pola paz e o dereito a refuxio\" \/>\n<meta property=\"article:publisher\" content=\"https:\/\/www.facebook.com\/acampapolapazeodereitoarefuxio\" \/>\n<meta property=\"article:modified_time\" content=\"2021-02-22T21:46:06+00:00\" \/>\n<meta name=\"twitter:card\" content=\"summary_large_image\" \/>\n<meta name=\"twitter:site\" content=\"@Acampa_polapaz\" \/>\n<meta name=\"twitter:label1\" content=\"Est. reading time\" \/>\n\t<meta name=\"twitter:data1\" content=\"5 minutes\" \/>\n<script type=\"application\/ld+json\" class=\"yoast-schema-graph\">{\"@context\":\"https:\/\/schema.org\",\"@graph\":[{\"@type\":\"WebPage\",\"@id\":\"https:\/\/coruna.redeacampa.org\/en\/credits-2019\/\",\"url\":\"https:\/\/coruna.redeacampa.org\/en\/credits-2019\/\",\"name\":\"Credits 2019 - Acampa - Pola paz e o dereito a refuxio\",\"isPartOf\":{\"@id\":\"https:\/\/coruna.redeacampa.org\/en\/#website\"},\"datePublished\":\"2017-06-10T10:06:45+00:00\",\"dateModified\":\"2021-02-22T21:46:06+00:00\",\"breadcrumb\":{\"@id\":\"https:\/\/coruna.redeacampa.org\/en\/credits-2019\/#breadcrumb\"},\"inLanguage\":\"en-US\",\"potentialAction\":[{\"@type\":\"ReadAction\",\"target\":[\"https:\/\/coruna.redeacampa.org\/en\/credits-2019\/\"]}]},{\"@type\":\"BreadcrumbList\",\"@id\":\"https:\/\/coruna.redeacampa.org\/en\/credits-2019\/#breadcrumb\",\"itemListElement\":[{\"@type\":\"ListItem\",\"position\":1,\"name\":\"Portada\",\"item\":\"https:\/\/coruna.redeacampa.org\/en\/home-2-2-2\/\"},{\"@type\":\"ListItem\",\"position\":2,\"name\":\"Credits 2019\"}]},{\"@type\":\"WebSite\",\"@id\":\"https:\/\/coruna.redeacampa.org\/en\/#website\",\"url\":\"https:\/\/coruna.redeacampa.org\/en\/\",\"name\":\"Acampa - Pola paz e o dereito a refuxio\",\"description\":\"Unha iniciativa cidad\u00e1 sen fins de lucro integrada por colectivos sociais, culturais, educativos, veci\u00f1ais, pol\u00edticos, sindicais, art\u00edsticos, de persoas solidarias, de instituci\u00f3ns e empresas con responsabilidade social que te\u00f1en como obxectivo a defensa dos dereitos humanos, o Dereito Internacional Humanitario e o Dereito a Refuxio.\",\"potentialAction\":[{\"@type\":\"SearchAction\",\"target\":{\"@type\":\"EntryPoint\",\"urlTemplate\":\"https:\/\/coruna.redeacampa.org\/en\/?s={search_term_string}\"},\"query-input\":{\"@type\":\"PropertyValueSpecification\",\"valueRequired\":true,\"valueName\":\"search_term_string\"}}],\"inLanguage\":\"en-US\"}]}<\/script>\n<!-- \/ Yoast SEO plugin. -->","yoast_head_json":{"title":"Credits 2019 - Acampa - Pola paz e o dereito a refuxio","robots":{"index":"index","follow":"follow","max-snippet":"max-snippet:-1","max-image-preview":"max-image-preview:large","max-video-preview":"max-video-preview:-1"},"canonical":"https:\/\/coruna.redeacampa.org\/en\/credits-2019\/","og_locale":"en_US","og_type":"article","og_title":"Credits 2019 - Acampa - Pola paz e o dereito a refuxio","og_description":"CREDITS ACAMPA 2019 For peace and the right to refugeGeneral Coordinator Xos\u00e9 Abad Social organizations Rub\u00e9n S\u00e1nchez COLLABORATION Hortensia Rossi Carlos Carrio\u0301n Programming Raquel Barbeito Rosali\u0301a Gutie\u0301rrez Xose\u0301 Abad Logistics Raquel Barbeito Rosali\u0301a Gutie\u0301rrez COLLABORATION Le\u0301o Lambert Beatriz Rocha Parga Econom\u00eda Luz Ares Sa\u0301nchez Institutional relations Bernardo Seoane Volunteer Julia Lago Hortensia Rossi Secretariat Carlos [&hellip;]","og_url":"https:\/\/coruna.redeacampa.org\/en\/credits-2019\/","og_site_name":"Acampa - Pola paz e o dereito a refuxio","article_publisher":"https:\/\/www.facebook.com\/acampapolapazeodereitoarefuxio","article_modified_time":"2021-02-22T21:46:06+00:00","twitter_card":"summary_large_image","twitter_site":"@Acampa_polapaz","twitter_misc":{"Est. reading time":"5 minutes"},"schema":{"@context":"https:\/\/schema.org","@graph":[{"@type":"WebPage","@id":"https:\/\/coruna.redeacampa.org\/en\/credits-2019\/","url":"https:\/\/coruna.redeacampa.org\/en\/credits-2019\/","name":"Credits 2019 - Acampa - Pola paz e o dereito a refuxio","isPartOf":{"@id":"https:\/\/coruna.redeacampa.org\/en\/#website"},"datePublished":"2017-06-10T10:06:45+00:00","dateModified":"2021-02-22T21:46:06+00:00","breadcrumb":{"@id":"https:\/\/coruna.redeacampa.org\/en\/credits-2019\/#breadcrumb"},"inLanguage":"en-US","potentialAction":[{"@type":"ReadAction","target":["https:\/\/coruna.redeacampa.org\/en\/credits-2019\/"]}]},{"@type":"BreadcrumbList","@id":"https:\/\/coruna.redeacampa.org\/en\/credits-2019\/#breadcrumb","itemListElement":[{"@type":"ListItem","position":1,"name":"Portada","item":"https:\/\/coruna.redeacampa.org\/en\/home-2-2-2\/"},{"@type":"ListItem","position":2,"name":"Credits 2019"}]},{"@type":"WebSite","@id":"https:\/\/coruna.redeacampa.org\/en\/#website","url":"https:\/\/coruna.redeacampa.org\/en\/","name":"Acampa - Pola paz e o dereito a refuxio","description":"Unha iniciativa cidad\u00e1 sen fins de lucro integrada por colectivos sociais, culturais, educativos, veci\u00f1ais, pol\u00edticos, sindicais, art\u00edsticos, de persoas solidarias, de instituci\u00f3ns e empresas con responsabilidade social que te\u00f1en como obxectivo a defensa dos dereitos humanos, o Dereito Internacional Humanitario e o Dereito a Refuxio.","potentialAction":[{"@type":"SearchAction","target":{"@type":"EntryPoint","urlTemplate":"https:\/\/coruna.redeacampa.org\/en\/?s={search_term_string}"},"query-input":{"@type":"PropertyValueSpecification","valueRequired":true,"valueName":"search_term_string"}}],"inLanguage":"en-US"}]}},"_links":{"self":[{"href":"https:\/\/coruna.redeacampa.org\/en\/wp-json\/wp\/v2\/pages\/35823","targetHints":{"allow":["GET"]}}],"collection":[{"href":"https:\/\/coruna.redeacampa.org\/en\/wp-json\/wp\/v2\/pages"}],"about":[{"href":"https:\/\/coruna.redeacampa.org\/en\/wp-json\/wp\/v2\/types\/page"}],"author":[{"embeddable":true,"href":"https:\/\/coruna.redeacampa.org\/en\/wp-json\/wp\/v2\/users\/2"}],"replies":[{"embeddable":true,"href":"https:\/\/coruna.redeacampa.org\/en\/wp-json\/wp\/v2\/comments?post=35823"}],"version-history":[{"count":0,"href":"https:\/\/coruna.redeacampa.org\/en\/wp-json\/wp\/v2\/pages\/35823\/revisions"}],"wp:attachment":[{"href":"https:\/\/coruna.redeacampa.org\/en\/wp-json\/wp\/v2\/media?parent=35823"}],"wp:term":[{"taxonomy":"category","embeddable":true,"href":"https:\/\/coruna.redeacampa.org\/en\/wp-json\/wp\/v2\/categories?post=35823"},{"taxonomy":"post_tag","embeddable":true,"href":"https:\/\/coruna.redeacampa.org\/en\/wp-json\/wp\/v2\/tags?post=35823"}],"curies":[{"name":"wp","href":"https:\/\/api.w.org\/{rel}","templated":true}]}}