{"id":33447,"date":"2017-05-02T09:50:15","date_gmt":"2017-05-02T07:50:15","guid":{"rendered":"https:\/\/www.acampa.eu\/financiacion\/"},"modified":"2021-03-02T02:44:47","modified_gmt":"2021-03-02T01:44:47","slug":"financing","status":"publish","type":"page","link":"https:\/\/coruna.redeacampa.org\/en\/financing\/","title":{"rendered":"Financing"},"content":{"rendered":"<p>[et_pb_section fb_built=&#8221;1&#8243; fullwidth=&#8221;on&#8221; custom_padding_last_edited=&#8221;on|desktop&#8221; next_background_color=&#8221;#ffffff&#8221; admin_label=&#8221;section&#8221; _builder_version=&#8221;3.0.74&#8243; background_color=&#8221;#cd1619&#8243; custom_padding_tablet=&#8221;50px|0|50px|0&#8243; transparent_background=&#8221;off&#8221; padding_mobile=&#8221;off&#8221;][et_pb_fullwidth_header title=&#8221;How does Acampa is financed?&#8221; subhead=&#8221;For peace and the right to refuge&#8221; _builder_version=&#8221;3.16&#8243; title_font=&#8221;|on|||&#8221; subhead_font=&#8221;||on||&#8221; background_color=&#8221;rgba(255, 255, 255, 0)&#8221; button_one_border_radius_hover=&#8221;0&#8243; button_two_border_radius_hover=&#8221;0&#8243; button_one_letter_spacing_hover=&#8221;0&#8243; button_two_letter_spacing_hover=&#8221;0&#8243; button_one_text_size__hover_enabled=&#8221;off&#8221; button_two_text_size__hover_enabled=&#8221;off&#8221; button_one_text_color__hover_enabled=&#8221;off&#8221; button_two_text_color__hover_enabled=&#8221;off&#8221; button_one_border_width__hover_enabled=&#8221;off&#8221; button_two_border_width__hover_enabled=&#8221;off&#8221; button_one_border_color__hover_enabled=&#8221;off&#8221; button_two_border_color__hover_enabled=&#8221;off&#8221; button_one_border_radius__hover_enabled=&#8221;on&#8221; button_one_border_radius__hover=&#8221;0&#8243; button_two_border_radius__hover_enabled=&#8221;on&#8221; button_two_border_radius__hover=&#8221;0&#8243; button_one_letter_spacing__hover_enabled=&#8221;on&#8221; button_one_letter_spacing__hover=&#8221;0&#8243; button_two_letter_spacing__hover_enabled=&#8221;on&#8221; button_two_letter_spacing__hover=&#8221;0&#8243; button_one_bg_color__hover_enabled=&#8221;off&#8221; button_two_bg_color__hover_enabled=&#8221;off&#8221;][\/et_pb_fullwidth_header][\/et_pb_section][et_pb_section fb_built=&#8221;1&#8243; _builder_version=&#8221;3.19.13&#8243;][et_pb_row _builder_version=&#8221;3.19.13&#8243;][et_pb_column type=&#8221;4_4&#8243; _builder_version=&#8221;3.19.13&#8243;][et_pb_text _builder_version=&#8221;3.0.87&#8243; background_size=&#8221;initial&#8221; background_position=&#8221;top_left&#8221; background_repeat=&#8221;repeat&#8221; use_border_color=&#8221;off&#8221; border_color=&#8221;#ffffff&#8221; border_style=&#8221;solid&#8221;]<strong><span style=\"color: #cd1619;\">Acampa por la paz y el derecho a refugio<\/span> <\/strong>is an initiative to raise public awareness, creating a web to exchange information that serves to counteract, as far as possible, all the disinformation provided by big media. We are working to strengthen the united action of organizations and people and, using checked and direct information, sensitize and call up a lot of young people to defend human rights.<\/p>\n<p>The attention provided to refugees that are the focus of attention of committed people and organizations, could be approached in several ways: direct attention to their basic needs and also, and fundamental, citizen pressure to governments that must observe their own commitments related to refugee people that, in many cases, are waiting for months to have a chance to live in an independent way. Refugee people only want to go back to their lives, in peace; meanwhile, they demand a chance to restart their lives based in their own work. This activity of citizen and political pressure is basic to revert this situation of institutional abandonment.<\/p>\n<p>In order to focus media attention in humanitarian crisis of refugee people and achieve a big percentage of social weave, we organized a meeting of people, victims, NGOs, volunteers, experts, and many others that contribute with their work and experience.<\/p>\n<p><strong><span style=\"color: #cd1619;\">Acampa por la paz y el derecho a refugio<\/span><\/strong>, as a nonprofit organization is fed by volunteer work of dozens of specialized people that compose the work teams, contributing with their energy and knowledge to carry out this project. And even so, we need to collect funds to meet the infrastructure needs in order to be able to attract people attention and to be able to organize several activities in the city: exhibitions, workshops, meetings, conferences, guided visits to the camp, activities for children, etc.<\/p>\n<p><strong><span style=\"color: #cd1619;\">Acampa<\/span> <\/strong>has not paid professionals, nor own infrastructure and daily working spending are assumed by our volunteers.<\/p>\n<p><strong><span style=\"color: #cd1619;\">Acampa<\/span><\/strong> obtains funds using different ways: thanks to people and organizations donations that join our web, also by micro- patronage campaigns, proposing the project to official announcement, also due to companies\u2019 donations and pay in kind.<\/p>\n<p>The funds we get don\u2019t compete against with other designated to welfare work of other organizations of our web, nor even against other organizations working in the area.<\/p>\n<p><strong><span style=\"color: #cd1619;\">Acampa<\/span> <\/strong>aim is to be able of evidence the enormous lack of care of government for refugee suffering that are fleeing of conflicts caused this these governments and this task implies an enormous commitment of the people and the organizations that take part in Acampa. Revealing this evidence requires not only volunteer work but also enough resources to be able to create an event really echoing and in unison.<br \/>\n[\/et_pb_text][et_pb_image src=&#8221;\/wp-content\/uploads\/2016\/10\/logo_rj.svg&#8221; alt=&#8221;Acampa&#8221; title_text=&#8221;Acampa&#8221; _builder_version=&#8221;3.0.87&#8243; custom_css_main_element=&#8221;max-width: 240px;&#8221; use_border_color=&#8221;off&#8221; border_color=&#8221;#ffffff&#8221; border_style=&#8221;solid&#8221; animation=&#8221;off&#8221; sticky=&#8221;off&#8221;][\/et_pb_image][et_pb_sidebar area=&#8221;et_pb_widget_area_8&#8243; show_border=&#8221;off&#8221; admin_label=&#8221;crowfunding&#8221; module_class=&#8221;crow&#8221; _builder_version=&#8221;3.0.74&#8243; custom_css_main_element=&#8221;padding: 20px;||border: 1px solid #CCC;&#8221; remove_border=&#8221;on&#8221; locked=&#8221;off&#8221;][\/et_pb_sidebar][\/et_pb_column][\/et_pb_row][\/et_pb_section]<\/p>\n","protected":false},"excerpt":{"rendered":"<p>Acampa por la paz y el derecho a refugio is an initiative to raise public awareness, creating a web to exchange information that serves to counteract, as far as possible, all the disinformation provided by big media. We are working to strengthen the united action of organizations and people and, using checked and direct information, [&hellip;]<\/p>\n","protected":false},"author":1,"featured_media":0,"parent":0,"menu_order":101,"comment_status":"closed","ping_status":"closed","template":"","meta":{"_et_pb_use_builder":"on","_et_pb_old_content":"","_et_gb_content_width":"","inline_featured_image":false,"footnotes":""},"categories":[393],"tags":[],"class_list":["post-33447","page","type-page","status-publish","hentry","category-acampa-secundario-en"],"yoast_head":"<!-- This site is optimized with the Yoast SEO plugin v26.4 - https:\/\/yoast.com\/wordpress\/plugins\/seo\/ -->\n<title>Financing - Acampa - Pola paz e o dereito a refuxio<\/title>\n<meta name=\"robots\" content=\"index, follow, max-snippet:-1, max-image-preview:large, max-video-preview:-1\" \/>\n<link rel=\"canonical\" href=\"https:\/\/coruna.redeacampa.org\/en\/financing\/\" \/>\n<meta property=\"og:locale\" content=\"en_US\" \/>\n<meta property=\"og:type\" content=\"article\" \/>\n<meta property=\"og:title\" content=\"Financing - Acampa - Pola paz e o dereito a refuxio\" \/>\n<meta property=\"og:description\" content=\"Acampa por la paz y el derecho a refugio is an initiative to raise public awareness, creating a web to exchange information that serves to counteract, as far as possible, all the disinformation provided by big media. We are working to strengthen the united action of organizations and people and, using checked and direct information, [&hellip;]\" \/>\n<meta property=\"og:url\" content=\"https:\/\/coruna.redeacampa.org\/en\/financing\/\" \/>\n<meta property=\"og:site_name\" content=\"Acampa - Pola paz e o dereito a refuxio\" \/>\n<meta property=\"article:publisher\" content=\"https:\/\/www.facebook.com\/acampapolapazeodereitoarefuxio\" \/>\n<meta property=\"article:modified_time\" content=\"2021-03-02T01:44:47+00:00\" \/>\n<meta name=\"twitter:card\" content=\"summary_large_image\" \/>\n<meta name=\"twitter:site\" content=\"@Acampa_polapaz\" \/>\n<meta name=\"twitter:label1\" content=\"Est. reading time\" \/>\n\t<meta name=\"twitter:data1\" content=\"4 minutes\" \/>\n<script type=\"application\/ld+json\" class=\"yoast-schema-graph\">{\"@context\":\"https:\/\/schema.org\",\"@graph\":[{\"@type\":\"WebPage\",\"@id\":\"https:\/\/coruna.redeacampa.org\/en\/financing\/\",\"url\":\"https:\/\/coruna.redeacampa.org\/en\/financing\/\",\"name\":\"Financing - Acampa - Pola paz e o dereito a refuxio\",\"isPartOf\":{\"@id\":\"https:\/\/coruna.redeacampa.org\/en\/#website\"},\"datePublished\":\"2017-05-02T07:50:15+00:00\",\"dateModified\":\"2021-03-02T01:44:47+00:00\",\"breadcrumb\":{\"@id\":\"https:\/\/coruna.redeacampa.org\/en\/financing\/#breadcrumb\"},\"inLanguage\":\"en-US\",\"potentialAction\":[{\"@type\":\"ReadAction\",\"target\":[\"https:\/\/coruna.redeacampa.org\/en\/financing\/\"]}]},{\"@type\":\"BreadcrumbList\",\"@id\":\"https:\/\/coruna.redeacampa.org\/en\/financing\/#breadcrumb\",\"itemListElement\":[{\"@type\":\"ListItem\",\"position\":1,\"name\":\"Portada\",\"item\":\"https:\/\/coruna.redeacampa.org\/en\/home-2-2-2\/\"},{\"@type\":\"ListItem\",\"position\":2,\"name\":\"Financing\"}]},{\"@type\":\"WebSite\",\"@id\":\"https:\/\/coruna.redeacampa.org\/en\/#website\",\"url\":\"https:\/\/coruna.redeacampa.org\/en\/\",\"name\":\"Acampa - Pola paz e o dereito a refuxio\",\"description\":\"Unha iniciativa cidad\u00e1 sen fins de lucro integrada por colectivos sociais, culturais, educativos, veci\u00f1ais, pol\u00edticos, sindicais, art\u00edsticos, de persoas solidarias, de instituci\u00f3ns e empresas con responsabilidade social que te\u00f1en como obxectivo a defensa dos dereitos humanos, o Dereito Internacional Humanitario e o Dereito a Refuxio.\",\"potentialAction\":[{\"@type\":\"SearchAction\",\"target\":{\"@type\":\"EntryPoint\",\"urlTemplate\":\"https:\/\/coruna.redeacampa.org\/en\/?s={search_term_string}\"},\"query-input\":{\"@type\":\"PropertyValueSpecification\",\"valueRequired\":true,\"valueName\":\"search_term_string\"}}],\"inLanguage\":\"en-US\"}]}<\/script>\n<!-- \/ Yoast SEO plugin. -->","yoast_head_json":{"title":"Financing - Acampa - Pola paz e o dereito a refuxio","robots":{"index":"index","follow":"follow","max-snippet":"max-snippet:-1","max-image-preview":"max-image-preview:large","max-video-preview":"max-video-preview:-1"},"canonical":"https:\/\/coruna.redeacampa.org\/en\/financing\/","og_locale":"en_US","og_type":"article","og_title":"Financing - Acampa - Pola paz e o dereito a refuxio","og_description":"Acampa por la paz y el derecho a refugio is an initiative to raise public awareness, creating a web to exchange information that serves to counteract, as far as possible, all the disinformation provided by big media. We are working to strengthen the united action of organizations and people and, using checked and direct information, [&hellip;]","og_url":"https:\/\/coruna.redeacampa.org\/en\/financing\/","og_site_name":"Acampa - Pola paz e o dereito a refuxio","article_publisher":"https:\/\/www.facebook.com\/acampapolapazeodereitoarefuxio","article_modified_time":"2021-03-02T01:44:47+00:00","twitter_card":"summary_large_image","twitter_site":"@Acampa_polapaz","twitter_misc":{"Est. reading time":"4 minutes"},"schema":{"@context":"https:\/\/schema.org","@graph":[{"@type":"WebPage","@id":"https:\/\/coruna.redeacampa.org\/en\/financing\/","url":"https:\/\/coruna.redeacampa.org\/en\/financing\/","name":"Financing - Acampa - Pola paz e o dereito a refuxio","isPartOf":{"@id":"https:\/\/coruna.redeacampa.org\/en\/#website"},"datePublished":"2017-05-02T07:50:15+00:00","dateModified":"2021-03-02T01:44:47+00:00","breadcrumb":{"@id":"https:\/\/coruna.redeacampa.org\/en\/financing\/#breadcrumb"},"inLanguage":"en-US","potentialAction":[{"@type":"ReadAction","target":["https:\/\/coruna.redeacampa.org\/en\/financing\/"]}]},{"@type":"BreadcrumbList","@id":"https:\/\/coruna.redeacampa.org\/en\/financing\/#breadcrumb","itemListElement":[{"@type":"ListItem","position":1,"name":"Portada","item":"https:\/\/coruna.redeacampa.org\/en\/home-2-2-2\/"},{"@type":"ListItem","position":2,"name":"Financing"}]},{"@type":"WebSite","@id":"https:\/\/coruna.redeacampa.org\/en\/#website","url":"https:\/\/coruna.redeacampa.org\/en\/","name":"Acampa - Pola paz e o dereito a refuxio","description":"Unha iniciativa cidad\u00e1 sen fins de lucro integrada por colectivos sociais, culturais, educativos, veci\u00f1ais, pol\u00edticos, sindicais, art\u00edsticos, de persoas solidarias, de instituci\u00f3ns e empresas con responsabilidade social que te\u00f1en como obxectivo a defensa dos dereitos humanos, o Dereito Internacional Humanitario e o Dereito a Refuxio.","potentialAction":[{"@type":"SearchAction","target":{"@type":"EntryPoint","urlTemplate":"https:\/\/coruna.redeacampa.org\/en\/?s={search_term_string}"},"query-input":{"@type":"PropertyValueSpecification","valueRequired":true,"valueName":"search_term_string"}}],"inLanguage":"en-US"}]}},"_links":{"self":[{"href":"https:\/\/coruna.redeacampa.org\/en\/wp-json\/wp\/v2\/pages\/33447","targetHints":{"allow":["GET"]}}],"collection":[{"href":"https:\/\/coruna.redeacampa.org\/en\/wp-json\/wp\/v2\/pages"}],"about":[{"href":"https:\/\/coruna.redeacampa.org\/en\/wp-json\/wp\/v2\/types\/page"}],"author":[{"embeddable":true,"href":"https:\/\/coruna.redeacampa.org\/en\/wp-json\/wp\/v2\/users\/1"}],"replies":[{"embeddable":true,"href":"https:\/\/coruna.redeacampa.org\/en\/wp-json\/wp\/v2\/comments?post=33447"}],"version-history":[{"count":0,"href":"https:\/\/coruna.redeacampa.org\/en\/wp-json\/wp\/v2\/pages\/33447\/revisions"}],"wp:attachment":[{"href":"https:\/\/coruna.redeacampa.org\/en\/wp-json\/wp\/v2\/media?parent=33447"}],"wp:term":[{"taxonomy":"category","embeddable":true,"href":"https:\/\/coruna.redeacampa.org\/en\/wp-json\/wp\/v2\/categories?post=33447"},{"taxonomy":"post_tag","embeddable":true,"href":"https:\/\/coruna.redeacampa.org\/en\/wp-json\/wp\/v2\/tags?post=33447"}],"curies":[{"name":"wp","href":"https:\/\/api.w.org\/{rel}","templated":true}]}}